{"id":7197,"date":"2022-09-02T12:18:12","date_gmt":"2022-09-02T10:18:12","guid":{"rendered":"https:\/\/peinturessara.com\/?post_type=product&#038;p=7197"},"modified":"2023-12-13T11:57:24","modified_gmt":"2023-12-13T10:57:24","slug":"epoxy-sol-finition-avec-solvant","status":"publish","type":"product","link":"https:\/\/peinturessara.com\/ar\/?product=epoxy-sol-finition-avec-solvant","title":{"rendered":"\u0625\u064a\u0628\u0648\u0643\u0633\u064a \u0623\u0631\u0636\u064a"},"content":{"rendered":"<p><span style=\"color: #808000;\"><em><strong>Caract\u00e9ristiques techniques:<\/strong><\/em><\/span><\/p>\n<p>&nbsp;<\/p>\n<table style=\"height: 289px; width: 808px; float: left;\">\n<tbody>\n<tr>\n<td style=\"background-color: #f6f6f4; border: 1px solid #ffffff;\"><em><span style=\"color: #000000;\"><strong><span style=\"font-size: 12pt; color: #000000;\">Dilution<\/span><\/strong><\/span><\/em><\/td>\n<td style=\"background-color: #f6f6f4; border: 1px solid #ffffff;\"><span style=\"font-size: 12pt;\">\u00a0<span style=\"color: #000000;\">Diluant \u00e9poxy<\/span><\/span><\/td>\n<\/tr>\n<tr>\n<td style=\"background-color: #f6f6f4; border: 1px solid #ffffff;\"><em><span style=\"color: #000000;\"><strong><span style=\"font-size: 12pt; color: #000000;\">Aspect du film<\/span><\/strong><\/span><\/em><\/td>\n<td style=\"background-color: #f6f6f4; border: 1px solid #ffffff;\"><span style=\"font-size: 12pt;\">\u00a0<span style=\"color: #000000;\">brillant<\/span><\/span><\/td>\n<\/tr>\n<tr>\n<td style=\"background-color: #f6f6f4; border: 1px solid #ffffff;\"><em><span style=\"color: #000000;\"><strong><span style=\"font-size: 12pt;\">S\u00e9chage<\/span><\/strong><\/span><\/em><\/td>\n<td style=\"background-color: #f6f6f4; border: 1px solid #ffffff;\"><span style=\"font-size: 12pt;\">\u00a0<span style=\"color: #000000;\">sec : 12 heures \/ Dur : 24 heures<\/span><\/span><\/td>\n<\/tr>\n<tr>\n<td style=\"background-color: #f6f6f4; border: 1px solid #ffffff;\"><em><span style=\"color: #000000;\"><strong><span style=\"font-size: 12pt;\">Teinte<\/span><\/strong><\/span><\/em><\/td>\n<td style=\"background-color: #f6f6f4; border: 1px solid #ffffff;\"><span style=\"font-size: 12pt;\">\u00a0<span style=\"color: #000000;\">Gris et autres couleurs sur commande<\/span><\/span><\/td>\n<\/tr>\n<tr>\n<td style=\"background-color: #f6f6f4; border: 1px solid #ffffff;\"><span style=\"color: #000000;\"><em><strong><span style=\"font-size: 12pt;\">Rendement<\/span><\/strong><\/em><\/span><\/td>\n<td style=\"background-color: #f6f6f4; border: 1px solid #ffffff;\"><span style=\"font-size: 12pt;\">\u00a0<span style=\"color: #000000;\">3 \u00e0 5 m\u00b2 \/ Kg <\/span><\/span><\/td>\n<\/tr>\n<tr>\n<td style=\"background-color: #f6f6f4; border: 1px solid #ffffff;\"><span style=\"color: #000000;\"><em><strong><span style=\"font-size: 12pt;\">Conditionnement<\/span><\/strong><\/em><\/span><\/td>\n<td style=\"background-color: #f6f6f4; border: 1px solid #ffffff;\"><span style=\"font-size: 12pt;\">\u00a0<span style=\"color: #000000;\">kit 5kg et 20kg<\/span><\/span><\/td>\n<\/tr>\n<tr>\n<td style=\"background-color: #f6f6f4; border: 1px solid #ffffff;\"><span style=\"color: #000000;\"><em><strong><span style=\"font-size: 12pt;\">Mat\u00e9riel d\u2019application<\/span><\/strong><\/em><\/span><\/td>\n<td style=\"background-color: #f6f6f4; border: 1px solid #ffffff;\"><span style=\"font-size: 12pt;\">\u00a0<span style=\"color: #000000;\">Rouleau, pistolet<\/span><\/span><\/td>\n<\/tr>\n<tr>\n<td style=\"background-color: #f6f6f4; border: 1px solid #ffffff;\"><span style=\"color: #000000;\"><em><strong><span style=\"font-size: 12pt;\">Conservation<\/span><\/strong><\/em><\/span><\/td>\n<td style=\"background-color: #f6f6f4; border: 1px solid #ffffff;\"><span style=\"font-size: 12pt;\">\u00a0<span style=\"color: #000000;\">Un an en emballage ferm\u00e9<\/span><\/span><\/td>\n<\/tr>\n<\/tbody>\n<\/table>\n<p>&nbsp;<\/p>\n<p>&nbsp;<\/p>\n<p>&nbsp;<\/p>\n<p>&nbsp;<\/p>\n<p>&nbsp;<\/p>\n<p>&nbsp;<\/p>\n<p>&nbsp;<\/p>\n<p>&nbsp;<\/p>\n<p>&nbsp;<\/p>\n<p>&nbsp;<\/p>\n<p>&nbsp;<\/p>\n<p>&nbsp;<\/p>\n<p>&nbsp;<\/p>\n<p><span style=\"color: #808000;\"><em><strong>Mode d\u2019application:<\/strong><\/em><\/span><\/p>\n<p>&nbsp;<\/p>\n<p><span style=\"color: #000000;font-size: 12pt;\"><strong>&#8211; Pr\u00e9paration de la surface:<\/strong> (b\u00e9tons et sols en ciments).<\/span><\/p>\n<p><span style=\"color: #000000;font-size: 12pt;\">Tout d\u2019abord, il est essentiel d\u2019appr\u00eater la surface en utilisant un VERNIS EPOXY SARA afin d&#8217;am\u00e9liorer l&#8217;adh\u00e9rence de surface et de saturer les pores du b\u00e9ton, les obstruant pour assurer une liaison parfaite avec la surface et garantir l&#8217;absence de bulles dans la finition ult\u00e9rieure.<\/span><\/p>\n<p><strong><span style=\"color: #000000;font-size: 12pt;\">\u00a0 &#8211; Les supports anciens :<\/span><\/strong><\/p>\n<p><span style=\"color: #000000;font-size: 12pt;\">\u00a0 \u00a0 \u00a0<span style=\"color: #800000;font-size: 12pt;\"><strong>\u2022<\/strong><\/span> Grattage, pon\u00e7age et d\u00e9poussi\u00e9rage.<\/span><\/p>\n<p><span style=\"color: #000000;font-size: 12pt;\"><span style=\"color: #800000;font-size: 12pt;\"><strong>\u00a0 \u00a0 \u00a0\u2022 <\/strong><\/span><\/span><span style=\"color: #000000;\">Une couche VERNIS EPOXY SARA.<\/span><\/p>\n<p><span style=\"color: #000000;font-size: 12pt;\"><span style=\"color: #800000;font-size: 12pt;\"><strong>\u00a0 \u00a0 \u00a0\u2022 <\/strong><\/span><\/span><span style=\"color: #000000;\">Une couche EPOXY SOL FINITION dilu\u00e9 \u00e0 10%.<\/span><\/p>\n<p><span style=\"color: #000000;font-size: 12pt;\">\u00a0 \u00a0 \u00a0<strong><span style=\"color: #800000;font-size: 12pt;\">\u2022<\/span><\/strong> Une couche de finition EPOXY SOL FINITION.<\/span><\/p>\n<p><strong><span style=\"color: #000000;font-size: 12pt;\">&#8211; Les supports neufs :<\/span><\/strong><\/p>\n<p><span style=\"color: #000000;font-size: 12pt;\">\u00a0 \u00a0 <strong><span style=\"color: #800000;font-size: 12pt;\">\u2022<\/span><\/strong> Pon\u00e7age et d\u00e9poussi\u00e9rage ; (b\u00e9tons neufs : 28j de s\u00e9chage minimum).<\/span><\/p>\n<p><span style=\"color: #000000;font-size: 12pt;\">\u00a0 \u00a0 <strong><span style=\"color: #800000;font-size: 12pt;\">\u2022<\/span><\/strong> Une couche VERNIS EPOXY SARA.<\/span><\/p>\n<p><span style=\"color: #000000;font-size: 12pt;\">\u00a0 \u00a0 <strong><span style=\"color: #800000;font-size: 12pt;\">\u2022<\/span><\/strong> Une couche EPOXY SOL FINITION dilu\u00e9 \u00e0 10%.<\/span><\/p>\n<p><span style=\"color: #000000;font-size: 12pt;\">\u00a0 \u00a0 <strong><span style=\"color: #800000;font-size: 12pt;\">\u2022<\/span><\/strong> Une couche de finition EPOXY SOL FINITION.<\/span><\/p>\n<p><span style=\"color: #000000;font-size: 12pt;\"><strong>&#8211; Limite d\u2019application :<\/strong><\/span><\/p>\n<p><span style=\"color: #000000;font-size: 12pt;\"><strong><span style=\"color: #800000;font-size: 12pt;\">\u00a0 \u00a0\u2022<\/span><\/strong><\/span><span style=\"color: #000000;\"> Rev\u00eatement EPOXY SOL FINITION AVEC SOLVANT doit \u00eatre appliqu\u00e9 dans des conditions s\u00e8ches en \u00e9vitant la pr\u00e9sence d&#8217;humidit\u00e9 ou de l&#8217;eau.<\/span><\/p>\n<p><span style=\"color: #000000;font-size: 12pt;\"><strong><span style=\"color: #800000;font-size: 12pt;\">\u00a0 \u00a0\u2022<\/span><\/strong><\/span><span style=\"color: #000000;\"> Ne pas appliquer \u00e0 des temp\u00e9ratures inf\u00e9rieures \u00e0 5 \u00b0 C et avec une humidit\u00e9 relative sup\u00e9rieure \u00e0 80%.<\/span><\/p>\n<p><span style=\"color: #000000;font-size: 12pt;\"><strong>&#8211; Pr\u00e9paration du m\u00e9lange :<\/strong><\/span><\/p>\n<p><span style=\"color: #000000;font-size: 12pt;\">\u00a0 \u00a0\u2022 Le m\u00e9lange des 2 composants se fait dans les proportions suivantes : 80% de Base et 20% Durcisseur. <\/span><\/p>\n<p><span style=\"color: #000000;font-size: 12pt;\">\u00a0 \u00a0\u2022 M\u00e9langer la base et le durcisseur avec un agitateur \u00e0 vitesse lente pendant 2 minutes. <\/span><\/p>\n<p><span style=\"color: #000000;font-size: 12pt;\">\u00a0 \u00a0\u2022 Dur\u00e9e de vie du m\u00e9lange : 30 min, d\u00e9pass\u00e9 ce d\u00e9lai le produit prend en masse et devient inutilisable.<\/span><\/p>\n","protected":false},"excerpt":{"rendered":"<p><span style=\"color: #000000;\">EPOXY SOL FINITION AVEC SOLVANT est un Rev\u00eatement \u00e9poxy solvant\u00e9 \u00e0 2 composants \u00e0 haute caract\u00e9ristiques m\u00e9caniques. Destin\u00e9 pour la protection des sols, parkings ou locaux industriels.<\/span><\/p>\n<p><span style=\"color: #000000;\"><strong>Destination:<\/strong>Int\u00e9rieur<\/span><\/p>\n<p><span style=\"color: #000000;\"><strong>Propri\u00e9t\u00e9s:<\/strong><\/span><br \/>\n<span style=\"color: #000000;\"><strong>\u2022<\/strong> Finition Brillante.<\/span><br \/>\n<span style=\"color: #000000;\"><strong>\u2022<\/strong> Haute r\u00e9sistance m\u00e9canique.<\/span><br \/>\n<span style=\"color: #000000;\"><strong>\u2022<\/strong> Grande facilit\u00e9 d&#8217;application.<\/span><\/p>\n<p class=\"p1\">[umea_core_button button_layout=\"textual\" text=\"T\u00e9l\u00e9charger la Fiche Technique\" link=\"https:\/\/peinturessara.com\/wp-content\/uploads\/pdf\/speciaux\/EPOXY-SOL-FINITION-AVEC-SOLVANT.pdf\" color=\"#000\" hover_color=\"#000\" target=\"_blank\"]<\/p>\n<p>&nbsp;<\/p>\n","protected":false},"featured_media":7209,"template":"","meta":[],"product_cat":[91],"product_tag":[],"class_list":{"0":"post-7197","1":"product","2":"type-product","3":"status-publish","4":"has-post-thumbnail","6":"product_cat-produits-speciaux","8":"first","9":"instock","10":"shipping-taxable","11":"product-type-simple"},"yoast_head":"<!-- This site is optimized with the Yoast SEO plugin v21.7 - https:\/\/yoast.com\/wordpress\/plugins\/seo\/ -->\n<title>\u0625\u064a\u0628\u0648\u0643\u0633\u064a \u0623\u0631\u0636\u064a - \u0635\u0628\u0627\u063a\u0627\u062a \u0633\u0627\u0631\u0629<\/title>\n<meta name=\"robots\" content=\"index, follow, max-snippet:-1, max-image-preview:large, max-video-preview:-1\" \/>\n<link rel=\"canonical\" href=\"https:\/\/peinturessara.com\/ar\/?product=epoxy-sol-finition-avec-solvant\" \/>\n<meta property=\"og:locale\" content=\"ar_AR\" \/>\n<meta property=\"og:type\" content=\"article\" \/>\n<meta property=\"og:title\" content=\"\u0625\u064a\u0628\u0648\u0643\u0633\u064a \u0623\u0631\u0636\u064a - \u0635\u0628\u0627\u063a\u0627\u062a \u0633\u0627\u0631\u0629\" \/>\n<meta property=\"og:description\" content=\"EPOXY SOL FINITION AVEC SOLVANT est un Rev\u00eatement \u00e9poxy solvant\u00e9 \u00e0 2 composants \u00e0 haute caract\u00e9ristiques m\u00e9caniques. Destin\u00e9 pour la protection des sols, parkings ou locaux industriels.  Destination:Int\u00e9rieur  Propri\u00e9t\u00e9s: \u2022 Finition Brillante. \u2022 Haute r\u00e9sistance m\u00e9canique. \u2022 Grande facilit\u00e9 d&#039;application.  &nbsp;\" \/>\n<meta property=\"og:url\" content=\"https:\/\/peinturessara.com\/ar\/?product=epoxy-sol-finition-avec-solvant\" \/>\n<meta property=\"og:site_name\" content=\"\u0635\u0628\u0627\u063a\u0627\u062a \u0633\u0627\u0631\u0629\" \/>\n<meta property=\"article:publisher\" content=\"https:\/\/www.facebook.com\/Peinturessara\" \/>\n<meta property=\"article:modified_time\" content=\"2023-12-13T10:57:24+00:00\" \/>\n<meta property=\"og:image\" content=\"https:\/\/peinturessara.com\/ar\/wp-content\/uploads\/2022\/09\/epoxy-sol.png\" \/>\n\t<meta property=\"og:image:width\" content=\"600\" \/>\n\t<meta property=\"og:image:height\" content=\"600\" \/>\n\t<meta property=\"og:image:type\" content=\"image\/png\" \/>\n<meta name=\"twitter:card\" content=\"summary_large_image\" \/>\n<meta name=\"twitter:label1\" content=\"\u0648\u0642\u062a \u0627\u0644\u0642\u0631\u0627\u0621\u0629 \u0627\u0644\u0645\u064f\u0642\u062f\u0651\u0631\" \/>\n\t<meta name=\"twitter:data1\" content=\"\u062f\u0642\u064a\u0642\u062a\u0627\u0646\" \/>\n<script type=\"application\/ld+json\" class=\"yoast-schema-graph\">{\"@context\":\"https:\/\/schema.org\",\"@graph\":[{\"@type\":\"WebPage\",\"@id\":\"https:\/\/peinturessara.com\/ar\/?product=epoxy-sol-finition-avec-solvant\",\"url\":\"https:\/\/peinturessara.com\/ar\/?product=epoxy-sol-finition-avec-solvant\",\"name\":\"\u0625\u064a\u0628\u0648\u0643\u0633\u064a \u0623\u0631\u0636\u064a - \u0635\u0628\u0627\u063a\u0627\u062a \u0633\u0627\u0631\u0629\",\"isPartOf\":{\"@id\":\"https:\/\/peinturessara.com\/ar\/#website\"},\"datePublished\":\"2022-09-02T10:18:12+00:00\",\"dateModified\":\"2023-12-13T10:57:24+00:00\",\"breadcrumb\":{\"@id\":\"https:\/\/peinturessara.com\/ar\/?product=epoxy-sol-finition-avec-solvant#breadcrumb\"},\"inLanguage\":\"ar\",\"potentialAction\":[{\"@type\":\"ReadAction\",\"target\":[\"https:\/\/peinturessara.com\/ar\/?product=epoxy-sol-finition-avec-solvant\"]}]},{\"@type\":\"BreadcrumbList\",\"@id\":\"https:\/\/peinturessara.com\/ar\/?product=epoxy-sol-finition-avec-solvant#breadcrumb\",\"itemListElement\":[{\"@type\":\"ListItem\",\"position\":1,\"name\":\"\u0627\u0644\u0631\u0626\u064a\u0633\u064a\u0629\",\"item\":\"https:\/\/peinturessara.com\/ar\/\"},{\"@type\":\"ListItem\",\"position\":2,\"name\":\"SARA PEINTURES\",\"item\":\"https:\/\/peinturessara.com\/ar\/?page_id=9\"},{\"@type\":\"ListItem\",\"position\":3,\"name\":\"\u0635\u0628\u0627\u063a\u0627\u062a \u062e\u0627\u0635\u0629\",\"item\":\"https:\/\/peinturessara.com\/ar\/product-category\/produits-speciaux\/\"},{\"@type\":\"ListItem\",\"position\":4,\"name\":\"\u0625\u064a\u0628\u0648\u0643\u0633\u064a \u0623\u0631\u0636\u064a\"}]},{\"@type\":\"WebSite\",\"@id\":\"https:\/\/peinturessara.com\/ar\/#website\",\"url\":\"https:\/\/peinturessara.com\/ar\/\",\"name\":\"https:\/\/peinturessara.com\",\"description\":\"Peintures Innovantes\",\"publisher\":{\"@id\":\"https:\/\/peinturessara.com\/ar\/#organization\"},\"potentialAction\":[{\"@type\":\"SearchAction\",\"target\":{\"@type\":\"EntryPoint\",\"urlTemplate\":\"https:\/\/peinturessara.com\/ar\/?s={search_term_string}\"},\"query-input\":\"required name=search_term_string\"}],\"inLanguage\":\"ar\"},{\"@type\":\"Organization\",\"@id\":\"https:\/\/peinturessara.com\/ar\/#organization\",\"name\":\"https:\/\/peinturessara.com\",\"url\":\"https:\/\/peinturessara.com\/ar\/\",\"logo\":{\"@type\":\"ImageObject\",\"inLanguage\":\"ar\",\"@id\":\"https:\/\/peinturessara.com\/ar\/#\/schema\/logo\/image\/\",\"url\":\"https:\/\/peinturessara.com\/wp-content\/uploads\/2022\/05\/logo-sara.png\",\"contentUrl\":\"https:\/\/peinturessara.com\/wp-content\/uploads\/2022\/05\/logo-sara.png\",\"width\":221,\"height\":65,\"caption\":\"https:\/\/peinturessara.com\"},\"image\":{\"@id\":\"https:\/\/peinturessara.com\/ar\/#\/schema\/logo\/image\/\"},\"sameAs\":[\"https:\/\/www.facebook.com\/Peinturessara\"]}]}<\/script>\n<!-- \/ Yoast SEO plugin. -->","yoast_head_json":{"title":"\u0625\u064a\u0628\u0648\u0643\u0633\u064a \u0623\u0631\u0636\u064a - \u0635\u0628\u0627\u063a\u0627\u062a \u0633\u0627\u0631\u0629","robots":{"index":"index","follow":"follow","max-snippet":"max-snippet:-1","max-image-preview":"max-image-preview:large","max-video-preview":"max-video-preview:-1"},"canonical":"https:\/\/peinturessara.com\/ar\/?product=epoxy-sol-finition-avec-solvant","og_locale":"ar_AR","og_type":"article","og_title":"\u0625\u064a\u0628\u0648\u0643\u0633\u064a \u0623\u0631\u0636\u064a - \u0635\u0628\u0627\u063a\u0627\u062a \u0633\u0627\u0631\u0629","og_description":"EPOXY SOL FINITION AVEC SOLVANT est un Rev\u00eatement \u00e9poxy solvant\u00e9 \u00e0 2 composants \u00e0 haute caract\u00e9ristiques m\u00e9caniques. Destin\u00e9 pour la protection des sols, parkings ou locaux industriels.  Destination:Int\u00e9rieur  Propri\u00e9t\u00e9s: \u2022 Finition Brillante. \u2022 Haute r\u00e9sistance m\u00e9canique. \u2022 Grande facilit\u00e9 d'application.  &nbsp;","og_url":"https:\/\/peinturessara.com\/ar\/?product=epoxy-sol-finition-avec-solvant","og_site_name":"\u0635\u0628\u0627\u063a\u0627\u062a \u0633\u0627\u0631\u0629","article_publisher":"https:\/\/www.facebook.com\/Peinturessara","article_modified_time":"2023-12-13T10:57:24+00:00","og_image":[{"width":600,"height":600,"url":"https:\/\/peinturessara.com\/ar\/wp-content\/uploads\/2022\/09\/epoxy-sol.png","type":"image\/png"}],"twitter_card":"summary_large_image","twitter_misc":{"\u0648\u0642\u062a \u0627\u0644\u0642\u0631\u0627\u0621\u0629 \u0627\u0644\u0645\u064f\u0642\u062f\u0651\u0631":"\u062f\u0642\u064a\u0642\u062a\u0627\u0646"},"schema":{"@context":"https:\/\/schema.org","@graph":[{"@type":"WebPage","@id":"https:\/\/peinturessara.com\/ar\/?product=epoxy-sol-finition-avec-solvant","url":"https:\/\/peinturessara.com\/ar\/?product=epoxy-sol-finition-avec-solvant","name":"\u0625\u064a\u0628\u0648\u0643\u0633\u064a \u0623\u0631\u0636\u064a - \u0635\u0628\u0627\u063a\u0627\u062a \u0633\u0627\u0631\u0629","isPartOf":{"@id":"https:\/\/peinturessara.com\/ar\/#website"},"datePublished":"2022-09-02T10:18:12+00:00","dateModified":"2023-12-13T10:57:24+00:00","breadcrumb":{"@id":"https:\/\/peinturessara.com\/ar\/?product=epoxy-sol-finition-avec-solvant#breadcrumb"},"inLanguage":"ar","potentialAction":[{"@type":"ReadAction","target":["https:\/\/peinturessara.com\/ar\/?product=epoxy-sol-finition-avec-solvant"]}]},{"@type":"BreadcrumbList","@id":"https:\/\/peinturessara.com\/ar\/?product=epoxy-sol-finition-avec-solvant#breadcrumb","itemListElement":[{"@type":"ListItem","position":1,"name":"\u0627\u0644\u0631\u0626\u064a\u0633\u064a\u0629","item":"https:\/\/peinturessara.com\/ar\/"},{"@type":"ListItem","position":2,"name":"SARA PEINTURES","item":"https:\/\/peinturessara.com\/ar\/?page_id=9"},{"@type":"ListItem","position":3,"name":"\u0635\u0628\u0627\u063a\u0627\u062a \u062e\u0627\u0635\u0629","item":"https:\/\/peinturessara.com\/ar\/product-category\/produits-speciaux\/"},{"@type":"ListItem","position":4,"name":"\u0625\u064a\u0628\u0648\u0643\u0633\u064a \u0623\u0631\u0636\u064a"}]},{"@type":"WebSite","@id":"https:\/\/peinturessara.com\/ar\/#website","url":"https:\/\/peinturessara.com\/ar\/","name":"https:\/\/peinturessara.com","description":"Peintures Innovantes","publisher":{"@id":"https:\/\/peinturessara.com\/ar\/#organization"},"potentialAction":[{"@type":"SearchAction","target":{"@type":"EntryPoint","urlTemplate":"https:\/\/peinturessara.com\/ar\/?s={search_term_string}"},"query-input":"required name=search_term_string"}],"inLanguage":"ar"},{"@type":"Organization","@id":"https:\/\/peinturessara.com\/ar\/#organization","name":"https:\/\/peinturessara.com","url":"https:\/\/peinturessara.com\/ar\/","logo":{"@type":"ImageObject","inLanguage":"ar","@id":"https:\/\/peinturessara.com\/ar\/#\/schema\/logo\/image\/","url":"https:\/\/peinturessara.com\/wp-content\/uploads\/2022\/05\/logo-sara.png","contentUrl":"https:\/\/peinturessara.com\/wp-content\/uploads\/2022\/05\/logo-sara.png","width":221,"height":65,"caption":"https:\/\/peinturessara.com"},"image":{"@id":"https:\/\/peinturessara.com\/ar\/#\/schema\/logo\/image\/"},"sameAs":["https:\/\/www.facebook.com\/Peinturessara"]}]}},"_links":{"self":[{"href":"https:\/\/peinturessara.com\/ar\/index.php?rest_route=\/wp\/v2\/product\/7197","targetHints":{"allow":["GET"]}}],"collection":[{"href":"https:\/\/peinturessara.com\/ar\/index.php?rest_route=\/wp\/v2\/product"}],"about":[{"href":"https:\/\/peinturessara.com\/ar\/index.php?rest_route=\/wp\/v2\/types\/product"}],"wp:featuredmedia":[{"embeddable":true,"href":"https:\/\/peinturessara.com\/ar\/index.php?rest_route=\/wp\/v2\/media\/7209"}],"wp:attachment":[{"href":"https:\/\/peinturessara.com\/ar\/index.php?rest_route=%2Fwp%2Fv2%2Fmedia&parent=7197"}],"wp:term":[{"taxonomy":"product_cat","embeddable":true,"href":"https:\/\/peinturessara.com\/ar\/index.php?rest_route=%2Fwp%2Fv2%2Fproduct_cat&post=7197"},{"taxonomy":"product_tag","embeddable":true,"href":"https:\/\/peinturessara.com\/ar\/index.php?rest_route=%2Fwp%2Fv2%2Fproduct_tag&post=7197"}],"curies":[{"name":"wp","href":"https:\/\/api.w.org\/{rel}","templated":true}]}}