{"id":7195,"date":"2022-09-02T12:04:39","date_gmt":"2022-09-02T10:04:39","guid":{"rendered":"https:\/\/peinturessara.com\/?post_type=product&#038;p=7195"},"modified":"2023-12-13T11:56:50","modified_gmt":"2023-12-13T10:56:50","slug":"epoxy-metal-primaire","status":"publish","type":"product","link":"https:\/\/peinturessara.com\/ar\/?product=epoxy-metal-primaire","title":{"rendered":"\u0627\u0644\u0637\u0628\u0642\u0629 \u0627\u0644\u0623\u0648\u0644\u0649 \u0625\u064a\u0628\u0648\u0643\u0633\u064a \u062d\u062f\u064a\u062f"},"content":{"rendered":"<p><span style=\"color: #808000;\"><em><strong>Caract\u00e9ristiques techniques:<\/strong><\/em><\/span><\/p>\n<p>&nbsp;<\/p>\n<table style=\"height: 289px; width: 808px; float: left;\">\n<tbody>\n<tr>\n<td style=\"background-color: #f6f6f4; border: 1px solid #ffffff;\"><em><span style=\"color: #000000;\"><strong><span style=\"font-size: 12pt; color: #000000;\">Dilution<\/span><\/strong><\/span><\/em><\/td>\n<td style=\"background-color: #f6f6f4; border: 1px solid #ffffff;\"><span style=\"font-size: 12pt;\">\u00a0<span style=\"color: #000000;\">Diluant \u00e9poxy<\/span><\/span><\/td>\n<\/tr>\n<tr>\n<td style=\"background-color: #f6f6f4; border: 1px solid #ffffff;\"><em><span style=\"color: #000000;\"><strong><span style=\"font-size: 12pt; color: #000000;\">Aspect du film<\/span><\/strong><\/span><\/em><\/td>\n<td style=\"background-color: #f6f6f4; border: 1px solid #ffffff;\"><span style=\"font-size: 12pt;\">\u00a0<span style=\"color: #000000;\">Mat<\/span><\/span><\/td>\n<\/tr>\n<tr>\n<td style=\"background-color: #f6f6f4; border: 1px solid #ffffff;\"><em><span style=\"color: #000000;\"><strong><span style=\"font-size: 12pt;\">S\u00e9chage<\/span><\/strong><\/span><\/em><\/td>\n<td style=\"background-color: #f6f6f4; border: 1px solid #ffffff;\"><span style=\"font-size: 12pt;\">\u00a0<span style=\"color: #000000;\">hors poussi\u00e8re : 30 min \/ sec : 2 heures<\/span><\/span><\/td>\n<\/tr>\n<tr>\n<td style=\"background-color: #f6f6f4; border: 1px solid #ffffff;\"><em><span style=\"color: #000000;\"><strong><span style=\"font-size: 12pt;\">Teinte<\/span><\/strong><\/span><\/em><\/td>\n<td style=\"background-color: #f6f6f4; border: 1px solid #ffffff;\"><span style=\"font-size: 12pt;\">\u00a0<span style=\"color: #000000;\">Gris et autres couleurs sur commande<\/span><\/span><\/td>\n<\/tr>\n<tr>\n<td style=\"background-color: #f6f6f4; border: 1px solid #ffffff;\"><span style=\"color: #000000;\"><em><strong><span style=\"font-size: 12pt;\">Rendement<\/span><\/strong><\/em><\/span><\/td>\n<td style=\"background-color: #f6f6f4; border: 1px solid #ffffff;\"><span style=\"font-size: 12pt;\">\u00a0<span style=\"color: #000000;\">4 \u00e0 5 m\u00b2 \/ Kg<\/span><\/span><\/td>\n<\/tr>\n<tr>\n<td style=\"background-color: #f6f6f4; border: 1px solid #ffffff;\"><span style=\"color: #000000;\"><em><strong><span style=\"font-size: 12pt;\">Conditionnement<\/span><\/strong><\/em><\/span><\/td>\n<td style=\"background-color: #f6f6f4; border: 1px solid #ffffff;\"><span style=\"font-size: 12pt;\">\u00a0<span style=\"color: #000000;\">kit 5kg et 20kg<\/span><\/span><\/td>\n<\/tr>\n<tr>\n<td style=\"background-color: #f6f6f4; border: 1px solid #ffffff;\"><span style=\"color: #000000;\"><em><strong><span style=\"font-size: 12pt;\">Mat\u00e9riel d\u2019application<\/span><\/strong><\/em><\/span><\/td>\n<td style=\"background-color: #f6f6f4; border: 1px solid #ffffff;\"><span style=\"font-size: 12pt;\">\u00a0<span style=\"color: #000000;\">Rouleau, pistolet<\/span><\/span><\/td>\n<\/tr>\n<tr>\n<td style=\"background-color: #f6f6f4; border: 1px solid #ffffff;\"><span style=\"color: #000000;\"><em><strong><span style=\"font-size: 12pt;\">Conservation<\/span><\/strong><\/em><\/span><\/td>\n<td style=\"background-color: #f6f6f4; border: 1px solid #ffffff;\"><span style=\"font-size: 12pt;\">\u00a0<span style=\"color: #000000;\">Un an en emballage ferm\u00e9<\/span><\/span><\/td>\n<\/tr>\n<\/tbody>\n<\/table>\n<p>&nbsp;<\/p>\n<p>&nbsp;<\/p>\n<p>&nbsp;<\/p>\n<p>&nbsp;<\/p>\n<p>&nbsp;<\/p>\n<p>&nbsp;<\/p>\n<p>&nbsp;<\/p>\n<p>&nbsp;<\/p>\n<p>&nbsp;<\/p>\n<p>&nbsp;<\/p>\n<p>&nbsp;<\/p>\n<p>&nbsp;<\/p>\n<p>&nbsp;<\/p>\n<p><span style=\"color: #808000;\"><em><strong>Mode d\u2019application:<\/strong><\/em><\/span><\/p>\n<p>&nbsp;<\/p>\n<p><span style=\"color: #000000; font-size: 12pt;\"><strong>&#8211; Pr\u00e9paration de la surface:<\/strong> Le support doit \u00eatre propre, sain et d\u00e9graiss\u00e9 dans les r\u00e8gles de l\u2019art.<\/span><\/p>\n<p><strong><span style=\"color: #000000; font-size: 12pt;\">&#8211; Pr\u00e9paration du m\u00e9lange :<\/span><\/strong><\/p>\n<p><span style=\"color: #000000; font-size: 12pt;\">\u00a0 <span style=\"color: #800000; font-size: 12pt;\"><strong>\u2022<\/strong><\/span> Le m\u00e9lange des deux composants se fait dans les proportions suivantes : 80% de Base et 20% Durcisseur.<\/span><\/p>\n<p><span style=\"color: #000000; font-size: 12pt;\">\u00a0 <strong><span style=\"color: #800000; font-size: 12pt;\">\u2022<\/span><\/strong> M\u00e9langer la base et le durcisseur avec un agitateur \u00e0 vitesse lente et laisser reposer le m\u00e9lange 15 minutes avant application. <\/span><\/p>\n<p><span style=\"color: #000000; font-size: 12pt;\">\u00a0 <strong><span style=\"color: #800000; font-size: 12pt;\">\u2022<\/span><\/strong> Dur\u00e9e de vie du m\u00e9lange : 6 \u00e0 7 h, d\u00e9pass\u00e9 ce d\u00e9lai le produit prend en masse et devient inutilisable.<\/span><\/p>\n<p><strong><span style=\"color: #000000; font-size: 12pt;\">&#8211; Application:<\/span><\/strong><\/p>\n<p><span style=\"color: #000000; font-size: 12pt;\">\u00a0 <strong><span style=\"color: #800000; font-size: 12pt;\">\u2022<\/span><\/strong> Appliquer le m\u00e9lange en deux couches, \u00e9paisseur recommand\u00e9e : 50 \u00e0 60 \u03bcm<\/span><\/p>\n<p><span style=\"color: #000000; font-size: 12pt;\">\u00a0 <strong><span style=\"color: #800000; font-size: 12pt;\">\u2022<\/span><\/strong> Pinceau ou rouleau : 10 \u00e0 15 % Diluant Epoxy.<\/span><\/p>\n<p><span style=\"color: #000000; font-size: 12pt;\">\u00a0 <strong><span style=\"color: #800000; font-size: 12pt;\">\u2022<\/span><\/strong> Pistolet : jusqu\u2019\u00e0 25 % Diluant Epoxy<\/span><\/p>\n<p><span style=\"color: #000000; font-size: 12pt;\">\u00a0 <strong><span style=\"color: #800000; font-size: 12pt;\">\u2022<\/span><\/strong> Buse : \u00d8 1,6 &#8211; \u00d8 1,8mm \/ 3,0 \u00e0 3,5 bars.<\/span><\/p>\n","protected":false},"excerpt":{"rendered":"<p><span style=\"color: #000000;\">EPOXY METAL PRIMAIRE est un rev\u00eatement anticorrosif bi-composant \u00e0 base de r\u00e9sine \u00e9poxy-polyamide pigment\u00e9 avec le phosphate de zinc. Destin\u00e9 aux structures m\u00e9talliques en ambiances agressives, maritimes ou industrielles.<\/span><\/p>\n<p><span style=\"color: #000000;\"><strong>Destination:<\/strong>Int\u00e9rieur ou ext\u00e9rieur<\/span><\/p>\n<p><span style=\"color: #000000;\"><strong>Propri\u00e9t\u00e9s:<\/strong><\/span><br \/>\n<span style=\"color: #000000;\"><strong>\u2022<\/strong> Bon pouvoir antirouille.<\/span><br \/>\n<span style=\"color: #000000;\"><strong>\u2022<\/strong> Bon pouvoir couvrant.<\/span><br \/>\n<span style=\"color: #000000;\"><strong>\u2022<\/strong> Bonne adh\u00e9rence.<\/span><br \/>\n<span style=\"color: #000000;\"><strong>\u2022<\/strong> S\u00e9chage rapide.<\/span><br \/>\n<span style=\"color: #000000;\"><strong>\u2022<\/strong> Grande facilit\u00e9 d&#8217;application.<\/span><\/p>\n<p class=\"p1\">[umea_core_button button_layout=\"textual\" text=\"T\u00e9l\u00e9charger la Fiche Technique\" link=\"https:\/\/peinturessara.com\/wp-content\/uploads\/pdf\/speciaux\/EPOXY-METAL-PRIMAIRE.pdf\" color=\"#000\" hover_color=\"#000\" target=\"_blank\"]<\/p>\n<p>&nbsp;<\/p>\n","protected":false},"featured_media":7196,"template":"","meta":[],"product_cat":[91],"product_tag":[],"class_list":{"0":"post-7195","1":"product","2":"type-product","3":"status-publish","4":"has-post-thumbnail","6":"product_cat-produits-speciaux","8":"first","9":"instock","10":"shipping-taxable","11":"product-type-simple"},"yoast_head":"<!-- This site is optimized with the Yoast SEO plugin v21.7 - https:\/\/yoast.com\/wordpress\/plugins\/seo\/ -->\n<title>\u0627\u0644\u0637\u0628\u0642\u0629 \u0627\u0644\u0623\u0648\u0644\u0649 \u0625\u064a\u0628\u0648\u0643\u0633\u064a \u062d\u062f\u064a\u062f - \u0635\u0628\u0627\u063a\u0627\u062a \u0633\u0627\u0631\u0629<\/title>\n<meta name=\"robots\" content=\"index, follow, max-snippet:-1, max-image-preview:large, max-video-preview:-1\" \/>\n<link rel=\"canonical\" href=\"https:\/\/peinturessara.com\/ar\/?product=epoxy-metal-primaire\" \/>\n<meta property=\"og:locale\" content=\"ar_AR\" \/>\n<meta property=\"og:type\" content=\"article\" \/>\n<meta property=\"og:title\" content=\"\u0627\u0644\u0637\u0628\u0642\u0629 \u0627\u0644\u0623\u0648\u0644\u0649 \u0625\u064a\u0628\u0648\u0643\u0633\u064a \u062d\u062f\u064a\u062f - \u0635\u0628\u0627\u063a\u0627\u062a \u0633\u0627\u0631\u0629\" \/>\n<meta property=\"og:description\" content=\"EPOXY METAL PRIMAIRE est un rev\u00eatement anticorrosif bi-composant \u00e0 base de r\u00e9sine \u00e9poxy-polyamide pigment\u00e9 avec le phosphate de zinc. Destin\u00e9 aux structures m\u00e9talliques en ambiances agressives, maritimes ou industrielles.  Destination:Int\u00e9rieur ou ext\u00e9rieur  Propri\u00e9t\u00e9s: \u2022 Bon pouvoir antirouille. \u2022 Bon pouvoir couvrant. \u2022 Bonne adh\u00e9rence. \u2022 S\u00e9chage rapide. \u2022 Grande facilit\u00e9 d&#039;application.  &nbsp;\" \/>\n<meta property=\"og:url\" content=\"https:\/\/peinturessara.com\/ar\/?product=epoxy-metal-primaire\" \/>\n<meta property=\"og:site_name\" content=\"\u0635\u0628\u0627\u063a\u0627\u062a \u0633\u0627\u0631\u0629\" \/>\n<meta property=\"article:publisher\" content=\"https:\/\/www.facebook.com\/Peinturessara\" \/>\n<meta property=\"article:modified_time\" content=\"2023-12-13T10:56:50+00:00\" \/>\n<meta property=\"og:image\" content=\"https:\/\/peinturessara.com\/ar\/wp-content\/uploads\/2022\/09\/primaire-epoxy-metal.png\" \/>\n\t<meta property=\"og:image:width\" content=\"600\" \/>\n\t<meta property=\"og:image:height\" content=\"600\" \/>\n\t<meta property=\"og:image:type\" content=\"image\/png\" \/>\n<meta name=\"twitter:card\" content=\"summary_large_image\" \/>\n<meta name=\"twitter:label1\" content=\"\u0648\u0642\u062a \u0627\u0644\u0642\u0631\u0627\u0621\u0629 \u0627\u0644\u0645\u064f\u0642\u062f\u0651\u0631\" \/>\n\t<meta name=\"twitter:data1\" content=\"\u062f\u0642\u064a\u0642\u0629 \u0648\u0627\u062d\u062f\u0629\" \/>\n<script type=\"application\/ld+json\" class=\"yoast-schema-graph\">{\"@context\":\"https:\/\/schema.org\",\"@graph\":[{\"@type\":\"WebPage\",\"@id\":\"https:\/\/peinturessara.com\/ar\/?product=epoxy-metal-primaire\",\"url\":\"https:\/\/peinturessara.com\/ar\/?product=epoxy-metal-primaire\",\"name\":\"\u0627\u0644\u0637\u0628\u0642\u0629 \u0627\u0644\u0623\u0648\u0644\u0649 \u0625\u064a\u0628\u0648\u0643\u0633\u064a \u062d\u062f\u064a\u062f - \u0635\u0628\u0627\u063a\u0627\u062a \u0633\u0627\u0631\u0629\",\"isPartOf\":{\"@id\":\"https:\/\/peinturessara.com\/ar\/#website\"},\"datePublished\":\"2022-09-02T10:04:39+00:00\",\"dateModified\":\"2023-12-13T10:56:50+00:00\",\"breadcrumb\":{\"@id\":\"https:\/\/peinturessara.com\/ar\/?product=epoxy-metal-primaire#breadcrumb\"},\"inLanguage\":\"ar\",\"potentialAction\":[{\"@type\":\"ReadAction\",\"target\":[\"https:\/\/peinturessara.com\/ar\/?product=epoxy-metal-primaire\"]}]},{\"@type\":\"BreadcrumbList\",\"@id\":\"https:\/\/peinturessara.com\/ar\/?product=epoxy-metal-primaire#breadcrumb\",\"itemListElement\":[{\"@type\":\"ListItem\",\"position\":1,\"name\":\"\u0627\u0644\u0631\u0626\u064a\u0633\u064a\u0629\",\"item\":\"https:\/\/peinturessara.com\/ar\/\"},{\"@type\":\"ListItem\",\"position\":2,\"name\":\"SARA PEINTURES\",\"item\":\"https:\/\/peinturessara.com\/ar\/?page_id=9\"},{\"@type\":\"ListItem\",\"position\":3,\"name\":\"\u0635\u0628\u0627\u063a\u0627\u062a \u062e\u0627\u0635\u0629\",\"item\":\"https:\/\/peinturessara.com\/ar\/product-category\/produits-speciaux\/\"},{\"@type\":\"ListItem\",\"position\":4,\"name\":\"\u0627\u0644\u0637\u0628\u0642\u0629 \u0627\u0644\u0623\u0648\u0644\u0649 \u0625\u064a\u0628\u0648\u0643\u0633\u064a \u062d\u062f\u064a\u062f\"}]},{\"@type\":\"WebSite\",\"@id\":\"https:\/\/peinturessara.com\/ar\/#website\",\"url\":\"https:\/\/peinturessara.com\/ar\/\",\"name\":\"https:\/\/peinturessara.com\",\"description\":\"Peintures Innovantes\",\"publisher\":{\"@id\":\"https:\/\/peinturessara.com\/ar\/#organization\"},\"potentialAction\":[{\"@type\":\"SearchAction\",\"target\":{\"@type\":\"EntryPoint\",\"urlTemplate\":\"https:\/\/peinturessara.com\/ar\/?s={search_term_string}\"},\"query-input\":\"required name=search_term_string\"}],\"inLanguage\":\"ar\"},{\"@type\":\"Organization\",\"@id\":\"https:\/\/peinturessara.com\/ar\/#organization\",\"name\":\"https:\/\/peinturessara.com\",\"url\":\"https:\/\/peinturessara.com\/ar\/\",\"logo\":{\"@type\":\"ImageObject\",\"inLanguage\":\"ar\",\"@id\":\"https:\/\/peinturessara.com\/ar\/#\/schema\/logo\/image\/\",\"url\":\"https:\/\/peinturessara.com\/wp-content\/uploads\/2022\/05\/logo-sara.png\",\"contentUrl\":\"https:\/\/peinturessara.com\/wp-content\/uploads\/2022\/05\/logo-sara.png\",\"width\":221,\"height\":65,\"caption\":\"https:\/\/peinturessara.com\"},\"image\":{\"@id\":\"https:\/\/peinturessara.com\/ar\/#\/schema\/logo\/image\/\"},\"sameAs\":[\"https:\/\/www.facebook.com\/Peinturessara\"]}]}<\/script>\n<!-- \/ Yoast SEO plugin. -->","yoast_head_json":{"title":"\u0627\u0644\u0637\u0628\u0642\u0629 \u0627\u0644\u0623\u0648\u0644\u0649 \u0625\u064a\u0628\u0648\u0643\u0633\u064a \u062d\u062f\u064a\u062f - \u0635\u0628\u0627\u063a\u0627\u062a \u0633\u0627\u0631\u0629","robots":{"index":"index","follow":"follow","max-snippet":"max-snippet:-1","max-image-preview":"max-image-preview:large","max-video-preview":"max-video-preview:-1"},"canonical":"https:\/\/peinturessara.com\/ar\/?product=epoxy-metal-primaire","og_locale":"ar_AR","og_type":"article","og_title":"\u0627\u0644\u0637\u0628\u0642\u0629 \u0627\u0644\u0623\u0648\u0644\u0649 \u0625\u064a\u0628\u0648\u0643\u0633\u064a \u062d\u062f\u064a\u062f - \u0635\u0628\u0627\u063a\u0627\u062a \u0633\u0627\u0631\u0629","og_description":"EPOXY METAL PRIMAIRE est un rev\u00eatement anticorrosif bi-composant \u00e0 base de r\u00e9sine \u00e9poxy-polyamide pigment\u00e9 avec le phosphate de zinc. Destin\u00e9 aux structures m\u00e9talliques en ambiances agressives, maritimes ou industrielles.  Destination:Int\u00e9rieur ou ext\u00e9rieur  Propri\u00e9t\u00e9s: \u2022 Bon pouvoir antirouille. \u2022 Bon pouvoir couvrant. \u2022 Bonne adh\u00e9rence. \u2022 S\u00e9chage rapide. \u2022 Grande facilit\u00e9 d'application.  &nbsp;","og_url":"https:\/\/peinturessara.com\/ar\/?product=epoxy-metal-primaire","og_site_name":"\u0635\u0628\u0627\u063a\u0627\u062a \u0633\u0627\u0631\u0629","article_publisher":"https:\/\/www.facebook.com\/Peinturessara","article_modified_time":"2023-12-13T10:56:50+00:00","og_image":[{"width":600,"height":600,"url":"https:\/\/peinturessara.com\/ar\/wp-content\/uploads\/2022\/09\/primaire-epoxy-metal.png","type":"image\/png"}],"twitter_card":"summary_large_image","twitter_misc":{"\u0648\u0642\u062a \u0627\u0644\u0642\u0631\u0627\u0621\u0629 \u0627\u0644\u0645\u064f\u0642\u062f\u0651\u0631":"\u062f\u0642\u064a\u0642\u0629 \u0648\u0627\u062d\u062f\u0629"},"schema":{"@context":"https:\/\/schema.org","@graph":[{"@type":"WebPage","@id":"https:\/\/peinturessara.com\/ar\/?product=epoxy-metal-primaire","url":"https:\/\/peinturessara.com\/ar\/?product=epoxy-metal-primaire","name":"\u0627\u0644\u0637\u0628\u0642\u0629 \u0627\u0644\u0623\u0648\u0644\u0649 \u0625\u064a\u0628\u0648\u0643\u0633\u064a \u062d\u062f\u064a\u062f - \u0635\u0628\u0627\u063a\u0627\u062a \u0633\u0627\u0631\u0629","isPartOf":{"@id":"https:\/\/peinturessara.com\/ar\/#website"},"datePublished":"2022-09-02T10:04:39+00:00","dateModified":"2023-12-13T10:56:50+00:00","breadcrumb":{"@id":"https:\/\/peinturessara.com\/ar\/?product=epoxy-metal-primaire#breadcrumb"},"inLanguage":"ar","potentialAction":[{"@type":"ReadAction","target":["https:\/\/peinturessara.com\/ar\/?product=epoxy-metal-primaire"]}]},{"@type":"BreadcrumbList","@id":"https:\/\/peinturessara.com\/ar\/?product=epoxy-metal-primaire#breadcrumb","itemListElement":[{"@type":"ListItem","position":1,"name":"\u0627\u0644\u0631\u0626\u064a\u0633\u064a\u0629","item":"https:\/\/peinturessara.com\/ar\/"},{"@type":"ListItem","position":2,"name":"SARA PEINTURES","item":"https:\/\/peinturessara.com\/ar\/?page_id=9"},{"@type":"ListItem","position":3,"name":"\u0635\u0628\u0627\u063a\u0627\u062a \u062e\u0627\u0635\u0629","item":"https:\/\/peinturessara.com\/ar\/product-category\/produits-speciaux\/"},{"@type":"ListItem","position":4,"name":"\u0627\u0644\u0637\u0628\u0642\u0629 \u0627\u0644\u0623\u0648\u0644\u0649 \u0625\u064a\u0628\u0648\u0643\u0633\u064a \u062d\u062f\u064a\u062f"}]},{"@type":"WebSite","@id":"https:\/\/peinturessara.com\/ar\/#website","url":"https:\/\/peinturessara.com\/ar\/","name":"https:\/\/peinturessara.com","description":"Peintures Innovantes","publisher":{"@id":"https:\/\/peinturessara.com\/ar\/#organization"},"potentialAction":[{"@type":"SearchAction","target":{"@type":"EntryPoint","urlTemplate":"https:\/\/peinturessara.com\/ar\/?s={search_term_string}"},"query-input":"required name=search_term_string"}],"inLanguage":"ar"},{"@type":"Organization","@id":"https:\/\/peinturessara.com\/ar\/#organization","name":"https:\/\/peinturessara.com","url":"https:\/\/peinturessara.com\/ar\/","logo":{"@type":"ImageObject","inLanguage":"ar","@id":"https:\/\/peinturessara.com\/ar\/#\/schema\/logo\/image\/","url":"https:\/\/peinturessara.com\/wp-content\/uploads\/2022\/05\/logo-sara.png","contentUrl":"https:\/\/peinturessara.com\/wp-content\/uploads\/2022\/05\/logo-sara.png","width":221,"height":65,"caption":"https:\/\/peinturessara.com"},"image":{"@id":"https:\/\/peinturessara.com\/ar\/#\/schema\/logo\/image\/"},"sameAs":["https:\/\/www.facebook.com\/Peinturessara"]}]}},"_links":{"self":[{"href":"https:\/\/peinturessara.com\/ar\/index.php?rest_route=\/wp\/v2\/product\/7195","targetHints":{"allow":["GET"]}}],"collection":[{"href":"https:\/\/peinturessara.com\/ar\/index.php?rest_route=\/wp\/v2\/product"}],"about":[{"href":"https:\/\/peinturessara.com\/ar\/index.php?rest_route=\/wp\/v2\/types\/product"}],"wp:featuredmedia":[{"embeddable":true,"href":"https:\/\/peinturessara.com\/ar\/index.php?rest_route=\/wp\/v2\/media\/7196"}],"wp:attachment":[{"href":"https:\/\/peinturessara.com\/ar\/index.php?rest_route=%2Fwp%2Fv2%2Fmedia&parent=7195"}],"wp:term":[{"taxonomy":"product_cat","embeddable":true,"href":"https:\/\/peinturessara.com\/ar\/index.php?rest_route=%2Fwp%2Fv2%2Fproduct_cat&post=7195"},{"taxonomy":"product_tag","embeddable":true,"href":"https:\/\/peinturessara.com\/ar\/index.php?rest_route=%2Fwp%2Fv2%2Fproduct_tag&post=7195"}],"curies":[{"name":"wp","href":"https:\/\/api.w.org\/{rel}","templated":true}]}}