{"id":6955,"date":"2022-08-13T11:08:19","date_gmt":"2022-08-13T09:08:19","guid":{"rendered":"https:\/\/peinturessara.com\/?post_type=product&#038;p=6955"},"modified":"2023-12-13T11:58:40","modified_gmt":"2023-12-13T10:58:40","slug":"teinte-a-eau","status":"publish","type":"product","link":"https:\/\/peinturessara.com\/ar\/?product=teinte-a-eau","title":{"rendered":"\u0623\u0644\u0648\u0627\u0646 \u0645\u0627\u0626\u064a\u0629"},"content":{"rendered":"<p><span style=\"color: #808000;\"><em><strong>Caract\u00e9ristiques techniques:<\/strong><\/em><\/span><\/p>\n<p>&nbsp;<\/p>\n<table style=\"height: 289px; width: 808px; float: left;\">\n<tbody>\n<tr>\n<td style=\"background-color: #f6f6f4; border: 1px solid #ffffff;\"><em><span style=\"color: #000000;\"><strong><span style=\"font-size: 12pt; color: #000000;\">Dilution<\/span><\/strong><\/span><\/em><\/td>\n<td style=\"background-color: #f6f6f4; border: 1px solid #ffffff;\"><span style=\"font-size: 12pt;\">\u00a0<span style=\"color: #000000;\">Pr\u00eat \u00e0 l\u2019emploi<\/span><\/span><\/td>\n<\/tr>\n<tr>\n<td style=\"background-color: #f6f6f4; border: 1px solid #ffffff;\"><em><span style=\"color: #000000;\"><strong><span style=\"font-size: 12pt; color: #000000;\">Aspect du film<\/span><\/strong><\/span><\/em><\/td>\n<td style=\"background-color: #f6f6f4; border: 1px solid #ffffff;\"><span style=\"font-size: 12pt;\">\u00a0<span style=\"color: #000000;\">MAT<\/span><\/span><\/td>\n<\/tr>\n<tr>\n<td style=\"background-color: #f6f6f4; border: 1px solid #ffffff;\"><em><span style=\"color: #000000;\"><strong><span style=\"font-size: 12pt;\">S\u00e9chage<\/span><\/strong><\/span><\/em><\/td>\n<td style=\"background-color: #f6f6f4; border: 1px solid #ffffff;\"><span style=\"font-size: 12pt;\">\u00a0<span style=\"color: #000000;\">hors poussi\u00e8re : 1 heure\/ Sec : 2 heures<\/span><\/span><\/td>\n<\/tr>\n<tr>\n<td style=\"background-color: #f6f6f4; border: 1px solid #ffffff;\"><em><span style=\"color: #000000;\"><strong><span style=\"font-size: 12pt;\">Teinte<\/span><\/strong><\/span><\/em><\/td>\n<td style=\"background-color: #f6f6f4; border: 1px solid #ffffff;\"><span style=\"font-size: 12pt;\">\u00a0<span style=\"color: #000000;\">Jaune &#8211; jaune oxyde \u2013rouge &#8211; rouge oxyde &#8211; Violet-orange-noir-vert-bleu-pistache.<\/span><\/span><\/td>\n<\/tr>\n<tr>\n<td style=\"background-color: #f6f6f4; border: 1px solid #ffffff;\"><span style=\"color: #000000;\"><em><strong><span style=\"font-size: 12pt;\">Rendement<\/span><\/strong><\/em><\/span><\/td>\n<td style=\"background-color: #f6f6f4; border: 1px solid #ffffff;\"><span style=\"font-size: 12pt;\">\u00a0<span style=\"color: #000000;\">9 \u00e0 10 m\u00b2 \/ kg<\/span><\/span><\/td>\n<\/tr>\n<tr>\n<td style=\"background-color: #f6f6f4; border: 1px solid #ffffff;\"><span style=\"color: #000000;\"><em><strong><span style=\"font-size: 12pt;\">Conditionnement<\/span><\/strong><\/em><\/span><\/td>\n<td style=\"background-color: #f6f6f4; border: 1px solid #ffffff;\"><span style=\"font-size: 12pt;\">\u00a0<span style=\"color: #000000;\">100 cc \u2013 1L <\/span><\/span><\/td>\n<\/tr>\n<tr>\n<td style=\"background-color: #f6f6f4; border: 1px solid #ffffff;\"><span style=\"color: #000000;\"><em><strong><span style=\"font-size: 12pt;\">Mat\u00e9riel d\u2019application<\/span><\/strong><\/em><\/span><\/td>\n<td style=\"background-color: #f6f6f4; border: 1px solid #ffffff;\"><span style=\"font-size: 12pt;\">\u00a0<span style=\"color: #000000;\">Peau de chamois, \u00e9ponge, spatule<\/span><\/span><\/td>\n<\/tr>\n<tr>\n<td style=\"background-color: #f6f6f4; border: 1px solid #ffffff;\"><span style=\"color: #000000;\"><em><strong><span style=\"font-size: 12pt;\">Conservation<\/span><\/strong><\/em><\/span><\/td>\n<td style=\"background-color: #f6f6f4; border: 1px solid #ffffff;\"><span style=\"font-size: 12pt;\">\u00a0<span style=\"color: #000000;\">Un an en emballage ferm\u00e9<\/span><\/span><\/td>\n<\/tr>\n<\/tbody>\n<\/table>\n<p>&nbsp;<\/p>\n<p>&nbsp;<\/p>\n<p>&nbsp;<\/p>\n<p>&nbsp;<\/p>\n<p>&nbsp;<\/p>\n<p>&nbsp;<\/p>\n<p>&nbsp;<\/p>\n<p>&nbsp;<\/p>\n<p>&nbsp;<\/p>\n","protected":false},"excerpt":{"rendered":"<p><span style=\"color: #000000;\">Colorant concentr\u00e9 pour pigmenter tous types de peintures solubles \u00e0 l&#8217;eau. Peut se m\u00e9langer entre diff\u00e9rentes couleurs pour obtenir une grande vari\u00e9t\u00e9 de tonalit\u00e9s.<\/span><\/p>\n<p><span style=\"color: #000000;\"><strong>Destination:<\/strong>Int\u00e9rieur\/Ext\u00e9rieur.<\/span><\/p>\n<p><span style=\"color: #000000;\"><strong>Propri\u00e9t\u00e9s:<\/strong><\/span><br \/>\n<span style=\"color: #000000;\"><strong>\u2022<\/strong> Grand pouvoir colorant.<\/span><br \/>\n<span style=\"color: #000000;\"><strong>\u2022<\/strong> Stabilit\u00e9 de couleur.<\/span><br \/>\n<span style=\"color: #000000;\"><strong>\u2022<\/strong> Sans odeur.<\/span><\/p>\n<p class=\"p1\">[umea_core_button button_layout=\"textual\" text=\"T\u00e9l\u00e9charger la Fiche Technique\" link=\"https:\/\/peinturessara.com\/wp-content\/uploads\/pdf\/batiments\/SARALAC.pdf\" color=\"#000\" hover_color=\"#000\" target=\"_blank\"]<\/p>\n<p>&nbsp;<\/p>\n","protected":false},"featured_media":6956,"template":"","meta":[],"product_cat":[90],"product_tag":[],"class_list":{"0":"post-6955","1":"product","2":"type-product","3":"status-publish","4":"has-post-thumbnail","6":"product_cat-teinte-concentres","8":"first","9":"instock","10":"shipping-taxable","11":"product-type-simple"},"yoast_head":"<!-- This site is optimized with the Yoast SEO plugin v21.7 - https:\/\/yoast.com\/wordpress\/plugins\/seo\/ -->\n<title>\u0623\u0644\u0648\u0627\u0646 \u0645\u0627\u0626\u064a\u0629 - \u0635\u0628\u0627\u063a\u0627\u062a \u0633\u0627\u0631\u0629<\/title>\n<meta name=\"robots\" content=\"index, follow, max-snippet:-1, max-image-preview:large, max-video-preview:-1\" \/>\n<link rel=\"canonical\" href=\"https:\/\/peinturessara.com\/ar\/?product=teinte-a-eau\" \/>\n<meta property=\"og:locale\" content=\"ar_AR\" \/>\n<meta property=\"og:type\" content=\"article\" \/>\n<meta property=\"og:title\" content=\"\u0623\u0644\u0648\u0627\u0646 \u0645\u0627\u0626\u064a\u0629 - \u0635\u0628\u0627\u063a\u0627\u062a \u0633\u0627\u0631\u0629\" \/>\n<meta property=\"og:description\" content=\"Colorant concentr\u00e9 pour pigmenter tous types de peintures solubles \u00e0 l&#039;eau. Peut se m\u00e9langer entre diff\u00e9rentes couleurs pour obtenir une grande vari\u00e9t\u00e9 de tonalit\u00e9s.  Destination:Int\u00e9rieur\/Ext\u00e9rieur.  Propri\u00e9t\u00e9s: \u2022 Grand pouvoir colorant. \u2022 Stabilit\u00e9 de couleur. \u2022 Sans odeur.  &nbsp;\" \/>\n<meta property=\"og:url\" content=\"https:\/\/peinturessara.com\/ar\/?product=teinte-a-eau\" \/>\n<meta property=\"og:site_name\" content=\"\u0635\u0628\u0627\u063a\u0627\u062a \u0633\u0627\u0631\u0629\" \/>\n<meta property=\"article:publisher\" content=\"https:\/\/www.facebook.com\/Peinturessara\" \/>\n<meta property=\"article:modified_time\" content=\"2023-12-13T10:58:40+00:00\" \/>\n<meta property=\"og:image\" content=\"https:\/\/peinturessara.com\/ar\/wp-content\/uploads\/2022\/08\/teinte1.png\" \/>\n\t<meta property=\"og:image:width\" content=\"600\" \/>\n\t<meta property=\"og:image:height\" content=\"600\" \/>\n\t<meta property=\"og:image:type\" content=\"image\/png\" \/>\n<meta name=\"twitter:card\" content=\"summary_large_image\" \/>\n<meta name=\"twitter:label1\" content=\"\u0648\u0642\u062a \u0627\u0644\u0642\u0631\u0627\u0621\u0629 \u0627\u0644\u0645\u064f\u0642\u062f\u0651\u0631\" \/>\n\t<meta name=\"twitter:data1\" content=\"\u062f\u0642\u064a\u0642\u0629 \u0648\u0627\u062d\u062f\u0629\" \/>\n<script type=\"application\/ld+json\" class=\"yoast-schema-graph\">{\"@context\":\"https:\/\/schema.org\",\"@graph\":[{\"@type\":\"WebPage\",\"@id\":\"https:\/\/peinturessara.com\/ar\/?product=teinte-a-eau\",\"url\":\"https:\/\/peinturessara.com\/ar\/?product=teinte-a-eau\",\"name\":\"\u0623\u0644\u0648\u0627\u0646 \u0645\u0627\u0626\u064a\u0629 - \u0635\u0628\u0627\u063a\u0627\u062a \u0633\u0627\u0631\u0629\",\"isPartOf\":{\"@id\":\"https:\/\/peinturessara.com\/ar\/#website\"},\"datePublished\":\"2022-08-13T09:08:19+00:00\",\"dateModified\":\"2023-12-13T10:58:40+00:00\",\"breadcrumb\":{\"@id\":\"https:\/\/peinturessara.com\/ar\/?product=teinte-a-eau#breadcrumb\"},\"inLanguage\":\"ar\",\"potentialAction\":[{\"@type\":\"ReadAction\",\"target\":[\"https:\/\/peinturessara.com\/ar\/?product=teinte-a-eau\"]}]},{\"@type\":\"BreadcrumbList\",\"@id\":\"https:\/\/peinturessara.com\/ar\/?product=teinte-a-eau#breadcrumb\",\"itemListElement\":[{\"@type\":\"ListItem\",\"position\":1,\"name\":\"\u0627\u0644\u0631\u0626\u064a\u0633\u064a\u0629\",\"item\":\"https:\/\/peinturessara.com\/ar\/\"},{\"@type\":\"ListItem\",\"position\":2,\"name\":\"SARA PEINTURES\",\"item\":\"https:\/\/peinturessara.com\/ar\/?page_id=9\"},{\"@type\":\"ListItem\",\"position\":3,\"name\":\"\u0627\u0644\u0623\u0644\u0648\u0627\u0646 \u0627\u0644\u0645\u0631\u0643\u0632\u0629\",\"item\":\"https:\/\/peinturessara.com\/ar\/product-category\/teinte-concentres\/\"},{\"@type\":\"ListItem\",\"position\":4,\"name\":\"\u0623\u0644\u0648\u0627\u0646 \u0645\u0627\u0626\u064a\u0629\"}]},{\"@type\":\"WebSite\",\"@id\":\"https:\/\/peinturessara.com\/ar\/#website\",\"url\":\"https:\/\/peinturessara.com\/ar\/\",\"name\":\"https:\/\/peinturessara.com\",\"description\":\"Peintures Innovantes\",\"publisher\":{\"@id\":\"https:\/\/peinturessara.com\/ar\/#organization\"},\"potentialAction\":[{\"@type\":\"SearchAction\",\"target\":{\"@type\":\"EntryPoint\",\"urlTemplate\":\"https:\/\/peinturessara.com\/ar\/?s={search_term_string}\"},\"query-input\":\"required name=search_term_string\"}],\"inLanguage\":\"ar\"},{\"@type\":\"Organization\",\"@id\":\"https:\/\/peinturessara.com\/ar\/#organization\",\"name\":\"https:\/\/peinturessara.com\",\"url\":\"https:\/\/peinturessara.com\/ar\/\",\"logo\":{\"@type\":\"ImageObject\",\"inLanguage\":\"ar\",\"@id\":\"https:\/\/peinturessara.com\/ar\/#\/schema\/logo\/image\/\",\"url\":\"https:\/\/peinturessara.com\/wp-content\/uploads\/2022\/05\/logo-sara.png\",\"contentUrl\":\"https:\/\/peinturessara.com\/wp-content\/uploads\/2022\/05\/logo-sara.png\",\"width\":221,\"height\":65,\"caption\":\"https:\/\/peinturessara.com\"},\"image\":{\"@id\":\"https:\/\/peinturessara.com\/ar\/#\/schema\/logo\/image\/\"},\"sameAs\":[\"https:\/\/www.facebook.com\/Peinturessara\"]}]}<\/script>\n<!-- \/ Yoast SEO plugin. -->","yoast_head_json":{"title":"\u0623\u0644\u0648\u0627\u0646 \u0645\u0627\u0626\u064a\u0629 - \u0635\u0628\u0627\u063a\u0627\u062a \u0633\u0627\u0631\u0629","robots":{"index":"index","follow":"follow","max-snippet":"max-snippet:-1","max-image-preview":"max-image-preview:large","max-video-preview":"max-video-preview:-1"},"canonical":"https:\/\/peinturessara.com\/ar\/?product=teinte-a-eau","og_locale":"ar_AR","og_type":"article","og_title":"\u0623\u0644\u0648\u0627\u0646 \u0645\u0627\u0626\u064a\u0629 - \u0635\u0628\u0627\u063a\u0627\u062a \u0633\u0627\u0631\u0629","og_description":"Colorant concentr\u00e9 pour pigmenter tous types de peintures solubles \u00e0 l'eau. Peut se m\u00e9langer entre diff\u00e9rentes couleurs pour obtenir une grande vari\u00e9t\u00e9 de tonalit\u00e9s.  Destination:Int\u00e9rieur\/Ext\u00e9rieur.  Propri\u00e9t\u00e9s: \u2022 Grand pouvoir colorant. \u2022 Stabilit\u00e9 de couleur. \u2022 Sans odeur.  &nbsp;","og_url":"https:\/\/peinturessara.com\/ar\/?product=teinte-a-eau","og_site_name":"\u0635\u0628\u0627\u063a\u0627\u062a \u0633\u0627\u0631\u0629","article_publisher":"https:\/\/www.facebook.com\/Peinturessara","article_modified_time":"2023-12-13T10:58:40+00:00","og_image":[{"width":600,"height":600,"url":"https:\/\/peinturessara.com\/ar\/wp-content\/uploads\/2022\/08\/teinte1.png","type":"image\/png"}],"twitter_card":"summary_large_image","twitter_misc":{"\u0648\u0642\u062a \u0627\u0644\u0642\u0631\u0627\u0621\u0629 \u0627\u0644\u0645\u064f\u0642\u062f\u0651\u0631":"\u062f\u0642\u064a\u0642\u0629 \u0648\u0627\u062d\u062f\u0629"},"schema":{"@context":"https:\/\/schema.org","@graph":[{"@type":"WebPage","@id":"https:\/\/peinturessara.com\/ar\/?product=teinte-a-eau","url":"https:\/\/peinturessara.com\/ar\/?product=teinte-a-eau","name":"\u0623\u0644\u0648\u0627\u0646 \u0645\u0627\u0626\u064a\u0629 - \u0635\u0628\u0627\u063a\u0627\u062a \u0633\u0627\u0631\u0629","isPartOf":{"@id":"https:\/\/peinturessara.com\/ar\/#website"},"datePublished":"2022-08-13T09:08:19+00:00","dateModified":"2023-12-13T10:58:40+00:00","breadcrumb":{"@id":"https:\/\/peinturessara.com\/ar\/?product=teinte-a-eau#breadcrumb"},"inLanguage":"ar","potentialAction":[{"@type":"ReadAction","target":["https:\/\/peinturessara.com\/ar\/?product=teinte-a-eau"]}]},{"@type":"BreadcrumbList","@id":"https:\/\/peinturessara.com\/ar\/?product=teinte-a-eau#breadcrumb","itemListElement":[{"@type":"ListItem","position":1,"name":"\u0627\u0644\u0631\u0626\u064a\u0633\u064a\u0629","item":"https:\/\/peinturessara.com\/ar\/"},{"@type":"ListItem","position":2,"name":"SARA PEINTURES","item":"https:\/\/peinturessara.com\/ar\/?page_id=9"},{"@type":"ListItem","position":3,"name":"\u0627\u0644\u0623\u0644\u0648\u0627\u0646 \u0627\u0644\u0645\u0631\u0643\u0632\u0629","item":"https:\/\/peinturessara.com\/ar\/product-category\/teinte-concentres\/"},{"@type":"ListItem","position":4,"name":"\u0623\u0644\u0648\u0627\u0646 \u0645\u0627\u0626\u064a\u0629"}]},{"@type":"WebSite","@id":"https:\/\/peinturessara.com\/ar\/#website","url":"https:\/\/peinturessara.com\/ar\/","name":"https:\/\/peinturessara.com","description":"Peintures Innovantes","publisher":{"@id":"https:\/\/peinturessara.com\/ar\/#organization"},"potentialAction":[{"@type":"SearchAction","target":{"@type":"EntryPoint","urlTemplate":"https:\/\/peinturessara.com\/ar\/?s={search_term_string}"},"query-input":"required name=search_term_string"}],"inLanguage":"ar"},{"@type":"Organization","@id":"https:\/\/peinturessara.com\/ar\/#organization","name":"https:\/\/peinturessara.com","url":"https:\/\/peinturessara.com\/ar\/","logo":{"@type":"ImageObject","inLanguage":"ar","@id":"https:\/\/peinturessara.com\/ar\/#\/schema\/logo\/image\/","url":"https:\/\/peinturessara.com\/wp-content\/uploads\/2022\/05\/logo-sara.png","contentUrl":"https:\/\/peinturessara.com\/wp-content\/uploads\/2022\/05\/logo-sara.png","width":221,"height":65,"caption":"https:\/\/peinturessara.com"},"image":{"@id":"https:\/\/peinturessara.com\/ar\/#\/schema\/logo\/image\/"},"sameAs":["https:\/\/www.facebook.com\/Peinturessara"]}]}},"_links":{"self":[{"href":"https:\/\/peinturessara.com\/ar\/index.php?rest_route=\/wp\/v2\/product\/6955","targetHints":{"allow":["GET"]}}],"collection":[{"href":"https:\/\/peinturessara.com\/ar\/index.php?rest_route=\/wp\/v2\/product"}],"about":[{"href":"https:\/\/peinturessara.com\/ar\/index.php?rest_route=\/wp\/v2\/types\/product"}],"wp:featuredmedia":[{"embeddable":true,"href":"https:\/\/peinturessara.com\/ar\/index.php?rest_route=\/wp\/v2\/media\/6956"}],"wp:attachment":[{"href":"https:\/\/peinturessara.com\/ar\/index.php?rest_route=%2Fwp%2Fv2%2Fmedia&parent=6955"}],"wp:term":[{"taxonomy":"product_cat","embeddable":true,"href":"https:\/\/peinturessara.com\/ar\/index.php?rest_route=%2Fwp%2Fv2%2Fproduct_cat&post=6955"},{"taxonomy":"product_tag","embeddable":true,"href":"https:\/\/peinturessara.com\/ar\/index.php?rest_route=%2Fwp%2Fv2%2Fproduct_tag&post=6955"}],"curies":[{"name":"wp","href":"https:\/\/api.w.org\/{rel}","templated":true}]}}