{"id":6936,"date":"2022-08-10T11:33:04","date_gmt":"2022-08-10T09:33:04","guid":{"rendered":"https:\/\/peinturessara.com\/?post_type=product&#038;p=6936"},"modified":"2023-12-13T11:52:36","modified_gmt":"2023-12-13T10:52:36","slug":"vernis-magic-acylique-brillant-c-10","status":"publish","type":"product","link":"https:\/\/peinturessara.com\/ar\/?product=vernis-magic-acylique-brillant-c-10","title":{"rendered":"\u0628\u0631\u0646\u064a\u0632 \u0645\u062c\u064a\u0643 \u0623\u0643\u0631\u064a\u0644\u064a\u0643 \u0644\u0627\u0645\u0639 C10"},"content":{"rendered":"<p><span style=\"color: #808000;\"><em><strong>Caract\u00e9ristiques techniques:<\/strong><\/em><\/span><\/p>\n<p>&nbsp;<\/p>\n<table style=\"height: 289px; width: 808px; float: left;\">\n<tbody>\n<tr>\n<td style=\"background-color: #f6f6f4; border: 1px solid #ffffff;\"><em><span style=\"color: #000000;\"><strong><span style=\"font-size: 12pt; color: #000000;\">Dilution<\/span><\/strong><\/span><\/em><\/td>\n<td style=\"background-color: #f6f6f4; border: 1px solid #ffffff;\"><span style=\"font-size: 12pt;\"><span style=\"color: #000000;\">\u00a0Diluant universel<\/span><\/span><\/td>\n<\/tr>\n<tr>\n<td style=\"background-color: #f6f6f4; border: 1px solid #ffffff;\"><em><span style=\"color: #000000;\"><strong><span style=\"font-size: 12pt; color: #000000;\">Aspect du film<\/span><\/strong><\/span><\/em><\/td>\n<td style=\"background-color: #f6f6f4; border: 1px solid #ffffff;\"><span style=\"font-size: 12pt;\">\u00a0<span style=\"color: #000000;\"> Brillant<\/span><\/span><\/td>\n<\/tr>\n<tr>\n<td style=\"background-color: #f6f6f4; border: 1px solid #ffffff;\"><em><span style=\"color: #000000;\"><strong><span style=\"font-size: 12pt;\">S\u00e9chage<\/span><\/strong><\/span><\/em><\/td>\n<td style=\"background-color: #f6f6f4; border: 1px solid #ffffff;\"><span style=\"font-size: 12pt;\">\u00a0<span style=\"color: #000000;\"> hors poussi\u00e8re : 30 min \/ Sec : 3 heures<\/span><\/span><\/td>\n<\/tr>\n<tr>\n<td style=\"background-color: #f6f6f4; border: 1px solid #ffffff;\"><em><span style=\"color: #000000;\"><strong><span style=\"font-size: 12pt;\">Teinte<\/span><\/strong><\/span><\/em><\/td>\n<td style=\"background-color: #f6f6f4; border: 1px solid #ffffff;\"><span style=\"font-size: 12pt;\">\u00a0<span style=\"color: #000000;\"> Transparent<\/span><\/span><\/td>\n<\/tr>\n<tr>\n<td style=\"background-color: #f6f6f4; border: 1px solid #ffffff;\"><span style=\"color: #000000;\"><em><strong><span style=\"font-size: 12pt;\">Rendement<\/span><\/strong><\/em><\/span><\/td>\n<td style=\"background-color: #f6f6f4; border: 1px solid #ffffff;\"><span style=\"font-size: 12pt;\">\u00a0<span style=\"color: #000000;\"> 12 \u00e0 13 m\u00b2 \/ L<\/span><\/span><\/td>\n<\/tr>\n<tr>\n<td style=\"background-color: #f6f6f4; border: 1px solid #ffffff;\"><span style=\"color: #000000;\"><em><strong><span style=\"font-size: 12pt;\">Conditionnement<\/span><\/strong><\/em><\/span><\/td>\n<td style=\"background-color: #f6f6f4; border: 1px solid #ffffff;\"><span style=\"font-size: 12pt;\">\u00a0<span style=\"color: #000000;\"> 1L \u2013 0,5 L<\/span><\/span><\/td>\n<\/tr>\n<tr>\n<td style=\"background-color: #f6f6f4; border: 1px solid #ffffff;\"><span style=\"color: #000000;\"><em><strong><span style=\"font-size: 12pt;\">Mat\u00e9riel d\u2019application<\/span><\/strong><\/em><\/span><\/td>\n<td style=\"background-color: #f6f6f4; border: 1px solid #ffffff;\"><span style=\"font-size: 12pt;\">\u00a0<span style=\"color: #000000;\"> Pistolet pneumatique<\/span><\/span><\/td>\n<\/tr>\n<tr>\n<td style=\"background-color: #f6f6f4; border: 1px solid #ffffff;\"><span style=\"color: #000000;\"><em><strong><span style=\"font-size: 12pt;\">Conservation<\/span><\/strong><\/em><\/span><\/td>\n<td style=\"background-color: #f6f6f4; border: 1px solid #ffffff;\"><span style=\"font-size: 12pt;\">\u00a0<span style=\"color: #000000;\"> Un an en emballage ferm\u00e9<\/span><\/span><\/td>\n<\/tr>\n<\/tbody>\n<\/table>\n<p>&nbsp;<\/p>\n<p>&nbsp;<\/p>\n<p>&nbsp;<\/p>\n<p>&nbsp;<\/p>\n<p>&nbsp;<\/p>\n<p>&nbsp;<\/p>\n<p>&nbsp;<\/p>\n<p>&nbsp;<\/p>\n<p>&nbsp;<\/p>\n","protected":false},"excerpt":{"rendered":"<p><span style=\"color: #000000;\">VERNIS MAGIC ACRYLIQUE BRILLANT C10 est un Vernis \u00e0 deux composants de haute qualit\u00e9 \u00e0 base de r\u00e9sine acrylique hydroxyl\u00e9e durcie par un isocyanate aliphatique, utilis\u00e9 comme couche de finition pour syst\u00e8me de peinture bicouche.<\/span><\/p>\n<p><span style=\"color: #000000;\"><strong>Destination:<\/strong>Vernis de finition pour voitures particuli\u00e8res, Finition industrielle et boiserie en int\u00e9rieur comme en ext\u00e9rieure.<\/span><\/p>\n<p><span style=\"color: #000000;\"><strong>Propri\u00e9t\u00e9s:<\/strong><\/span><br \/>\n<span style=\"color: #000000;\"><strong>\u2022<\/strong> Grande facilit\u00e9 d\u2019application.<\/span><br \/>\n<span style=\"color: #000000;\"><strong>\u2022<\/strong> Brillance \u00e9lev\u00e9e et durable.<\/span><br \/>\n<span style=\"color: #000000;\"><strong>\u2022<\/strong> Bon \u00e9tat de surface lisse et dure.<\/span><br \/>\n<span style=\"color: #000000;\"><strong>\u2022<\/strong> Tr\u00e8s bonne r\u00e9sistance aux UV, au jaunissement et aux intemp\u00e9ries.<\/span><br \/>\n<span style=\"color: #000000;\"><strong>\u2022<\/strong> S\u00e9chage rapide.<\/span><\/p>\n<p class=\"p1\">[umea_core_button button_layout=\"textual\" text=\"T\u00e9l\u00e9charger la Fiche Technique\" link=\"https:\/\/peinturessara.com\/wp-content\/uploads\/pdf\/carrosseries\/VERNIS-acrylique.pdf\" color=\"#000\" hover_color=\"#000\" target=\"_blank\"]<\/p>\n<p>&nbsp;<\/p>\n","protected":false},"featured_media":6952,"template":"","meta":[],"product_cat":[89],"product_tag":[],"class_list":{"0":"post-6936","1":"product","2":"type-product","3":"status-publish","4":"has-post-thumbnail","6":"product_cat-peintures-carrosserie","8":"first","9":"instock","10":"shipping-taxable","11":"product-type-simple"},"yoast_head":"<!-- This site is optimized with the Yoast SEO plugin v21.7 - https:\/\/yoast.com\/wordpress\/plugins\/seo\/ -->\n<title>\u0628\u0631\u0646\u064a\u0632 \u0645\u062c\u064a\u0643 \u0623\u0643\u0631\u064a\u0644\u064a\u0643 \u0644\u0627\u0645\u0639 C10 - \u0635\u0628\u0627\u063a\u0627\u062a \u0633\u0627\u0631\u0629<\/title>\n<meta name=\"robots\" content=\"index, follow, max-snippet:-1, max-image-preview:large, max-video-preview:-1\" \/>\n<link rel=\"canonical\" href=\"https:\/\/peinturessara.com\/ar\/?product=vernis-magic-acylique-brillant-c-10\" \/>\n<meta property=\"og:locale\" content=\"ar_AR\" \/>\n<meta property=\"og:type\" content=\"article\" \/>\n<meta property=\"og:title\" content=\"\u0628\u0631\u0646\u064a\u0632 \u0645\u062c\u064a\u0643 \u0623\u0643\u0631\u064a\u0644\u064a\u0643 \u0644\u0627\u0645\u0639 C10 - \u0635\u0628\u0627\u063a\u0627\u062a \u0633\u0627\u0631\u0629\" \/>\n<meta property=\"og:description\" content=\"VERNIS MAGIC ACRYLIQUE BRILLANT C10 est un Vernis \u00e0 deux composants de haute qualit\u00e9 \u00e0 base de r\u00e9sine acrylique hydroxyl\u00e9e durcie par un isocyanate aliphatique, utilis\u00e9 comme couche de finition pour syst\u00e8me de peinture bicouche.  Destination:Vernis de finition pour voitures particuli\u00e8res, Finition industrielle et boiserie en int\u00e9rieur comme en ext\u00e9rieure.  Propri\u00e9t\u00e9s: \u2022 Grande facilit\u00e9 d\u2019application. \u2022 Brillance \u00e9lev\u00e9e et durable. \u2022 Bon \u00e9tat de surface lisse et dure. \u2022 Tr\u00e8s bonne r\u00e9sistance aux UV, au jaunissement et aux intemp\u00e9ries. \u2022 S\u00e9chage rapide.  &nbsp;\" \/>\n<meta property=\"og:url\" content=\"https:\/\/peinturessara.com\/ar\/?product=vernis-magic-acylique-brillant-c-10\" \/>\n<meta property=\"og:site_name\" content=\"\u0635\u0628\u0627\u063a\u0627\u062a \u0633\u0627\u0631\u0629\" \/>\n<meta property=\"article:publisher\" content=\"https:\/\/www.facebook.com\/Peinturessara\" \/>\n<meta property=\"article:modified_time\" content=\"2023-12-13T10:52:36+00:00\" \/>\n<meta property=\"og:image\" content=\"https:\/\/peinturessara.com\/ar\/wp-content\/uploads\/2022\/08\/vernisma.png\" \/>\n\t<meta property=\"og:image:width\" content=\"600\" \/>\n\t<meta property=\"og:image:height\" content=\"600\" \/>\n\t<meta property=\"og:image:type\" content=\"image\/png\" \/>\n<meta name=\"twitter:card\" content=\"summary_large_image\" \/>\n<script type=\"application\/ld+json\" class=\"yoast-schema-graph\">{\"@context\":\"https:\/\/schema.org\",\"@graph\":[{\"@type\":\"WebPage\",\"@id\":\"https:\/\/peinturessara.com\/ar\/?product=vernis-magic-acylique-brillant-c-10\",\"url\":\"https:\/\/peinturessara.com\/ar\/?product=vernis-magic-acylique-brillant-c-10\",\"name\":\"\u0628\u0631\u0646\u064a\u0632 \u0645\u062c\u064a\u0643 \u0623\u0643\u0631\u064a\u0644\u064a\u0643 \u0644\u0627\u0645\u0639 C10 - \u0635\u0628\u0627\u063a\u0627\u062a \u0633\u0627\u0631\u0629\",\"isPartOf\":{\"@id\":\"https:\/\/peinturessara.com\/ar\/#website\"},\"datePublished\":\"2022-08-10T09:33:04+00:00\",\"dateModified\":\"2023-12-13T10:52:36+00:00\",\"breadcrumb\":{\"@id\":\"https:\/\/peinturessara.com\/ar\/?product=vernis-magic-acylique-brillant-c-10#breadcrumb\"},\"inLanguage\":\"ar\",\"potentialAction\":[{\"@type\":\"ReadAction\",\"target\":[\"https:\/\/peinturessara.com\/ar\/?product=vernis-magic-acylique-brillant-c-10\"]}]},{\"@type\":\"BreadcrumbList\",\"@id\":\"https:\/\/peinturessara.com\/ar\/?product=vernis-magic-acylique-brillant-c-10#breadcrumb\",\"itemListElement\":[{\"@type\":\"ListItem\",\"position\":1,\"name\":\"\u0627\u0644\u0631\u0626\u064a\u0633\u064a\u0629\",\"item\":\"https:\/\/peinturessara.com\/ar\/\"},{\"@type\":\"ListItem\",\"position\":2,\"name\":\"SARA PEINTURES\",\"item\":\"https:\/\/peinturessara.com\/ar\/?page_id=9\"},{\"@type\":\"ListItem\",\"position\":3,\"name\":\"\u0627\u0644\u0635\u0628\u0627\u063a\u0627\u062a \u0627\u0644\u0635\u0646\u0627\u0639\u064a\u0629\",\"item\":\"https:\/\/peinturessara.com\/ar\/product-category\/peintures-carrosserie\/\"},{\"@type\":\"ListItem\",\"position\":4,\"name\":\"\u0628\u0631\u0646\u064a\u0632 \u0645\u062c\u064a\u0643 \u0623\u0643\u0631\u064a\u0644\u064a\u0643 \u0644\u0627\u0645\u0639 C10\"}]},{\"@type\":\"WebSite\",\"@id\":\"https:\/\/peinturessara.com\/ar\/#website\",\"url\":\"https:\/\/peinturessara.com\/ar\/\",\"name\":\"https:\/\/peinturessara.com\",\"description\":\"Peintures Innovantes\",\"publisher\":{\"@id\":\"https:\/\/peinturessara.com\/ar\/#organization\"},\"potentialAction\":[{\"@type\":\"SearchAction\",\"target\":{\"@type\":\"EntryPoint\",\"urlTemplate\":\"https:\/\/peinturessara.com\/ar\/?s={search_term_string}\"},\"query-input\":\"required name=search_term_string\"}],\"inLanguage\":\"ar\"},{\"@type\":\"Organization\",\"@id\":\"https:\/\/peinturessara.com\/ar\/#organization\",\"name\":\"https:\/\/peinturessara.com\",\"url\":\"https:\/\/peinturessara.com\/ar\/\",\"logo\":{\"@type\":\"ImageObject\",\"inLanguage\":\"ar\",\"@id\":\"https:\/\/peinturessara.com\/ar\/#\/schema\/logo\/image\/\",\"url\":\"https:\/\/peinturessara.com\/wp-content\/uploads\/2022\/05\/logo-sara.png\",\"contentUrl\":\"https:\/\/peinturessara.com\/wp-content\/uploads\/2022\/05\/logo-sara.png\",\"width\":221,\"height\":65,\"caption\":\"https:\/\/peinturessara.com\"},\"image\":{\"@id\":\"https:\/\/peinturessara.com\/ar\/#\/schema\/logo\/image\/\"},\"sameAs\":[\"https:\/\/www.facebook.com\/Peinturessara\"]}]}<\/script>\n<!-- \/ Yoast SEO plugin. -->","yoast_head_json":{"title":"\u0628\u0631\u0646\u064a\u0632 \u0645\u062c\u064a\u0643 \u0623\u0643\u0631\u064a\u0644\u064a\u0643 \u0644\u0627\u0645\u0639 C10 - \u0635\u0628\u0627\u063a\u0627\u062a \u0633\u0627\u0631\u0629","robots":{"index":"index","follow":"follow","max-snippet":"max-snippet:-1","max-image-preview":"max-image-preview:large","max-video-preview":"max-video-preview:-1"},"canonical":"https:\/\/peinturessara.com\/ar\/?product=vernis-magic-acylique-brillant-c-10","og_locale":"ar_AR","og_type":"article","og_title":"\u0628\u0631\u0646\u064a\u0632 \u0645\u062c\u064a\u0643 \u0623\u0643\u0631\u064a\u0644\u064a\u0643 \u0644\u0627\u0645\u0639 C10 - \u0635\u0628\u0627\u063a\u0627\u062a \u0633\u0627\u0631\u0629","og_description":"VERNIS MAGIC ACRYLIQUE BRILLANT C10 est un Vernis \u00e0 deux composants de haute qualit\u00e9 \u00e0 base de r\u00e9sine acrylique hydroxyl\u00e9e durcie par un isocyanate aliphatique, utilis\u00e9 comme couche de finition pour syst\u00e8me de peinture bicouche.  Destination:Vernis de finition pour voitures particuli\u00e8res, Finition industrielle et boiserie en int\u00e9rieur comme en ext\u00e9rieure.  Propri\u00e9t\u00e9s: \u2022 Grande facilit\u00e9 d\u2019application. \u2022 Brillance \u00e9lev\u00e9e et durable. \u2022 Bon \u00e9tat de surface lisse et dure. \u2022 Tr\u00e8s bonne r\u00e9sistance aux UV, au jaunissement et aux intemp\u00e9ries. \u2022 S\u00e9chage rapide.  &nbsp;","og_url":"https:\/\/peinturessara.com\/ar\/?product=vernis-magic-acylique-brillant-c-10","og_site_name":"\u0635\u0628\u0627\u063a\u0627\u062a \u0633\u0627\u0631\u0629","article_publisher":"https:\/\/www.facebook.com\/Peinturessara","article_modified_time":"2023-12-13T10:52:36+00:00","og_image":[{"width":600,"height":600,"url":"https:\/\/peinturessara.com\/ar\/wp-content\/uploads\/2022\/08\/vernisma.png","type":"image\/png"}],"twitter_card":"summary_large_image","schema":{"@context":"https:\/\/schema.org","@graph":[{"@type":"WebPage","@id":"https:\/\/peinturessara.com\/ar\/?product=vernis-magic-acylique-brillant-c-10","url":"https:\/\/peinturessara.com\/ar\/?product=vernis-magic-acylique-brillant-c-10","name":"\u0628\u0631\u0646\u064a\u0632 \u0645\u062c\u064a\u0643 \u0623\u0643\u0631\u064a\u0644\u064a\u0643 \u0644\u0627\u0645\u0639 C10 - \u0635\u0628\u0627\u063a\u0627\u062a \u0633\u0627\u0631\u0629","isPartOf":{"@id":"https:\/\/peinturessara.com\/ar\/#website"},"datePublished":"2022-08-10T09:33:04+00:00","dateModified":"2023-12-13T10:52:36+00:00","breadcrumb":{"@id":"https:\/\/peinturessara.com\/ar\/?product=vernis-magic-acylique-brillant-c-10#breadcrumb"},"inLanguage":"ar","potentialAction":[{"@type":"ReadAction","target":["https:\/\/peinturessara.com\/ar\/?product=vernis-magic-acylique-brillant-c-10"]}]},{"@type":"BreadcrumbList","@id":"https:\/\/peinturessara.com\/ar\/?product=vernis-magic-acylique-brillant-c-10#breadcrumb","itemListElement":[{"@type":"ListItem","position":1,"name":"\u0627\u0644\u0631\u0626\u064a\u0633\u064a\u0629","item":"https:\/\/peinturessara.com\/ar\/"},{"@type":"ListItem","position":2,"name":"SARA PEINTURES","item":"https:\/\/peinturessara.com\/ar\/?page_id=9"},{"@type":"ListItem","position":3,"name":"\u0627\u0644\u0635\u0628\u0627\u063a\u0627\u062a \u0627\u0644\u0635\u0646\u0627\u0639\u064a\u0629","item":"https:\/\/peinturessara.com\/ar\/product-category\/peintures-carrosserie\/"},{"@type":"ListItem","position":4,"name":"\u0628\u0631\u0646\u064a\u0632 \u0645\u062c\u064a\u0643 \u0623\u0643\u0631\u064a\u0644\u064a\u0643 \u0644\u0627\u0645\u0639 C10"}]},{"@type":"WebSite","@id":"https:\/\/peinturessara.com\/ar\/#website","url":"https:\/\/peinturessara.com\/ar\/","name":"https:\/\/peinturessara.com","description":"Peintures Innovantes","publisher":{"@id":"https:\/\/peinturessara.com\/ar\/#organization"},"potentialAction":[{"@type":"SearchAction","target":{"@type":"EntryPoint","urlTemplate":"https:\/\/peinturessara.com\/ar\/?s={search_term_string}"},"query-input":"required name=search_term_string"}],"inLanguage":"ar"},{"@type":"Organization","@id":"https:\/\/peinturessara.com\/ar\/#organization","name":"https:\/\/peinturessara.com","url":"https:\/\/peinturessara.com\/ar\/","logo":{"@type":"ImageObject","inLanguage":"ar","@id":"https:\/\/peinturessara.com\/ar\/#\/schema\/logo\/image\/","url":"https:\/\/peinturessara.com\/wp-content\/uploads\/2022\/05\/logo-sara.png","contentUrl":"https:\/\/peinturessara.com\/wp-content\/uploads\/2022\/05\/logo-sara.png","width":221,"height":65,"caption":"https:\/\/peinturessara.com"},"image":{"@id":"https:\/\/peinturessara.com\/ar\/#\/schema\/logo\/image\/"},"sameAs":["https:\/\/www.facebook.com\/Peinturessara"]}]}},"_links":{"self":[{"href":"https:\/\/peinturessara.com\/ar\/index.php?rest_route=\/wp\/v2\/product\/6936","targetHints":{"allow":["GET"]}}],"collection":[{"href":"https:\/\/peinturessara.com\/ar\/index.php?rest_route=\/wp\/v2\/product"}],"about":[{"href":"https:\/\/peinturessara.com\/ar\/index.php?rest_route=\/wp\/v2\/types\/product"}],"wp:featuredmedia":[{"embeddable":true,"href":"https:\/\/peinturessara.com\/ar\/index.php?rest_route=\/wp\/v2\/media\/6952"}],"wp:attachment":[{"href":"https:\/\/peinturessara.com\/ar\/index.php?rest_route=%2Fwp%2Fv2%2Fmedia&parent=6936"}],"wp:term":[{"taxonomy":"product_cat","embeddable":true,"href":"https:\/\/peinturessara.com\/ar\/index.php?rest_route=%2Fwp%2Fv2%2Fproduct_cat&post=6936"},{"taxonomy":"product_tag","embeddable":true,"href":"https:\/\/peinturessara.com\/ar\/index.php?rest_route=%2Fwp%2Fv2%2Fproduct_tag&post=6936"}],"curies":[{"name":"wp","href":"https:\/\/api.w.org\/{rel}","templated":true}]}}