{"id":6874,"date":"2022-08-02T10:42:05","date_gmt":"2022-08-02T08:42:05","guid":{"rendered":"https:\/\/peinturessara.com\/?post_type=product&#038;p=6874"},"modified":"2023-12-13T11:35:14","modified_gmt":"2023-12-13T10:35:14","slug":"saraprim-transparent","status":"publish","type":"product","link":"https:\/\/peinturessara.com\/ar\/?product=saraprim-transparent","title":{"rendered":"\u0633\u0627\u0631\u0628\u0631\u064a\u0645 \u0634\u0641\u0627\u0641"},"content":{"rendered":"<p><span style=\"color: #808000;\"><em><strong>Caract\u00e9ristiques techniques:<\/strong><\/em><\/span><\/p>\n<p>&nbsp;<\/p>\n<table style=\"height: 289px; width: 808px; float: left;\">\n<tbody>\n<tr>\n<td style=\"background-color: #f6f6f4; border: 1px solid #ffffff;\"><em><span style=\"color: #000000;\"><strong><span style=\"font-size: 12pt; color: #000000;\">Dilution<\/span><\/strong><\/span><\/em><\/td>\n<td style=\"background-color: #f6f6f4; border: 1px solid #ffffff;\"><span style=\"font-size: 12pt;\">\u00a0<span style=\"color: #000000;\">Eau<\/span><\/span><\/td>\n<\/tr>\n<tr>\n<td style=\"background-color: #f6f6f4; border: 1px solid #ffffff;\"><em><span style=\"color: #000000;\"><strong><span style=\"font-size: 12pt; color: #000000;\">Aspect<\/span><\/strong><\/span><\/em><\/td>\n<td style=\"background-color: #f6f6f4; border: 1px solid #ffffff;\"><span style=\"font-size: 12pt;\">\u00a0<span style=\"color: #000000;\">satin\u00e9e<\/span><\/span><\/td>\n<\/tr>\n<tr>\n<td style=\"background-color: #f6f6f4; border: 1px solid #ffffff;\"><em><span style=\"color: #000000;\"><strong><span style=\"font-size: 12pt;\">S\u00e9chage<\/span><\/strong><\/span><\/em><\/td>\n<td style=\"background-color: #f6f6f4; border: 1px solid #ffffff;\"><span style=\"font-size: 12pt;\">\u00a0<span style=\"color: #000000;\">hors poussi\u00e8re : 1 heure\/ sec : 2 heures<\/span><\/span><\/td>\n<\/tr>\n<tr>\n<td style=\"background-color: #f6f6f4; border: 1px solid #ffffff;\"><em><span style=\"color: #000000;\"><strong><span style=\"font-size: 12pt;\">Teinte<\/span><\/strong><\/span><\/em><\/td>\n<td style=\"background-color: #f6f6f4; border: 1px solid #ffffff;\"><span style=\"font-size: 12pt;\">\u00a0<span style=\"color: #000000;\">Transparente<\/span><\/span><\/td>\n<\/tr>\n<tr>\n<td style=\"background-color: #f6f6f4; border: 1px solid #ffffff;\"><span style=\"color: #000000;\"><em><strong><span style=\"font-size: 12pt;\">Rendement<\/span><\/strong><\/em><\/span><\/td>\n<td style=\"background-color: #f6f6f4; border: 1px solid #ffffff;\"><span style=\"font-size: 12pt;\">\u00a0<span style=\"color: #000000;\">10 m\u00b2 \/ Kg<\/span><\/span><\/td>\n<\/tr>\n<tr>\n<td style=\"background-color: #f6f6f4; border: 1px solid #ffffff;\"><span style=\"color: #000000;\"><em><strong><span style=\"font-size: 12pt;\">Conditionnement<\/span><\/strong><\/em><\/span><\/td>\n<td style=\"background-color: #f6f6f4; border: 1px solid #ffffff;\"><span style=\"font-size: 12pt;\">\u00a0<span style=\"color: #000000;\">0,8 L &#8211; 2,5L \u2013 15 L<\/span><\/span><\/td>\n<\/tr>\n<tr>\n<td style=\"background-color: #f6f6f4; border: 1px solid #ffffff;\"><span style=\"color: #000000;\"><em><strong><span style=\"font-size: 12pt;\">Mat\u00e9riel d\u2019application<\/span><\/strong><\/em><\/span><\/td>\n<td style=\"background-color: #f6f6f4; border: 1px solid #ffffff;\"><span style=\"font-size: 12pt;\">\u00a0<span style=\"color: #000000;\">Rouleau &#8211; brosse<\/span><\/span><\/td>\n<\/tr>\n<tr>\n<td style=\"background-color: #f6f6f4; border: 1px solid #ffffff;\"><span style=\"color: #000000;\"><em><strong><span style=\"font-size: 12pt;\">Conservation<\/span><\/strong><\/em><\/span><\/td>\n<td style=\"background-color: #f6f6f4; border: 1px solid #ffffff;\"><span style=\"font-size: 12pt;\">\u00a0<span style=\"color: #000000;\">Un an en emballage ferm\u00e9<\/span><\/span><\/td>\n<\/tr>\n<\/tbody>\n<\/table>\n<p>&nbsp;<\/p>\n<p>&nbsp;<\/p>\n<p>&nbsp;<\/p>\n<p>&nbsp;<\/p>\n<p>&nbsp;<\/p>\n<p>&nbsp;<\/p>\n<p>&nbsp;<\/p>\n<p>&nbsp;<\/p>\n<p>&nbsp;<\/p>\n<p>&nbsp;<\/p>\n<p>&nbsp;<\/p>\n<p>&nbsp;<\/p>\n<p>&nbsp;<\/p>\n<p><span style=\"color: #808000;\"><em><strong>Mode d\u2019application:<\/strong><\/em><\/span><\/p>\n<p>&nbsp;<\/p>\n<p><span style=\"color: #000000; font-size: 12pt;\"><em><strong>Pr\u00e9paration de surface<\/strong> <\/em>: Les supports doivent \u00eatre sains, secs, propres et pr\u00e9par\u00e9s dans les r\u00e8gles de l\u2019art, conform\u00e9ment aux prescriptions du DTU 59.1.<br \/>\n<\/span><\/p>\n<p><span style=\"color: #000000; font-size: 12pt;\"><em><strong>Application\u00a0:<\/strong> <\/em>Appliquer une seule couche fine, dilu\u00e9e \u00e0 30%, et Laisser s\u00e9cher 3 heures avant manipulation ou quelconque sollicitation.<\/span><\/p>\n","protected":false},"excerpt":{"rendered":"<p><span style=\"color: #000000;\">SARAPRIM TRANSPARENT est une impression transparente en phase aqueuse, con\u00e7ue pour l&#8217;imperm\u00e9abilisation et la protection des supports de ma\u00e7onnerie, de bois et de pl\u00e2tre.<\/span><\/p>\n<p><span style=\"color: #000000;\"><strong>Destination:<\/strong> Int\u00e9rieur<\/span><\/p>\n<p><span style=\"color: #000000;\"><strong>Propri\u00e9t\u00e9s:<\/strong><\/span><br \/>\n<span style=\"color: #000000;\"><strong>\u2022<\/strong> Durcissement rapide<\/span><br \/>\n<span style=\"color: #000000;\"><strong>\u2022<\/strong> Fixe, isole et r\u00e9gularise la porosit\u00e9 des supports<\/span><br \/>\n<span style=\"color: #000000;\"><strong>\u2022<\/strong> Rendement \u00e9lev\u00e9.<\/span><\/p>\n<p class=\"p1\">[umea_core_button button_layout=\"textual\" text=\"T\u00e9l\u00e9charger la Fiche Technique\" link=\"https:\/\/peinturessara.com\/wp-content\/uploads\/pdf\/batiments\/SARAPRIM-TRANSPARENT-FT.pdf\" color=\"#000\" hover_color=\"#000\" target=\"_blank\"]<\/p>\n","protected":false},"featured_media":6875,"template":"","meta":[],"product_cat":[92,83],"product_tag":[],"class_list":{"0":"post-6874","1":"product","2":"type-product","3":"status-publish","4":"has-post-thumbnail","6":"product_cat-impressions-produits-de-batiments","7":"product_cat-produits-de-batiments","9":"first","10":"instock","11":"shipping-taxable","12":"product-type-simple"},"yoast_head":"<!-- This site is optimized with the Yoast SEO plugin v21.7 - https:\/\/yoast.com\/wordpress\/plugins\/seo\/ -->\n<title>\u0633\u0627\u0631\u0628\u0631\u064a\u0645 \u0634\u0641\u0627\u0641 - \u0635\u0628\u0627\u063a\u0627\u062a \u0633\u0627\u0631\u0629<\/title>\n<meta name=\"robots\" content=\"index, follow, max-snippet:-1, max-image-preview:large, max-video-preview:-1\" \/>\n<link rel=\"canonical\" href=\"https:\/\/peinturessara.com\/ar\/?product=saraprim-transparent\" \/>\n<meta property=\"og:locale\" content=\"ar_AR\" \/>\n<meta property=\"og:type\" content=\"article\" \/>\n<meta property=\"og:title\" content=\"\u0633\u0627\u0631\u0628\u0631\u064a\u0645 \u0634\u0641\u0627\u0641 - \u0635\u0628\u0627\u063a\u0627\u062a \u0633\u0627\u0631\u0629\" \/>\n<meta property=\"og:description\" content=\"SARAPRIM TRANSPARENT est une impression transparente en phase aqueuse, con\u00e7ue pour l&#039;imperm\u00e9abilisation et la protection des supports de ma\u00e7onnerie, de bois et de pl\u00e2tre.  Destination: Int\u00e9rieur  Propri\u00e9t\u00e9s: \u2022 Durcissement rapide \u2022 Fixe, isole et r\u00e9gularise la porosit\u00e9 des supports \u2022 Rendement \u00e9lev\u00e9.\" \/>\n<meta property=\"og:url\" content=\"https:\/\/peinturessara.com\/ar\/?product=saraprim-transparent\" \/>\n<meta property=\"og:site_name\" content=\"\u0635\u0628\u0627\u063a\u0627\u062a \u0633\u0627\u0631\u0629\" \/>\n<meta property=\"article:publisher\" content=\"https:\/\/www.facebook.com\/Peinturessara\" \/>\n<meta property=\"article:modified_time\" content=\"2023-12-13T10:35:14+00:00\" \/>\n<meta property=\"og:image\" content=\"https:\/\/peinturessara.com\/ar\/wp-content\/uploads\/2022\/08\/ba3.png\" \/>\n\t<meta property=\"og:image:width\" content=\"600\" \/>\n\t<meta property=\"og:image:height\" content=\"600\" \/>\n\t<meta property=\"og:image:type\" content=\"image\/png\" \/>\n<meta name=\"twitter:card\" content=\"summary_large_image\" \/>\n<meta name=\"twitter:label1\" content=\"\u0648\u0642\u062a \u0627\u0644\u0642\u0631\u0627\u0621\u0629 \u0627\u0644\u0645\u064f\u0642\u062f\u0651\u0631\" \/>\n\t<meta name=\"twitter:data1\" content=\"\u062f\u0642\u064a\u0642\u0629 \u0648\u0627\u062d\u062f\u0629\" \/>\n<script type=\"application\/ld+json\" class=\"yoast-schema-graph\">{\"@context\":\"https:\/\/schema.org\",\"@graph\":[{\"@type\":\"WebPage\",\"@id\":\"https:\/\/peinturessara.com\/ar\/?product=saraprim-transparent\",\"url\":\"https:\/\/peinturessara.com\/ar\/?product=saraprim-transparent\",\"name\":\"\u0633\u0627\u0631\u0628\u0631\u064a\u0645 \u0634\u0641\u0627\u0641 - \u0635\u0628\u0627\u063a\u0627\u062a \u0633\u0627\u0631\u0629\",\"isPartOf\":{\"@id\":\"https:\/\/peinturessara.com\/ar\/#website\"},\"datePublished\":\"2022-08-02T08:42:05+00:00\",\"dateModified\":\"2023-12-13T10:35:14+00:00\",\"breadcrumb\":{\"@id\":\"https:\/\/peinturessara.com\/ar\/?product=saraprim-transparent#breadcrumb\"},\"inLanguage\":\"ar\",\"potentialAction\":[{\"@type\":\"ReadAction\",\"target\":[\"https:\/\/peinturessara.com\/ar\/?product=saraprim-transparent\"]}]},{\"@type\":\"BreadcrumbList\",\"@id\":\"https:\/\/peinturessara.com\/ar\/?product=saraprim-transparent#breadcrumb\",\"itemListElement\":[{\"@type\":\"ListItem\",\"position\":1,\"name\":\"\u0627\u0644\u0631\u0626\u064a\u0633\u064a\u0629\",\"item\":\"https:\/\/peinturessara.com\/ar\/\"},{\"@type\":\"ListItem\",\"position\":2,\"name\":\"SARA PEINTURES\",\"item\":\"https:\/\/peinturessara.com\/ar\/?page_id=9\"},{\"@type\":\"ListItem\",\"position\":3,\"name\":\"\u0635\u0628\u0627\u063a\u0627\u062a \u0627\u0644\u0645\u0628\u0627\u0646\u064a\",\"item\":\"https:\/\/peinturessara.com\/ar\/product-category\/produits-de-batiments\/\"},{\"@type\":\"ListItem\",\"position\":4,\"name\":\"\u0627\u0644\u0637\u0628\u0642\u0627\u062a \u0627\u0644\u0623\u0648\u0644\u064a\u0629\",\"item\":\"https:\/\/peinturessara.com\/ar\/product-category\/produits-de-batiments\/impressions-produits-de-batiments\/\"},{\"@type\":\"ListItem\",\"position\":5,\"name\":\"\u0633\u0627\u0631\u0628\u0631\u064a\u0645 \u0634\u0641\u0627\u0641\"}]},{\"@type\":\"WebSite\",\"@id\":\"https:\/\/peinturessara.com\/ar\/#website\",\"url\":\"https:\/\/peinturessara.com\/ar\/\",\"name\":\"https:\/\/peinturessara.com\",\"description\":\"Peintures Innovantes\",\"publisher\":{\"@id\":\"https:\/\/peinturessara.com\/ar\/#organization\"},\"potentialAction\":[{\"@type\":\"SearchAction\",\"target\":{\"@type\":\"EntryPoint\",\"urlTemplate\":\"https:\/\/peinturessara.com\/ar\/?s={search_term_string}\"},\"query-input\":\"required name=search_term_string\"}],\"inLanguage\":\"ar\"},{\"@type\":\"Organization\",\"@id\":\"https:\/\/peinturessara.com\/ar\/#organization\",\"name\":\"https:\/\/peinturessara.com\",\"url\":\"https:\/\/peinturessara.com\/ar\/\",\"logo\":{\"@type\":\"ImageObject\",\"inLanguage\":\"ar\",\"@id\":\"https:\/\/peinturessara.com\/ar\/#\/schema\/logo\/image\/\",\"url\":\"https:\/\/peinturessara.com\/wp-content\/uploads\/2022\/05\/logo-sara.png\",\"contentUrl\":\"https:\/\/peinturessara.com\/wp-content\/uploads\/2022\/05\/logo-sara.png\",\"width\":221,\"height\":65,\"caption\":\"https:\/\/peinturessara.com\"},\"image\":{\"@id\":\"https:\/\/peinturessara.com\/ar\/#\/schema\/logo\/image\/\"},\"sameAs\":[\"https:\/\/www.facebook.com\/Peinturessara\"]}]}<\/script>\n<!-- \/ Yoast SEO plugin. -->","yoast_head_json":{"title":"\u0633\u0627\u0631\u0628\u0631\u064a\u0645 \u0634\u0641\u0627\u0641 - \u0635\u0628\u0627\u063a\u0627\u062a \u0633\u0627\u0631\u0629","robots":{"index":"index","follow":"follow","max-snippet":"max-snippet:-1","max-image-preview":"max-image-preview:large","max-video-preview":"max-video-preview:-1"},"canonical":"https:\/\/peinturessara.com\/ar\/?product=saraprim-transparent","og_locale":"ar_AR","og_type":"article","og_title":"\u0633\u0627\u0631\u0628\u0631\u064a\u0645 \u0634\u0641\u0627\u0641 - \u0635\u0628\u0627\u063a\u0627\u062a \u0633\u0627\u0631\u0629","og_description":"SARAPRIM TRANSPARENT est une impression transparente en phase aqueuse, con\u00e7ue pour l'imperm\u00e9abilisation et la protection des supports de ma\u00e7onnerie, de bois et de pl\u00e2tre.  Destination: Int\u00e9rieur  Propri\u00e9t\u00e9s: \u2022 Durcissement rapide \u2022 Fixe, isole et r\u00e9gularise la porosit\u00e9 des supports \u2022 Rendement \u00e9lev\u00e9.","og_url":"https:\/\/peinturessara.com\/ar\/?product=saraprim-transparent","og_site_name":"\u0635\u0628\u0627\u063a\u0627\u062a \u0633\u0627\u0631\u0629","article_publisher":"https:\/\/www.facebook.com\/Peinturessara","article_modified_time":"2023-12-13T10:35:14+00:00","og_image":[{"width":600,"height":600,"url":"https:\/\/peinturessara.com\/ar\/wp-content\/uploads\/2022\/08\/ba3.png","type":"image\/png"}],"twitter_card":"summary_large_image","twitter_misc":{"\u0648\u0642\u062a \u0627\u0644\u0642\u0631\u0627\u0621\u0629 \u0627\u0644\u0645\u064f\u0642\u062f\u0651\u0631":"\u062f\u0642\u064a\u0642\u0629 \u0648\u0627\u062d\u062f\u0629"},"schema":{"@context":"https:\/\/schema.org","@graph":[{"@type":"WebPage","@id":"https:\/\/peinturessara.com\/ar\/?product=saraprim-transparent","url":"https:\/\/peinturessara.com\/ar\/?product=saraprim-transparent","name":"\u0633\u0627\u0631\u0628\u0631\u064a\u0645 \u0634\u0641\u0627\u0641 - \u0635\u0628\u0627\u063a\u0627\u062a \u0633\u0627\u0631\u0629","isPartOf":{"@id":"https:\/\/peinturessara.com\/ar\/#website"},"datePublished":"2022-08-02T08:42:05+00:00","dateModified":"2023-12-13T10:35:14+00:00","breadcrumb":{"@id":"https:\/\/peinturessara.com\/ar\/?product=saraprim-transparent#breadcrumb"},"inLanguage":"ar","potentialAction":[{"@type":"ReadAction","target":["https:\/\/peinturessara.com\/ar\/?product=saraprim-transparent"]}]},{"@type":"BreadcrumbList","@id":"https:\/\/peinturessara.com\/ar\/?product=saraprim-transparent#breadcrumb","itemListElement":[{"@type":"ListItem","position":1,"name":"\u0627\u0644\u0631\u0626\u064a\u0633\u064a\u0629","item":"https:\/\/peinturessara.com\/ar\/"},{"@type":"ListItem","position":2,"name":"SARA PEINTURES","item":"https:\/\/peinturessara.com\/ar\/?page_id=9"},{"@type":"ListItem","position":3,"name":"\u0635\u0628\u0627\u063a\u0627\u062a \u0627\u0644\u0645\u0628\u0627\u0646\u064a","item":"https:\/\/peinturessara.com\/ar\/product-category\/produits-de-batiments\/"},{"@type":"ListItem","position":4,"name":"\u0627\u0644\u0637\u0628\u0642\u0627\u062a \u0627\u0644\u0623\u0648\u0644\u064a\u0629","item":"https:\/\/peinturessara.com\/ar\/product-category\/produits-de-batiments\/impressions-produits-de-batiments\/"},{"@type":"ListItem","position":5,"name":"\u0633\u0627\u0631\u0628\u0631\u064a\u0645 \u0634\u0641\u0627\u0641"}]},{"@type":"WebSite","@id":"https:\/\/peinturessara.com\/ar\/#website","url":"https:\/\/peinturessara.com\/ar\/","name":"https:\/\/peinturessara.com","description":"Peintures Innovantes","publisher":{"@id":"https:\/\/peinturessara.com\/ar\/#organization"},"potentialAction":[{"@type":"SearchAction","target":{"@type":"EntryPoint","urlTemplate":"https:\/\/peinturessara.com\/ar\/?s={search_term_string}"},"query-input":"required name=search_term_string"}],"inLanguage":"ar"},{"@type":"Organization","@id":"https:\/\/peinturessara.com\/ar\/#organization","name":"https:\/\/peinturessara.com","url":"https:\/\/peinturessara.com\/ar\/","logo":{"@type":"ImageObject","inLanguage":"ar","@id":"https:\/\/peinturessara.com\/ar\/#\/schema\/logo\/image\/","url":"https:\/\/peinturessara.com\/wp-content\/uploads\/2022\/05\/logo-sara.png","contentUrl":"https:\/\/peinturessara.com\/wp-content\/uploads\/2022\/05\/logo-sara.png","width":221,"height":65,"caption":"https:\/\/peinturessara.com"},"image":{"@id":"https:\/\/peinturessara.com\/ar\/#\/schema\/logo\/image\/"},"sameAs":["https:\/\/www.facebook.com\/Peinturessara"]}]}},"_links":{"self":[{"href":"https:\/\/peinturessara.com\/ar\/index.php?rest_route=\/wp\/v2\/product\/6874","targetHints":{"allow":["GET"]}}],"collection":[{"href":"https:\/\/peinturessara.com\/ar\/index.php?rest_route=\/wp\/v2\/product"}],"about":[{"href":"https:\/\/peinturessara.com\/ar\/index.php?rest_route=\/wp\/v2\/types\/product"}],"wp:featuredmedia":[{"embeddable":true,"href":"https:\/\/peinturessara.com\/ar\/index.php?rest_route=\/wp\/v2\/media\/6875"}],"wp:attachment":[{"href":"https:\/\/peinturessara.com\/ar\/index.php?rest_route=%2Fwp%2Fv2%2Fmedia&parent=6874"}],"wp:term":[{"taxonomy":"product_cat","embeddable":true,"href":"https:\/\/peinturessara.com\/ar\/index.php?rest_route=%2Fwp%2Fv2%2Fproduct_cat&post=6874"},{"taxonomy":"product_tag","embeddable":true,"href":"https:\/\/peinturessara.com\/ar\/index.php?rest_route=%2Fwp%2Fv2%2Fproduct_tag&post=6874"}],"curies":[{"name":"wp","href":"https:\/\/api.w.org\/{rel}","templated":true}]}}