{"id":6838,"date":"2022-07-14T10:49:50","date_gmt":"2022-07-14T08:49:50","guid":{"rendered":"https:\/\/peinturessara.com\/?post_type=product&#038;p=6838"},"modified":"2023-12-13T11:54:10","modified_gmt":"2023-12-13T10:54:10","slug":"vernis-sarawood","status":"publish","type":"product","link":"https:\/\/peinturessara.com\/ar\/?product=vernis-sarawood","title":{"rendered":"\u0628\u0631\u0646\u064a\u0632 \u0633\u0627\u0631\u0639\u0648\u062f \u0633\u0627\u0646\u062a\u064a\u062a\u064a\u0643"},"content":{"rendered":"<p><span style=\"color: #808000;\"><em><strong>Caract\u00e9ristiques techniques:<\/strong><\/em><\/span><\/p>\n<p>&nbsp;<\/p>\n<table style=\"height: 289px; width: 808px; float: left;\">\n<tbody>\n<tr>\n<td style=\"background-color: #f6f6f4; border: 1px solid #ffffff;\"><em><span style=\"color: #000000;\"><strong><span style=\"font-size: 12pt; color: #000000;\">Dilution<\/span><\/strong><\/span><\/em><\/td>\n<td style=\"background-color: #f6f6f4; border: 1px solid #ffffff;\"><span style=\"font-size: 12pt;\">\u00a0<span style=\"color: #000000;\">White spirit<\/span><\/span><\/td>\n<\/tr>\n<tr>\n<td style=\"background-color: #f6f6f4; border: 1px solid #ffffff;\"><em><span style=\"color: #000000;\"><strong><span style=\"font-size: 12pt; color: #000000;\">Aspect<\/span><\/strong><\/span><\/em><\/td>\n<td style=\"background-color: #f6f6f4; border: 1px solid #ffffff;\"><span style=\"font-size: 12pt;\">\u00a0<span style=\"color: #000000;\">Brillant<\/span><\/span><\/td>\n<\/tr>\n<tr>\n<td style=\"background-color: #f6f6f4; border: 1px solid #ffffff;\"><em><span style=\"color: #000000;\"><strong><span style=\"font-size: 12pt;\">S\u00e9chage<\/span><\/strong><\/span><\/em><\/td>\n<td style=\"background-color: #f6f6f4; border: 1px solid #ffffff;\"><span style=\"font-size: 12pt;\">\u00a0<span style=\"color: #000000;\">Hors poussi\u00e8re : 1h\/ sec : 9 heures \/ Dur : 24h<\/span><\/span><\/td>\n<\/tr>\n<tr>\n<td style=\"background-color: #f6f6f4; border: 1px solid #ffffff;\"><em><span style=\"color: #000000;\"><strong><span style=\"font-size: 12pt;\">Teinte<\/span><\/strong><\/span><\/em><\/td>\n<td style=\"background-color: #f6f6f4; border: 1px solid #ffffff;\"><span style=\"font-size: 12pt;\">\u00a0<span style=\"color: #000000;\">Voir nuancier<\/span><\/span><\/td>\n<\/tr>\n<tr>\n<td style=\"background-color: #f6f6f4; border: 1px solid #ffffff;\"><span style=\"color: #000000;\"><em><strong><span style=\"font-size: 12pt;\">Rendement<\/span><\/strong><\/em><\/span><\/td>\n<td style=\"background-color: #f6f6f4; border: 1px solid #ffffff;\"><span style=\"font-size: 12pt;\">\u00a0<span style=\"color: #000000;\">10 \u00e0 12 m\u00b2 \/ Kg<\/span><\/span><\/td>\n<\/tr>\n<tr>\n<td style=\"background-color: #f6f6f4; border: 1px solid #ffffff;\"><span style=\"color: #000000;\"><em><strong><span style=\"font-size: 12pt;\">Conditionnement<\/span><\/strong><\/em><\/span><\/td>\n<td style=\"background-color: #f6f6f4; border: 1px solid #ffffff;\"><span style=\"font-size: 12pt;\">\u00a0<span style=\"color: #000000;\">0,75 L<\/span><\/span><\/td>\n<\/tr>\n<tr>\n<td style=\"background-color: #f6f6f4; border: 1px solid #ffffff;\"><span style=\"color: #000000;\"><em><strong><span style=\"font-size: 12pt;\">Mat\u00e9riel d\u2019application<\/span><\/strong><\/em><\/span><\/td>\n<td style=\"background-color: #f6f6f4; border: 1px solid #ffffff;\"><span style=\"font-size: 12pt;\">\u00a0<span style=\"color: #000000;\">Pinceau et pistolet<\/span><\/span><\/td>\n<\/tr>\n<tr>\n<td style=\"background-color: #f6f6f4; border: 1px solid #ffffff;\"><span style=\"color: #000000;\"><em><strong><span style=\"font-size: 12pt;\">Conservation<\/span><\/strong><\/em><\/span><\/td>\n<td style=\"background-color: #f6f6f4; border: 1px solid #ffffff;\"><span style=\"font-size: 12pt;\">\u00a0<span style=\"color: #000000;\">Un an en emballage ferm\u00e9<\/span><\/span><\/td>\n<\/tr>\n<\/tbody>\n<\/table>\n<p>&nbsp;<\/p>\n<p>&nbsp;<\/p>\n<p>&nbsp;<\/p>\n<p>&nbsp;<\/p>\n<p>&nbsp;<\/p>\n<p>&nbsp;<\/p>\n<p>&nbsp;<\/p>\n<p>&nbsp;<\/p>\n<p>&nbsp;<\/p>\n<p>&nbsp;<\/p>\n<p>&nbsp;<\/p>\n<p>&nbsp;<\/p>\n<p>&nbsp;<\/p>\n<p><span style=\"color: #808000;\"><em><strong>Mode d\u2019application:<\/strong><\/em><\/span><\/p>\n<p>&nbsp;<\/p>\n<p><span style=\"color: #000000; font-size: 12pt;\"><em><strong>Pr\u00e9paration de surface<\/strong> <\/em>: Les supports doivent \u00eatre sains, secs, propres et pr\u00e9par\u00e9s dans les r\u00e8gles de l\u2019art, conform\u00e9ment aux prescriptions du DTU 59.1.<\/span><\/p>\n<p><span style=\"color: #000000; font-size: 12pt;\"><em><strong>Etape 1\u00a0:<\/strong> <\/em>: Appliquer 1 \u00e0 2 couches de surfaceur (bouche-pores).<\/span><br \/>\n<span style=\"color: #000000; font-size: 12pt;\"><em><strong>Etape 2\u00a0:<\/strong> <\/em>: Apr\u00e8s 2 heures de s\u00e9chage, poncer et d\u00e9poussi\u00e9rer le film.<\/span><br \/>\n<span style=\"color: #000000; font-size: 12pt;\"><em><strong>Etape 2\u00a0:<\/strong> <\/em>: En finition, appliquer 2 couches de vernis SARAWOOD.<\/span><\/p>\n","protected":false},"excerpt":{"rendered":"<p><span style=\"color: #000000;\">SARAWOOD est un Vernis synth\u00e9tique teint\u00e9 brillant, Con\u00e7u pour la protection et la d\u00e9coration de tout type de travaux de boiseries int\u00e9rieures et ext\u00e9rieures.<\/span><\/p>\n<p><span style=\"color: #000000;\"><strong>Destination:<\/strong> Int\u00e9rieur \/ Ext\u00e9rieur<\/span><\/p>\n<p><span style=\"color: #000000;\"><strong>Propri\u00e9t\u00e9s:<\/strong><\/span><br \/>\n<span style=\"color: #000000;\"><strong>\u2022<\/strong> Grande facilit\u00e9 d\u2019application.<\/span><br \/>\n<span style=\"color: #000000;\"><strong>\u2022<\/strong> Haute durabilit\u00e9.<\/span><br \/>\n<span style=\"color: #000000;\"><strong>\u2022<\/strong> Large choix de teintes.<\/span><\/p>\n<p>&nbsp;<\/p>\n<p class=\"p1\">[umea_core_button button_layout=\"textual\" text=\"T\u00e9l\u00e9charger la Fiche Technique\" link=\"https:\/\/peinturessara.com\/wp-content\/uploads\/pdf\/Vernis\/VERNIS-SARAWOOD.pdf\" color=\"#000\" hover_color=\"#000\" target=\"_blank\"]<\/p>\n<p>&nbsp;<\/p>\n","protected":false},"featured_media":6840,"template":"","meta":[],"product_cat":[81],"product_tag":[],"class_list":{"0":"post-6838","1":"product","2":"type-product","3":"status-publish","4":"has-post-thumbnail","6":"product_cat-vernis","8":"first","9":"instock","10":"shipping-taxable","11":"product-type-simple"},"yoast_head":"<!-- This site is optimized with the Yoast SEO plugin v21.7 - https:\/\/yoast.com\/wordpress\/plugins\/seo\/ -->\n<title>\u0628\u0631\u0646\u064a\u0632 \u0633\u0627\u0631\u0639\u0648\u062f \u0633\u0627\u0646\u062a\u064a\u062a\u064a\u0643 - \u0635\u0628\u0627\u063a\u0627\u062a \u0633\u0627\u0631\u0629<\/title>\n<meta name=\"robots\" content=\"index, follow, max-snippet:-1, max-image-preview:large, max-video-preview:-1\" \/>\n<link rel=\"canonical\" href=\"https:\/\/peinturessara.com\/ar\/?product=vernis-sarawood\" \/>\n<meta property=\"og:locale\" content=\"ar_AR\" \/>\n<meta property=\"og:type\" content=\"article\" \/>\n<meta property=\"og:title\" content=\"\u0628\u0631\u0646\u064a\u0632 \u0633\u0627\u0631\u0639\u0648\u062f \u0633\u0627\u0646\u062a\u064a\u062a\u064a\u0643 - \u0635\u0628\u0627\u063a\u0627\u062a \u0633\u0627\u0631\u0629\" \/>\n<meta property=\"og:description\" content=\"SARAWOOD est un Vernis synth\u00e9tique teint\u00e9 brillant, Con\u00e7u pour la protection et la d\u00e9coration de tout type de travaux de boiseries int\u00e9rieures et ext\u00e9rieures.  Destination: Int\u00e9rieur \/ Ext\u00e9rieur  Propri\u00e9t\u00e9s: \u2022 Grande facilit\u00e9 d\u2019application. \u2022 Haute durabilit\u00e9. \u2022 Large choix de teintes.  &nbsp;  &nbsp;\" \/>\n<meta property=\"og:url\" content=\"https:\/\/peinturessara.com\/ar\/?product=vernis-sarawood\" \/>\n<meta property=\"og:site_name\" content=\"\u0635\u0628\u0627\u063a\u0627\u062a \u0633\u0627\u0631\u0629\" \/>\n<meta property=\"article:publisher\" content=\"https:\/\/www.facebook.com\/Peinturessara\" \/>\n<meta property=\"article:modified_time\" content=\"2023-12-13T10:54:10+00:00\" \/>\n<meta property=\"og:image\" content=\"https:\/\/peinturessara.com\/ar\/wp-content\/uploads\/2022\/07\/Sarawood.png\" \/>\n\t<meta property=\"og:image:width\" content=\"600\" \/>\n\t<meta property=\"og:image:height\" content=\"600\" \/>\n\t<meta property=\"og:image:type\" content=\"image\/png\" \/>\n<meta name=\"twitter:card\" content=\"summary_large_image\" \/>\n<meta name=\"twitter:label1\" content=\"\u0648\u0642\u062a \u0627\u0644\u0642\u0631\u0627\u0621\u0629 \u0627\u0644\u0645\u064f\u0642\u062f\u0651\u0631\" \/>\n\t<meta name=\"twitter:data1\" content=\"\u062f\u0642\u064a\u0642\u0629 \u0648\u0627\u062d\u062f\u0629\" \/>\n<script type=\"application\/ld+json\" class=\"yoast-schema-graph\">{\"@context\":\"https:\/\/schema.org\",\"@graph\":[{\"@type\":\"WebPage\",\"@id\":\"https:\/\/peinturessara.com\/ar\/?product=vernis-sarawood\",\"url\":\"https:\/\/peinturessara.com\/ar\/?product=vernis-sarawood\",\"name\":\"\u0628\u0631\u0646\u064a\u0632 \u0633\u0627\u0631\u0639\u0648\u062f \u0633\u0627\u0646\u062a\u064a\u062a\u064a\u0643 - \u0635\u0628\u0627\u063a\u0627\u062a \u0633\u0627\u0631\u0629\",\"isPartOf\":{\"@id\":\"https:\/\/peinturessara.com\/ar\/#website\"},\"datePublished\":\"2022-07-14T08:49:50+00:00\",\"dateModified\":\"2023-12-13T10:54:10+00:00\",\"breadcrumb\":{\"@id\":\"https:\/\/peinturessara.com\/ar\/?product=vernis-sarawood#breadcrumb\"},\"inLanguage\":\"ar\",\"potentialAction\":[{\"@type\":\"ReadAction\",\"target\":[\"https:\/\/peinturessara.com\/ar\/?product=vernis-sarawood\"]}]},{\"@type\":\"BreadcrumbList\",\"@id\":\"https:\/\/peinturessara.com\/ar\/?product=vernis-sarawood#breadcrumb\",\"itemListElement\":[{\"@type\":\"ListItem\",\"position\":1,\"name\":\"\u0627\u0644\u0631\u0626\u064a\u0633\u064a\u0629\",\"item\":\"https:\/\/peinturessara.com\/ar\/\"},{\"@type\":\"ListItem\",\"position\":2,\"name\":\"SARA PEINTURES\",\"item\":\"https:\/\/peinturessara.com\/ar\/?page_id=9\"},{\"@type\":\"ListItem\",\"position\":3,\"name\":\"\u0628\u0631\u0646\u064a\u0632 \u0644\u0644\u062e\u0634\u0628\",\"item\":\"https:\/\/peinturessara.com\/ar\/?product_cat=vernis\"},{\"@type\":\"ListItem\",\"position\":4,\"name\":\"\u0628\u0631\u0646\u064a\u0632 \u0633\u0627\u0631\u0639\u0648\u062f \u0633\u0627\u0646\u062a\u064a\u062a\u064a\u0643\"}]},{\"@type\":\"WebSite\",\"@id\":\"https:\/\/peinturessara.com\/ar\/#website\",\"url\":\"https:\/\/peinturessara.com\/ar\/\",\"name\":\"https:\/\/peinturessara.com\",\"description\":\"Peintures Innovantes\",\"publisher\":{\"@id\":\"https:\/\/peinturessara.com\/ar\/#organization\"},\"potentialAction\":[{\"@type\":\"SearchAction\",\"target\":{\"@type\":\"EntryPoint\",\"urlTemplate\":\"https:\/\/peinturessara.com\/ar\/?s={search_term_string}\"},\"query-input\":\"required name=search_term_string\"}],\"inLanguage\":\"ar\"},{\"@type\":\"Organization\",\"@id\":\"https:\/\/peinturessara.com\/ar\/#organization\",\"name\":\"https:\/\/peinturessara.com\",\"url\":\"https:\/\/peinturessara.com\/ar\/\",\"logo\":{\"@type\":\"ImageObject\",\"inLanguage\":\"ar\",\"@id\":\"https:\/\/peinturessara.com\/ar\/#\/schema\/logo\/image\/\",\"url\":\"https:\/\/peinturessara.com\/wp-content\/uploads\/2022\/05\/logo-sara.png\",\"contentUrl\":\"https:\/\/peinturessara.com\/wp-content\/uploads\/2022\/05\/logo-sara.png\",\"width\":221,\"height\":65,\"caption\":\"https:\/\/peinturessara.com\"},\"image\":{\"@id\":\"https:\/\/peinturessara.com\/ar\/#\/schema\/logo\/image\/\"},\"sameAs\":[\"https:\/\/www.facebook.com\/Peinturessara\"]}]}<\/script>\n<!-- \/ Yoast SEO plugin. -->","yoast_head_json":{"title":"\u0628\u0631\u0646\u064a\u0632 \u0633\u0627\u0631\u0639\u0648\u062f \u0633\u0627\u0646\u062a\u064a\u062a\u064a\u0643 - \u0635\u0628\u0627\u063a\u0627\u062a \u0633\u0627\u0631\u0629","robots":{"index":"index","follow":"follow","max-snippet":"max-snippet:-1","max-image-preview":"max-image-preview:large","max-video-preview":"max-video-preview:-1"},"canonical":"https:\/\/peinturessara.com\/ar\/?product=vernis-sarawood","og_locale":"ar_AR","og_type":"article","og_title":"\u0628\u0631\u0646\u064a\u0632 \u0633\u0627\u0631\u0639\u0648\u062f \u0633\u0627\u0646\u062a\u064a\u062a\u064a\u0643 - \u0635\u0628\u0627\u063a\u0627\u062a \u0633\u0627\u0631\u0629","og_description":"SARAWOOD est un Vernis synth\u00e9tique teint\u00e9 brillant, Con\u00e7u pour la protection et la d\u00e9coration de tout type de travaux de boiseries int\u00e9rieures et ext\u00e9rieures.  Destination: Int\u00e9rieur \/ Ext\u00e9rieur  Propri\u00e9t\u00e9s: \u2022 Grande facilit\u00e9 d\u2019application. \u2022 Haute durabilit\u00e9. \u2022 Large choix de teintes.  &nbsp;  &nbsp;","og_url":"https:\/\/peinturessara.com\/ar\/?product=vernis-sarawood","og_site_name":"\u0635\u0628\u0627\u063a\u0627\u062a \u0633\u0627\u0631\u0629","article_publisher":"https:\/\/www.facebook.com\/Peinturessara","article_modified_time":"2023-12-13T10:54:10+00:00","og_image":[{"width":600,"height":600,"url":"https:\/\/peinturessara.com\/ar\/wp-content\/uploads\/2022\/07\/Sarawood.png","type":"image\/png"}],"twitter_card":"summary_large_image","twitter_misc":{"\u0648\u0642\u062a \u0627\u0644\u0642\u0631\u0627\u0621\u0629 \u0627\u0644\u0645\u064f\u0642\u062f\u0651\u0631":"\u062f\u0642\u064a\u0642\u0629 \u0648\u0627\u062d\u062f\u0629"},"schema":{"@context":"https:\/\/schema.org","@graph":[{"@type":"WebPage","@id":"https:\/\/peinturessara.com\/ar\/?product=vernis-sarawood","url":"https:\/\/peinturessara.com\/ar\/?product=vernis-sarawood","name":"\u0628\u0631\u0646\u064a\u0632 \u0633\u0627\u0631\u0639\u0648\u062f \u0633\u0627\u0646\u062a\u064a\u062a\u064a\u0643 - \u0635\u0628\u0627\u063a\u0627\u062a \u0633\u0627\u0631\u0629","isPartOf":{"@id":"https:\/\/peinturessara.com\/ar\/#website"},"datePublished":"2022-07-14T08:49:50+00:00","dateModified":"2023-12-13T10:54:10+00:00","breadcrumb":{"@id":"https:\/\/peinturessara.com\/ar\/?product=vernis-sarawood#breadcrumb"},"inLanguage":"ar","potentialAction":[{"@type":"ReadAction","target":["https:\/\/peinturessara.com\/ar\/?product=vernis-sarawood"]}]},{"@type":"BreadcrumbList","@id":"https:\/\/peinturessara.com\/ar\/?product=vernis-sarawood#breadcrumb","itemListElement":[{"@type":"ListItem","position":1,"name":"\u0627\u0644\u0631\u0626\u064a\u0633\u064a\u0629","item":"https:\/\/peinturessara.com\/ar\/"},{"@type":"ListItem","position":2,"name":"SARA PEINTURES","item":"https:\/\/peinturessara.com\/ar\/?page_id=9"},{"@type":"ListItem","position":3,"name":"\u0628\u0631\u0646\u064a\u0632 \u0644\u0644\u062e\u0634\u0628","item":"https:\/\/peinturessara.com\/ar\/?product_cat=vernis"},{"@type":"ListItem","position":4,"name":"\u0628\u0631\u0646\u064a\u0632 \u0633\u0627\u0631\u0639\u0648\u062f \u0633\u0627\u0646\u062a\u064a\u062a\u064a\u0643"}]},{"@type":"WebSite","@id":"https:\/\/peinturessara.com\/ar\/#website","url":"https:\/\/peinturessara.com\/ar\/","name":"https:\/\/peinturessara.com","description":"Peintures Innovantes","publisher":{"@id":"https:\/\/peinturessara.com\/ar\/#organization"},"potentialAction":[{"@type":"SearchAction","target":{"@type":"EntryPoint","urlTemplate":"https:\/\/peinturessara.com\/ar\/?s={search_term_string}"},"query-input":"required name=search_term_string"}],"inLanguage":"ar"},{"@type":"Organization","@id":"https:\/\/peinturessara.com\/ar\/#organization","name":"https:\/\/peinturessara.com","url":"https:\/\/peinturessara.com\/ar\/","logo":{"@type":"ImageObject","inLanguage":"ar","@id":"https:\/\/peinturessara.com\/ar\/#\/schema\/logo\/image\/","url":"https:\/\/peinturessara.com\/wp-content\/uploads\/2022\/05\/logo-sara.png","contentUrl":"https:\/\/peinturessara.com\/wp-content\/uploads\/2022\/05\/logo-sara.png","width":221,"height":65,"caption":"https:\/\/peinturessara.com"},"image":{"@id":"https:\/\/peinturessara.com\/ar\/#\/schema\/logo\/image\/"},"sameAs":["https:\/\/www.facebook.com\/Peinturessara"]}]}},"_links":{"self":[{"href":"https:\/\/peinturessara.com\/ar\/index.php?rest_route=\/wp\/v2\/product\/6838","targetHints":{"allow":["GET"]}}],"collection":[{"href":"https:\/\/peinturessara.com\/ar\/index.php?rest_route=\/wp\/v2\/product"}],"about":[{"href":"https:\/\/peinturessara.com\/ar\/index.php?rest_route=\/wp\/v2\/types\/product"}],"wp:featuredmedia":[{"embeddable":true,"href":"https:\/\/peinturessara.com\/ar\/index.php?rest_route=\/wp\/v2\/media\/6840"}],"wp:attachment":[{"href":"https:\/\/peinturessara.com\/ar\/index.php?rest_route=%2Fwp%2Fv2%2Fmedia&parent=6838"}],"wp:term":[{"taxonomy":"product_cat","embeddable":true,"href":"https:\/\/peinturessara.com\/ar\/index.php?rest_route=%2Fwp%2Fv2%2Fproduct_cat&post=6838"},{"taxonomy":"product_tag","embeddable":true,"href":"https:\/\/peinturessara.com\/ar\/index.php?rest_route=%2Fwp%2Fv2%2Fproduct_tag&post=6838"}],"curies":[{"name":"wp","href":"https:\/\/api.w.org\/{rel}","templated":true}]}}