{"id":6611,"date":"2022-05-24T17:01:16","date_gmt":"2022-05-24T15:01:16","guid":{"rendered":"https:\/\/peinturessara.com\/?post_type=product&#038;p=6611"},"modified":"2023-12-13T11:47:20","modified_gmt":"2023-12-13T10:47:20","slug":"rima","status":"publish","type":"product","link":"https:\/\/peinturessara.com\/ar\/?product=rima","title":{"rendered":"\u0631\u064a\u0645\u0627"},"content":{"rendered":"<p><span style=\"color: #808000;\"><em><strong>Caract\u00e9ristiques techniques:<\/strong><\/em><\/span><\/p>\n<p>&nbsp;<\/p>\n<table style=\"height: 289px; width: 808px; float: left;\">\n<tbody>\n<tr>\n<td style=\"background-color: #f6f6f4; border: 1px solid #ffffff;\"><em><span style=\"color: #000000;\"><strong><span style=\"font-size: 12pt; color: #000000;\">Dilution<\/span><\/strong><\/span><\/em><\/td>\n<td style=\"background-color: #f6f6f4; border: 1px solid #ffffff;\"><span style=\"font-size: 12pt;\">\u00a0<span style=\"color: #000000;\">Pr\u00eat \u00e0 l\u2019emploi<\/span><\/span><\/td>\n<\/tr>\n<tr>\n<td style=\"background-color: #f6f6f4; border: 1px solid #ffffff;\"><em><span style=\"color: #000000;\"><strong><span style=\"font-size: 12pt;\">Aspect<\/span><\/strong><\/span><\/em><\/td>\n<td style=\"background-color: #f6f6f4; border: 1px solid #ffffff;\"><span style=\"font-size: 12pt;\">\u00a0<span style=\"color: #000000;\">Gold et Silver<\/span><\/span><\/td>\n<\/tr>\n<tr>\n<td style=\"background-color: #f6f6f4; border: 1px solid #ffffff;\"><em><span style=\"color: #000000;\"><strong><span style=\"font-size: 12pt;\">Teinte<\/span><\/strong><\/span><\/em><\/td>\n<td style=\"background-color: #f6f6f4; border: 1px solid #ffffff;\"><span style=\"font-size: 12pt;\">\u00a0<span style=\"color: #000000;\">Voir catalogue<\/span><\/span><\/td>\n<\/tr>\n<tr>\n<td style=\"background-color: #f6f6f4; border: 1px solid #ffffff;\"><span style=\"color: #000000;\"><em><strong><span style=\"font-size: 12pt;\">S\u00e9chage<\/span><\/strong><\/em><\/span><\/td>\n<td style=\"background-color: #f6f6f4; border: 1px solid #ffffff;\"><span style=\"font-size: 12pt;\">\u00a0<span style=\"color: #000000;\">Hors poussi\u00e8re : 30 minutes\/ sec : 3 heures<\/span><\/span><\/td>\n<\/tr>\n<tr>\n<td style=\"background-color: #f6f6f4; border: 1px solid #ffffff;\"><span style=\"color: #000000;\"><em><strong><span style=\"font-size: 12pt;\">Rendement<\/span><\/strong><\/em><\/span><\/td>\n<td style=\"background-color: #f6f6f4; border: 1px solid #ffffff;\"><span style=\"font-size: 12pt;\">\u00a0<span style=\"color: #000000;\">6 m\u00b2 \/ Kg<\/span><\/span><\/td>\n<\/tr>\n<tr>\n<td style=\"background-color: #f6f6f4; border: 1px solid #ffffff;\"><span style=\"color: #000000;\"><em><strong><span style=\"font-size: 12pt;\">Conditionnement<\/span><\/strong><\/em><\/span><\/td>\n<td style=\"background-color: #f6f6f4; border: 1px solid #ffffff;\"><span style=\"font-size: 12pt;\">\u00a0<span style=\"color: #000000;\">kit 15 m\u00b2 <\/span><\/span><\/td>\n<\/tr>\n<tr>\n<td style=\"background-color: #f6f6f4; border: 1px solid #ffffff;\"><span style=\"color: #000000;\"><em><strong><span style=\"font-size: 12pt;\">Mat\u00e9riel d\u2019application<\/span><\/strong><\/em><\/span><\/td>\n<td style=\"background-color: #f6f6f4; border: 1px solid #ffffff;\"><span style=\"font-size: 12pt;\">\u00a0<span style=\"color: #000000;\">Spatule en plastique &#8211; pinceau.<\/span><\/span><\/td>\n<\/tr>\n<tr>\n<td style=\"background-color: #f6f6f4; border: 1px solid #ffffff;\"><span style=\"color: #000000;\"><em><strong><span style=\"font-size: 12pt;\">Conservation<\/span><\/strong><\/em><\/span><\/td>\n<td style=\"background-color: #f6f6f4; border: 1px solid #ffffff;\"><span style=\"font-size: 12pt;\">\u00a0<span style=\"color: #000000;\">Un an en emballage ferm\u00e9<\/span><\/span><\/td>\n<\/tr>\n<\/tbody>\n<\/table>\n<p>&nbsp;<\/p>\n<p>&nbsp;<\/p>\n<p>&nbsp;<\/p>\n<p>&nbsp;<\/p>\n<p>&nbsp;<\/p>\n<p>&nbsp;<\/p>\n<p>&nbsp;<\/p>\n<p>&nbsp;<\/p>\n<p>&nbsp;<\/p>\n<p>&nbsp;<\/p>\n<p>&nbsp;<\/p>\n<p>&nbsp;<\/p>\n<p>&nbsp;<\/p>\n<p><span style=\"color: #808000;\"><em><strong>Mode d\u2019application:<\/strong><\/em><\/span><\/p>\n<p>&nbsp;<\/p>\n<p><span style=\"color: #000000; font-size: 12pt;\"><em><strong>Pr\u00e9paration de surface<\/strong> <\/em>: Les supports doivent \u00eatre sains, secs, propres et pr\u00e9par\u00e9s dans les r\u00e8gles de l\u2019art, conform\u00e9ment aux prescriptions du DTU 59.1.<\/span><\/p>\n<p><span style=\"color: #000000; font-size: 12pt;\"><em><strong>Etape 1:<\/strong> <\/em>Sur un support d\u00e9j\u00e0 pr\u00e9par\u00e9 \u00e0 l\u2019avance, Appliquer 2 couches de SARA FONDO selon la teinte choisie.<\/span><br \/>\n<span style=\"color: #000000; font-size: 12pt;\"><em><strong>Etape 2:<\/strong><\/em> Appliquer une couche de RIMA \u00e0 l\u2019aide d\u2019un pinceau spalter, en effectuant des mouvements courts et crois\u00e9s, de mani\u00e8re \u00e0 recouvrir int\u00e9gralement le fond.<\/span><br \/>\n<span style=\"color: #000000; font-size: 12pt;\"><em><strong>Etape 3:<\/strong><\/em> Apr\u00e8s 10 \u00e0 15 min et avant le s\u00e9chage du support, lisser l\u00e9g\u00e8rement RIMA avec une spatule en plastique.<\/span><\/p>\n","protected":false},"excerpt":{"rendered":"<p><span style=\"color: #000000;\">RIMA est une peinture d\u00e9corative, \u00e9cologique \u00e0 base d\u2019eau, sa finition brillante offre un effet lisse et tendu dont l\u2019intensit\u00e9 varie en fonction de la luminosit\u00e9 dans la pi\u00e8ce.<\/span><\/p>\n<p><span style=\"color: #000000;\"><strong>Destination:<\/strong> Int\u00e9rieur<\/span><\/p>\n<p><span style=\"color: #000000;\"><strong>Propri\u00e9t\u00e9s:<\/strong><\/span><br \/>\n<span style=\"color: #000000;\"><strong>\u2022<\/strong> Excellente adh\u00e9rence.<\/span><br \/>\n<span style=\"color: #000000;\"><strong>\u2022<\/strong> Facilit\u00e9 d\u2019application.<\/span><br \/>\n<span style=\"color: #000000;\"><strong>\u2022<\/strong> Excellente brillance.<\/span><\/p>\n<p>&nbsp;<\/p>\n<p class=\"p1\">[umea_core_button button_layout=\"textual\" text=\"T\u00e9l\u00e9charger la Fiche Technique\" link=\"https:\/\/peinturessara.com\/wp-content\/uploads\/pdf\/Rima\/FT-RIMA.pdf\" color=\"#000\" hover_color=\"#000\" target=\"_blank\"]\u00a0 \u00a0 \u00a0 \u00a0[umea_core_button button_layout=\"textual\" text=\"Visualiser le Catalogue\" link=\"https:\/\/peinturessara.com\/wp-content\/uploads\/pdf\/Rima\/RIMA.pdf\" color=\"#000\" hover_color=\"#000\" target=\"_blank\"]<\/p>\n<p>&nbsp;<\/p>\n<p><a href=\"https:\/\/www.youtube.com\/watch?v=2_t-9iu9msQ&amp;t=1s\" target=\"_blank\" rel=\"noopener\"><img decoding=\"async\" class=\"alignnone wp-image-6677 size-full\" src=\"https:\/\/peinturessara.com\/wp-content\/uploads\/2022\/05\/la-demo.png\" alt=\"\" width=\"249\" height=\"41\" \/><\/a><\/p>\n","protected":false},"featured_media":6640,"template":"","meta":[],"product_cat":[76],"product_tag":[],"class_list":{"0":"post-6611","1":"product","2":"type-product","3":"status-publish","4":"has-post-thumbnail","6":"product_cat-produits-decoratives","8":"first","9":"instock","10":"shipping-taxable","11":"product-type-simple"},"yoast_head":"<!-- This site is optimized with the Yoast SEO plugin v21.7 - https:\/\/yoast.com\/wordpress\/plugins\/seo\/ -->\n<title>\u0631\u064a\u0645\u0627 - \u0635\u0628\u0627\u063a\u0627\u062a \u0633\u0627\u0631\u0629<\/title>\n<meta name=\"robots\" content=\"index, follow, max-snippet:-1, max-image-preview:large, max-video-preview:-1\" \/>\n<link rel=\"canonical\" href=\"https:\/\/peinturessara.com\/ar\/?product=rima\" \/>\n<meta property=\"og:locale\" content=\"ar_AR\" \/>\n<meta property=\"og:type\" content=\"article\" \/>\n<meta property=\"og:title\" content=\"\u0631\u064a\u0645\u0627 - \u0635\u0628\u0627\u063a\u0627\u062a \u0633\u0627\u0631\u0629\" \/>\n<meta property=\"og:description\" content=\"RIMA est une peinture d\u00e9corative, \u00e9cologique \u00e0 base d\u2019eau, sa finition brillante offre un effet lisse et tendu dont l\u2019intensit\u00e9 varie en fonction de la luminosit\u00e9 dans la pi\u00e8ce.  Destination: Int\u00e9rieur  Propri\u00e9t\u00e9s: \u2022 Excellente adh\u00e9rence. \u2022 Facilit\u00e9 d\u2019application. \u2022 Excellente brillance.  &nbsp; \u00a0 \u00a0 \u00a0 \u00a0 &nbsp;\" \/>\n<meta property=\"og:url\" content=\"https:\/\/peinturessara.com\/ar\/?product=rima\" \/>\n<meta property=\"og:site_name\" content=\"\u0635\u0628\u0627\u063a\u0627\u062a \u0633\u0627\u0631\u0629\" \/>\n<meta property=\"article:publisher\" content=\"https:\/\/www.facebook.com\/Peinturessara\" \/>\n<meta property=\"article:modified_time\" content=\"2023-12-13T10:47:20+00:00\" \/>\n<meta property=\"og:image\" content=\"https:\/\/peinturessara.com\/ar\/wp-content\/uploads\/2022\/05\/rima2.png\" \/>\n\t<meta property=\"og:image:width\" content=\"600\" \/>\n\t<meta property=\"og:image:height\" content=\"600\" \/>\n\t<meta property=\"og:image:type\" content=\"image\/png\" \/>\n<meta name=\"twitter:card\" content=\"summary_large_image\" \/>\n<meta name=\"twitter:label1\" content=\"\u0648\u0642\u062a \u0627\u0644\u0642\u0631\u0627\u0621\u0629 \u0627\u0644\u0645\u064f\u0642\u062f\u0651\u0631\" \/>\n\t<meta name=\"twitter:data1\" content=\"\u062f\u0642\u064a\u0642\u0629 \u0648\u0627\u062d\u062f\u0629\" \/>\n<script type=\"application\/ld+json\" class=\"yoast-schema-graph\">{\"@context\":\"https:\/\/schema.org\",\"@graph\":[{\"@type\":\"WebPage\",\"@id\":\"https:\/\/peinturessara.com\/ar\/?product=rima\",\"url\":\"https:\/\/peinturessara.com\/ar\/?product=rima\",\"name\":\"\u0631\u064a\u0645\u0627 - \u0635\u0628\u0627\u063a\u0627\u062a \u0633\u0627\u0631\u0629\",\"isPartOf\":{\"@id\":\"https:\/\/peinturessara.com\/ar\/#website\"},\"datePublished\":\"2022-05-24T15:01:16+00:00\",\"dateModified\":\"2023-12-13T10:47:20+00:00\",\"breadcrumb\":{\"@id\":\"https:\/\/peinturessara.com\/ar\/?product=rima#breadcrumb\"},\"inLanguage\":\"ar\",\"potentialAction\":[{\"@type\":\"ReadAction\",\"target\":[\"https:\/\/peinturessara.com\/ar\/?product=rima\"]}]},{\"@type\":\"BreadcrumbList\",\"@id\":\"https:\/\/peinturessara.com\/ar\/?product=rima#breadcrumb\",\"itemListElement\":[{\"@type\":\"ListItem\",\"position\":1,\"name\":\"\u0627\u0644\u0631\u0626\u064a\u0633\u064a\u0629\",\"item\":\"https:\/\/peinturessara.com\/ar\/\"},{\"@type\":\"ListItem\",\"position\":2,\"name\":\"SARA PEINTURES\",\"item\":\"https:\/\/peinturessara.com\/ar\/?page_id=9\"},{\"@type\":\"ListItem\",\"position\":3,\"name\":\"\u0627\u0644\u0635\u0628\u0627\u063a\u0627\u062a \u0627\u0644\u062a\u0632\u064a\u064a\u0646\u064a\u0629\",\"item\":\"https:\/\/peinturessara.com\/ar\/product-category\/produits-decoratives\/\"},{\"@type\":\"ListItem\",\"position\":4,\"name\":\"\u0631\u064a\u0645\u0627\"}]},{\"@type\":\"WebSite\",\"@id\":\"https:\/\/peinturessara.com\/ar\/#website\",\"url\":\"https:\/\/peinturessara.com\/ar\/\",\"name\":\"https:\/\/peinturessara.com\",\"description\":\"Peintures Innovantes\",\"publisher\":{\"@id\":\"https:\/\/peinturessara.com\/ar\/#organization\"},\"potentialAction\":[{\"@type\":\"SearchAction\",\"target\":{\"@type\":\"EntryPoint\",\"urlTemplate\":\"https:\/\/peinturessara.com\/ar\/?s={search_term_string}\"},\"query-input\":\"required name=search_term_string\"}],\"inLanguage\":\"ar\"},{\"@type\":\"Organization\",\"@id\":\"https:\/\/peinturessara.com\/ar\/#organization\",\"name\":\"https:\/\/peinturessara.com\",\"url\":\"https:\/\/peinturessara.com\/ar\/\",\"logo\":{\"@type\":\"ImageObject\",\"inLanguage\":\"ar\",\"@id\":\"https:\/\/peinturessara.com\/ar\/#\/schema\/logo\/image\/\",\"url\":\"https:\/\/peinturessara.com\/wp-content\/uploads\/2022\/05\/logo-sara.png\",\"contentUrl\":\"https:\/\/peinturessara.com\/wp-content\/uploads\/2022\/05\/logo-sara.png\",\"width\":221,\"height\":65,\"caption\":\"https:\/\/peinturessara.com\"},\"image\":{\"@id\":\"https:\/\/peinturessara.com\/ar\/#\/schema\/logo\/image\/\"},\"sameAs\":[\"https:\/\/www.facebook.com\/Peinturessara\"]}]}<\/script>\n<!-- \/ Yoast SEO plugin. -->","yoast_head_json":{"title":"\u0631\u064a\u0645\u0627 - \u0635\u0628\u0627\u063a\u0627\u062a \u0633\u0627\u0631\u0629","robots":{"index":"index","follow":"follow","max-snippet":"max-snippet:-1","max-image-preview":"max-image-preview:large","max-video-preview":"max-video-preview:-1"},"canonical":"https:\/\/peinturessara.com\/ar\/?product=rima","og_locale":"ar_AR","og_type":"article","og_title":"\u0631\u064a\u0645\u0627 - \u0635\u0628\u0627\u063a\u0627\u062a \u0633\u0627\u0631\u0629","og_description":"RIMA est une peinture d\u00e9corative, \u00e9cologique \u00e0 base d\u2019eau, sa finition brillante offre un effet lisse et tendu dont l\u2019intensit\u00e9 varie en fonction de la luminosit\u00e9 dans la pi\u00e8ce.  Destination: Int\u00e9rieur  Propri\u00e9t\u00e9s: \u2022 Excellente adh\u00e9rence. \u2022 Facilit\u00e9 d\u2019application. \u2022 Excellente brillance.  &nbsp; \u00a0 \u00a0 \u00a0 \u00a0 &nbsp;","og_url":"https:\/\/peinturessara.com\/ar\/?product=rima","og_site_name":"\u0635\u0628\u0627\u063a\u0627\u062a \u0633\u0627\u0631\u0629","article_publisher":"https:\/\/www.facebook.com\/Peinturessara","article_modified_time":"2023-12-13T10:47:20+00:00","og_image":[{"width":600,"height":600,"url":"https:\/\/peinturessara.com\/ar\/wp-content\/uploads\/2022\/05\/rima2.png","type":"image\/png"}],"twitter_card":"summary_large_image","twitter_misc":{"\u0648\u0642\u062a \u0627\u0644\u0642\u0631\u0627\u0621\u0629 \u0627\u0644\u0645\u064f\u0642\u062f\u0651\u0631":"\u062f\u0642\u064a\u0642\u0629 \u0648\u0627\u062d\u062f\u0629"},"schema":{"@context":"https:\/\/schema.org","@graph":[{"@type":"WebPage","@id":"https:\/\/peinturessara.com\/ar\/?product=rima","url":"https:\/\/peinturessara.com\/ar\/?product=rima","name":"\u0631\u064a\u0645\u0627 - \u0635\u0628\u0627\u063a\u0627\u062a \u0633\u0627\u0631\u0629","isPartOf":{"@id":"https:\/\/peinturessara.com\/ar\/#website"},"datePublished":"2022-05-24T15:01:16+00:00","dateModified":"2023-12-13T10:47:20+00:00","breadcrumb":{"@id":"https:\/\/peinturessara.com\/ar\/?product=rima#breadcrumb"},"inLanguage":"ar","potentialAction":[{"@type":"ReadAction","target":["https:\/\/peinturessara.com\/ar\/?product=rima"]}]},{"@type":"BreadcrumbList","@id":"https:\/\/peinturessara.com\/ar\/?product=rima#breadcrumb","itemListElement":[{"@type":"ListItem","position":1,"name":"\u0627\u0644\u0631\u0626\u064a\u0633\u064a\u0629","item":"https:\/\/peinturessara.com\/ar\/"},{"@type":"ListItem","position":2,"name":"SARA PEINTURES","item":"https:\/\/peinturessara.com\/ar\/?page_id=9"},{"@type":"ListItem","position":3,"name":"\u0627\u0644\u0635\u0628\u0627\u063a\u0627\u062a \u0627\u0644\u062a\u0632\u064a\u064a\u0646\u064a\u0629","item":"https:\/\/peinturessara.com\/ar\/product-category\/produits-decoratives\/"},{"@type":"ListItem","position":4,"name":"\u0631\u064a\u0645\u0627"}]},{"@type":"WebSite","@id":"https:\/\/peinturessara.com\/ar\/#website","url":"https:\/\/peinturessara.com\/ar\/","name":"https:\/\/peinturessara.com","description":"Peintures Innovantes","publisher":{"@id":"https:\/\/peinturessara.com\/ar\/#organization"},"potentialAction":[{"@type":"SearchAction","target":{"@type":"EntryPoint","urlTemplate":"https:\/\/peinturessara.com\/ar\/?s={search_term_string}"},"query-input":"required name=search_term_string"}],"inLanguage":"ar"},{"@type":"Organization","@id":"https:\/\/peinturessara.com\/ar\/#organization","name":"https:\/\/peinturessara.com","url":"https:\/\/peinturessara.com\/ar\/","logo":{"@type":"ImageObject","inLanguage":"ar","@id":"https:\/\/peinturessara.com\/ar\/#\/schema\/logo\/image\/","url":"https:\/\/peinturessara.com\/wp-content\/uploads\/2022\/05\/logo-sara.png","contentUrl":"https:\/\/peinturessara.com\/wp-content\/uploads\/2022\/05\/logo-sara.png","width":221,"height":65,"caption":"https:\/\/peinturessara.com"},"image":{"@id":"https:\/\/peinturessara.com\/ar\/#\/schema\/logo\/image\/"},"sameAs":["https:\/\/www.facebook.com\/Peinturessara"]}]}},"_links":{"self":[{"href":"https:\/\/peinturessara.com\/ar\/index.php?rest_route=\/wp\/v2\/product\/6611","targetHints":{"allow":["GET"]}}],"collection":[{"href":"https:\/\/peinturessara.com\/ar\/index.php?rest_route=\/wp\/v2\/product"}],"about":[{"href":"https:\/\/peinturessara.com\/ar\/index.php?rest_route=\/wp\/v2\/types\/product"}],"wp:featuredmedia":[{"embeddable":true,"href":"https:\/\/peinturessara.com\/ar\/index.php?rest_route=\/wp\/v2\/media\/6640"}],"wp:attachment":[{"href":"https:\/\/peinturessara.com\/ar\/index.php?rest_route=%2Fwp%2Fv2%2Fmedia&parent=6611"}],"wp:term":[{"taxonomy":"product_cat","embeddable":true,"href":"https:\/\/peinturessara.com\/ar\/index.php?rest_route=%2Fwp%2Fv2%2Fproduct_cat&post=6611"},{"taxonomy":"product_tag","embeddable":true,"href":"https:\/\/peinturessara.com\/ar\/index.php?rest_route=%2Fwp%2Fv2%2Fproduct_tag&post=6611"}],"curies":[{"name":"wp","href":"https:\/\/api.w.org\/{rel}","templated":true}]}}