{"id":7872,"date":"2023-04-28T12:21:31","date_gmt":"2023-04-28T10:21:31","guid":{"rendered":"https:\/\/peinturessara.com\/?page_id=7872"},"modified":"2023-12-12T16:15:34","modified_gmt":"2023-12-12T15:15:34","slug":"impressions","status":"publish","type":"page","link":"https:\/\/peinturessara.com\/ar\/?page_id=7872","title":{"rendered":"\u0627\u0644\u0637\u0628\u0642\u0627\u062a \u0627\u0644\u0623\u0648\u0644\u064a\u0629"},"content":{"rendered":"\t\t<div data-elementor-type=\"wp-page\" data-elementor-id=\"7872\" class=\"elementor elementor-7872\">\n\t\t\t\t\t\t\t\t\t<section class=\"elementor-section elementor-top-section elementor-element elementor-element-56fd078 elementor-section-boxed elementor-section-height-default elementor-section-height-default qodef-elementor-content-no\" data-id=\"56fd078\" data-element_type=\"section\">\n\t\t\t\t\t\t<div class=\"elementor-container elementor-column-gap-default\">\n\t\t\t\t\t<div class=\"elementor-column elementor-col-100 elementor-top-column elementor-element elementor-element-fdb89e4\" data-id=\"fdb89e4\" data-element_type=\"column\">\n\t\t\t<div class=\"elementor-widget-wrap elementor-element-populated\">\n\t\t\t\t\t\t\t\t<div class=\"elementor-element elementor-element-3d75a83 elementor-widget elementor-widget-umea_core_product_list\" data-id=\"3d75a83\" data-element_type=\"widget\" data-widget_type=\"umea_core_product_list.default\">\n\t\t\t\t<div class=\"elementor-widget-container\">\n\t\t\t<div class=\"qodef-shortcode qodef-m  qodef-woo-shortcode qodef-woo-product-list qodef-item-layout--info-below  qodef-grid qodef-layout--columns  qodef-gutter--normal qodef-col-num--3  qodef-item-layout--info-below qodef--no-bottom-space qodef-pagination--off qodef-responsive--predefined\" data-options=\"{&quot;plugin&quot;:&quot;umea_core&quot;,&quot;module&quot;:&quot;plugins\\\/woocommerce\\\/shortcodes&quot;,&quot;shortcode&quot;:&quot;product-list&quot;,&quot;post_type&quot;:&quot;product&quot;,&quot;next_page&quot;:&quot;2&quot;,&quot;max_pages_num&quot;:1,&quot;behavior&quot;:&quot;columns&quot;,&quot;divided_content_slider_children&quot;:&quot;null&quot;,&quot;images_proportion&quot;:&quot;full&quot;,&quot;columns&quot;:&quot;3&quot;,&quot;columns_responsive&quot;:&quot;predefined&quot;,&quot;space&quot;:&quot;normal&quot;,&quot;posts_per_page&quot;:&quot;9&quot;,&quot;orderby&quot;:&quot;date&quot;,&quot;order&quot;:&quot;DESC&quot;,&quot;additional_params&quot;:&quot;id&quot;,&quot;post_ids&quot;:&quot;6887, 6874&quot;,&quot;layout&quot;:&quot;info-below&quot;,&quot;title_tag&quot;:&quot;h5&quot;,&quot;pagination_type&quot;:&quot;no-pagination&quot;,&quot;object_class_name&quot;:&quot;UmeaCore_Product_List_Shortcode&quot;,&quot;taxonomy_filter&quot;:&quot;product_cat&quot;,&quot;additional_query_args&quot;:{&quot;orderby&quot;:&quot;post__in&quot;,&quot;post__in&quot;:[&quot;6887&quot;,&quot; 6874&quot;]},&quot;space_value&quot;:15}\">\n\t\t<div class=\"qodef-grid-inner clear\">\n\t\t<div class=\"qodef-e qodef-grid-item qodef-item--full product type-product post-6887 status-publish first instock product_cat-impressions-produits-de-batiments product_cat-produits-de-batiments has-post-thumbnail shipping-taxable product-type-simple woo-variation-gallery-product\">\n\t<div class=\"qodef-woo-product-inner\">\n\t\t\t\t\t<div class=\"qodef-woo-product-image\">\n\t\t\t\t<div class=\"qodef-woo-product-mark-holder\"><\/div>\t\t\t\t<img fetchpriority=\"high\" decoding=\"async\" width=\"600\" height=\"600\" src=\"https:\/\/peinturessara.com\/ar\/wp-content\/uploads\/2022\/08\/ba3.png\" class=\"attachment-full size-full wp-post-image\" alt=\"\" srcset=\"https:\/\/peinturessara.com\/ar\/wp-content\/uploads\/2022\/08\/ba3.png 600w, https:\/\/peinturessara.com\/ar\/wp-content\/uploads\/2022\/08\/ba3-300x300.png 300w, https:\/\/peinturessara.com\/ar\/wp-content\/uploads\/2022\/08\/ba3-150x150.png 150w, https:\/\/peinturessara.com\/ar\/wp-content\/uploads\/2022\/08\/ba3-100x100.png 100w\" sizes=\"(max-width: 600px) 100vw, 600px\" \/>\t\t\t\t<div class=\"qodef-woo-product-image-inner\">\n\t\t\t\t\t<a href=\"https:\/\/peinturessara.com\/ar\/?product=saraprim-blanc\" data-quantity=\"1\" class=\"button product_type_simple\" data-product_id=\"6887\" data-product_sku=\"\" aria-label=\"Read more about &ldquo;\u0633\u0627\u0631\u0628\u0631\u064a\u0645 \u0623\u0628\u064a\u0636&rdquo;\" aria-describedby=\"\" rel=\"nofollow\">Read more<\/a>\t\t\t\t<\/div>\n\t\t\t<\/div>\n\t\t\t\t<div class=\"qodef-woo-product-content\">\n\t\t\t<div class=\"qodef-woo-product-title-price-wrapper\">\n\t\t\t\t<h5 itemprop=\"name\" class=\"qodef-woo-product-title entry-title\" >\n\t<a itemprop=\"url\" class=\"qodef-woo-product-title-link\" href=\"https:\/\/peinturessara.com\/ar\/?product=saraprim-blanc\">\n\t\t\u0633\u0627\u0631\u0628\u0631\u064a\u0645 \u0623\u0628\u064a\u0636\t<\/a>\n<\/h5>\n\t\t\t\t\t\t\t<\/div>\n\t\t\t\t<div class=\"qodef-woo-product-categories\"><a href=\"https:\/\/peinturessara.com\/ar\/?product_cat=impressions-produits-de-batiments\" rel=\"tag\">\u0627\u0644\u0637\u0628\u0642\u0627\u062a \u0627\u0644\u0623\u0648\u0644\u064a\u0629<\/a>,<a href=\"https:\/\/peinturessara.com\/ar\/?product_cat=produits-de-batiments\" rel=\"tag\">\u0635\u0628\u0627\u063a\u0627\u062a \u0627\u0644\u0645\u0628\u0627\u0646\u064a<\/a><\/div>\n\t\t\t\t\t<\/div>\n\t\t<a href=\"https:\/\/peinturessara.com\/ar\/?product=saraprim-blanc\" class=\"woocommerce-LoopProduct-link woocommerce-loop-product__link\"><\/a>\t<\/div>\n<\/div>\n<div class=\"qodef-e qodef-grid-item qodef-item--full product type-product post-6874 status-publish instock product_cat-impressions-produits-de-batiments product_cat-produits-de-batiments has-post-thumbnail shipping-taxable product-type-simple woo-variation-gallery-product\">\n\t<div class=\"qodef-woo-product-inner\">\n\t\t\t\t\t<div class=\"qodef-woo-product-image\">\n\t\t\t\t<div class=\"qodef-woo-product-mark-holder\"><\/div>\t\t\t\t<img fetchpriority=\"high\" decoding=\"async\" width=\"600\" height=\"600\" src=\"https:\/\/peinturessara.com\/ar\/wp-content\/uploads\/2022\/08\/ba3.png\" class=\"attachment-full size-full wp-post-image\" alt=\"\" srcset=\"https:\/\/peinturessara.com\/ar\/wp-content\/uploads\/2022\/08\/ba3.png 600w, https:\/\/peinturessara.com\/ar\/wp-content\/uploads\/2022\/08\/ba3-300x300.png 300w, https:\/\/peinturessara.com\/ar\/wp-content\/uploads\/2022\/08\/ba3-150x150.png 150w, https:\/\/peinturessara.com\/ar\/wp-content\/uploads\/2022\/08\/ba3-100x100.png 100w\" sizes=\"(max-width: 600px) 100vw, 600px\" \/>\t\t\t\t<div class=\"qodef-woo-product-image-inner\">\n\t\t\t\t\t<a href=\"https:\/\/peinturessara.com\/ar\/?product=saraprim-transparent\" data-quantity=\"1\" class=\"button product_type_simple\" data-product_id=\"6874\" data-product_sku=\"\" aria-label=\"Read more about &ldquo;\u0633\u0627\u0631\u0628\u0631\u064a\u0645 \u0634\u0641\u0627\u0641&rdquo;\" aria-describedby=\"\" rel=\"nofollow\">Read more<\/a>\t\t\t\t<\/div>\n\t\t\t<\/div>\n\t\t\t\t<div class=\"qodef-woo-product-content\">\n\t\t\t<div class=\"qodef-woo-product-title-price-wrapper\">\n\t\t\t\t<h5 itemprop=\"name\" class=\"qodef-woo-product-title entry-title\" >\n\t<a itemprop=\"url\" class=\"qodef-woo-product-title-link\" href=\"https:\/\/peinturessara.com\/ar\/?product=saraprim-transparent\">\n\t\t\u0633\u0627\u0631\u0628\u0631\u064a\u0645 \u0634\u0641\u0627\u0641\t<\/a>\n<\/h5>\n\t\t\t\t\t\t\t<\/div>\n\t\t\t\t<div class=\"qodef-woo-product-categories\"><a href=\"https:\/\/peinturessara.com\/ar\/?product_cat=impressions-produits-de-batiments\" rel=\"tag\">\u0627\u0644\u0637\u0628\u0642\u0627\u062a \u0627\u0644\u0623\u0648\u0644\u064a\u0629<\/a>,<a href=\"https:\/\/peinturessara.com\/ar\/?product_cat=produits-de-batiments\" rel=\"tag\">\u0635\u0628\u0627\u063a\u0627\u062a \u0627\u0644\u0645\u0628\u0627\u0646\u064a<\/a><\/div>\n\t\t\t\t\t<\/div>\n\t\t<a href=\"https:\/\/peinturessara.com\/ar\/?product=saraprim-transparent\" class=\"woocommerce-LoopProduct-link woocommerce-loop-product__link\"><\/a>\t<\/div>\n<\/div>\n\t<\/div>\n\t<\/div>\n\t\t<\/div>\n\t\t\t\t<\/div>\n\t\t\t\t\t<\/div>\n\t\t<\/div>\n\t\t\t\t\t\t\t<\/div>\n\t\t<\/section>\n\t\t\t\t\t\t\t<\/div>\n\t\t","protected":false},"excerpt":{"rendered":"<p>Lire la suite SARAPRIM BLANC Impressions,Produits de b\u00e2timents Lire la suite SARAPRIM TRANSPARENT Impressions,Produits de b\u00e2timents<\/p>\n","protected":false},"author":1,"featured_media":0,"parent":0,"menu_order":0,"comment_status":"closed","ping_status":"closed","template":"","meta":{"footnotes":""},"class_list":["post-7872","page","type-page","status-publish","hentry"],"yoast_head":"<!-- This site is optimized with the Yoast SEO plugin v21.7 - https:\/\/yoast.com\/wordpress\/plugins\/seo\/ -->\n<title>\u0627\u0644\u0637\u0628\u0642\u0627\u062a \u0627\u0644\u0623\u0648\u0644\u064a\u0629 - \u0635\u0628\u0627\u063a\u0627\u062a \u0633\u0627\u0631\u0629<\/title>\n<meta name=\"description\" content=\"Impressions, peintures de b\u00e2timents, peinture maroc, peinture meknes, peintures D\u00e9coratives, peinture murale maroc, peintures \u00e9cologiques\" \/>\n<meta name=\"robots\" content=\"index, follow, max-snippet:-1, max-image-preview:large, max-video-preview:-1\" \/>\n<link rel=\"canonical\" href=\"https:\/\/peinturessara.com\/ar\/?page_id=7872\" \/>\n<meta property=\"og:locale\" content=\"ar_AR\" \/>\n<meta property=\"og:type\" content=\"article\" \/>\n<meta property=\"og:title\" content=\"\u0627\u0644\u0637\u0628\u0642\u0627\u062a \u0627\u0644\u0623\u0648\u0644\u064a\u0629 - \u0635\u0628\u0627\u063a\u0627\u062a \u0633\u0627\u0631\u0629\" \/>\n<meta property=\"og:description\" content=\"Impressions, peintures de b\u00e2timents, peinture maroc, peinture meknes, peintures D\u00e9coratives, peinture murale maroc, peintures \u00e9cologiques\" \/>\n<meta property=\"og:url\" content=\"https:\/\/peinturessara.com\/ar\/?page_id=7872\" \/>\n<meta property=\"og:site_name\" content=\"\u0635\u0628\u0627\u063a\u0627\u062a \u0633\u0627\u0631\u0629\" \/>\n<meta property=\"article:publisher\" content=\"https:\/\/www.facebook.com\/Peinturessara\" \/>\n<meta property=\"article:modified_time\" content=\"2023-12-12T15:15:34+00:00\" \/>\n<meta property=\"og:image\" content=\"https:\/\/peinturessara.com\/wp-content\/uploads\/2022\/08\/ba3.png\" \/>\n<meta name=\"twitter:card\" content=\"summary_large_image\" \/>\n<meta name=\"twitter:label1\" content=\"\u0648\u0642\u062a \u0627\u0644\u0642\u0631\u0627\u0621\u0629 \u0627\u0644\u0645\u064f\u0642\u062f\u0651\u0631\" \/>\n\t<meta name=\"twitter:data1\" content=\"\u062f\u0642\u064a\u0642\u0629 \u0648\u0627\u062d\u062f\u0629\" \/>\n<script type=\"application\/ld+json\" class=\"yoast-schema-graph\">{\"@context\":\"https:\/\/schema.org\",\"@graph\":[{\"@type\":\"WebPage\",\"@id\":\"https:\/\/peinturessara.com\/ar\/?page_id=7872\",\"url\":\"https:\/\/peinturessara.com\/ar\/?page_id=7872\",\"name\":\"\u0627\u0644\u0637\u0628\u0642\u0627\u062a \u0627\u0644\u0623\u0648\u0644\u064a\u0629 - \u0635\u0628\u0627\u063a\u0627\u062a \u0633\u0627\u0631\u0629\",\"isPartOf\":{\"@id\":\"https:\/\/peinturessara.com\/ar\/#website\"},\"datePublished\":\"2023-04-28T10:21:31+00:00\",\"dateModified\":\"2023-12-12T15:15:34+00:00\",\"description\":\"Impressions, peintures de b\u00e2timents, peinture maroc, peinture meknes, peintures D\u00e9coratives, peinture murale maroc, peintures \u00e9cologiques\",\"breadcrumb\":{\"@id\":\"https:\/\/peinturessara.com\/ar\/?page_id=7872#breadcrumb\"},\"inLanguage\":\"ar\",\"potentialAction\":[{\"@type\":\"ReadAction\",\"target\":[\"https:\/\/peinturessara.com\/ar\/?page_id=7872\"]}]},{\"@type\":\"BreadcrumbList\",\"@id\":\"https:\/\/peinturessara.com\/ar\/?page_id=7872#breadcrumb\",\"itemListElement\":[{\"@type\":\"ListItem\",\"position\":1,\"name\":\"\u0627\u0644\u0631\u0626\u064a\u0633\u064a\u0629\",\"item\":\"https:\/\/peinturessara.com\/ar\/\"},{\"@type\":\"ListItem\",\"position\":2,\"name\":\"\u0627\u0644\u0637\u0628\u0642\u0627\u062a \u0627\u0644\u0623\u0648\u0644\u064a\u0629\"}]},{\"@type\":\"WebSite\",\"@id\":\"https:\/\/peinturessara.com\/ar\/#website\",\"url\":\"https:\/\/peinturessara.com\/ar\/\",\"name\":\"https:\/\/peinturessara.com\",\"description\":\"Peintures Innovantes\",\"publisher\":{\"@id\":\"https:\/\/peinturessara.com\/ar\/#organization\"},\"potentialAction\":[{\"@type\":\"SearchAction\",\"target\":{\"@type\":\"EntryPoint\",\"urlTemplate\":\"https:\/\/peinturessara.com\/ar\/?s={search_term_string}\"},\"query-input\":\"required name=search_term_string\"}],\"inLanguage\":\"ar\"},{\"@type\":\"Organization\",\"@id\":\"https:\/\/peinturessara.com\/ar\/#organization\",\"name\":\"https:\/\/peinturessara.com\",\"url\":\"https:\/\/peinturessara.com\/ar\/\",\"logo\":{\"@type\":\"ImageObject\",\"inLanguage\":\"ar\",\"@id\":\"https:\/\/peinturessara.com\/ar\/#\/schema\/logo\/image\/\",\"url\":\"https:\/\/peinturessara.com\/wp-content\/uploads\/2022\/05\/logo-sara.png\",\"contentUrl\":\"https:\/\/peinturessara.com\/wp-content\/uploads\/2022\/05\/logo-sara.png\",\"width\":221,\"height\":65,\"caption\":\"https:\/\/peinturessara.com\"},\"image\":{\"@id\":\"https:\/\/peinturessara.com\/ar\/#\/schema\/logo\/image\/\"},\"sameAs\":[\"https:\/\/www.facebook.com\/Peinturessara\"]}]}<\/script>\n<!-- \/ Yoast SEO plugin. -->","yoast_head_json":{"title":"\u0627\u0644\u0637\u0628\u0642\u0627\u062a \u0627\u0644\u0623\u0648\u0644\u064a\u0629 - \u0635\u0628\u0627\u063a\u0627\u062a \u0633\u0627\u0631\u0629","description":"Impressions, peintures de b\u00e2timents, peinture maroc, peinture meknes, peintures D\u00e9coratives, peinture murale maroc, peintures \u00e9cologiques","robots":{"index":"index","follow":"follow","max-snippet":"max-snippet:-1","max-image-preview":"max-image-preview:large","max-video-preview":"max-video-preview:-1"},"canonical":"https:\/\/peinturessara.com\/ar\/?page_id=7872","og_locale":"ar_AR","og_type":"article","og_title":"\u0627\u0644\u0637\u0628\u0642\u0627\u062a \u0627\u0644\u0623\u0648\u0644\u064a\u0629 - \u0635\u0628\u0627\u063a\u0627\u062a \u0633\u0627\u0631\u0629","og_description":"Impressions, peintures de b\u00e2timents, peinture maroc, peinture meknes, peintures D\u00e9coratives, peinture murale maroc, peintures \u00e9cologiques","og_url":"https:\/\/peinturessara.com\/ar\/?page_id=7872","og_site_name":"\u0635\u0628\u0627\u063a\u0627\u062a \u0633\u0627\u0631\u0629","article_publisher":"https:\/\/www.facebook.com\/Peinturessara","article_modified_time":"2023-12-12T15:15:34+00:00","og_image":[{"url":"https:\/\/peinturessara.com\/wp-content\/uploads\/2022\/08\/ba3.png"}],"twitter_card":"summary_large_image","twitter_misc":{"\u0648\u0642\u062a \u0627\u0644\u0642\u0631\u0627\u0621\u0629 \u0627\u0644\u0645\u064f\u0642\u062f\u0651\u0631":"\u062f\u0642\u064a\u0642\u0629 \u0648\u0627\u062d\u062f\u0629"},"schema":{"@context":"https:\/\/schema.org","@graph":[{"@type":"WebPage","@id":"https:\/\/peinturessara.com\/ar\/?page_id=7872","url":"https:\/\/peinturessara.com\/ar\/?page_id=7872","name":"\u0627\u0644\u0637\u0628\u0642\u0627\u062a \u0627\u0644\u0623\u0648\u0644\u064a\u0629 - \u0635\u0628\u0627\u063a\u0627\u062a \u0633\u0627\u0631\u0629","isPartOf":{"@id":"https:\/\/peinturessara.com\/ar\/#website"},"datePublished":"2023-04-28T10:21:31+00:00","dateModified":"2023-12-12T15:15:34+00:00","description":"Impressions, peintures de b\u00e2timents, peinture maroc, peinture meknes, peintures D\u00e9coratives, peinture murale maroc, peintures \u00e9cologiques","breadcrumb":{"@id":"https:\/\/peinturessara.com\/ar\/?page_id=7872#breadcrumb"},"inLanguage":"ar","potentialAction":[{"@type":"ReadAction","target":["https:\/\/peinturessara.com\/ar\/?page_id=7872"]}]},{"@type":"BreadcrumbList","@id":"https:\/\/peinturessara.com\/ar\/?page_id=7872#breadcrumb","itemListElement":[{"@type":"ListItem","position":1,"name":"\u0627\u0644\u0631\u0626\u064a\u0633\u064a\u0629","item":"https:\/\/peinturessara.com\/ar\/"},{"@type":"ListItem","position":2,"name":"\u0627\u0644\u0637\u0628\u0642\u0627\u062a \u0627\u0644\u0623\u0648\u0644\u064a\u0629"}]},{"@type":"WebSite","@id":"https:\/\/peinturessara.com\/ar\/#website","url":"https:\/\/peinturessara.com\/ar\/","name":"https:\/\/peinturessara.com","description":"Peintures Innovantes","publisher":{"@id":"https:\/\/peinturessara.com\/ar\/#organization"},"potentialAction":[{"@type":"SearchAction","target":{"@type":"EntryPoint","urlTemplate":"https:\/\/peinturessara.com\/ar\/?s={search_term_string}"},"query-input":"required name=search_term_string"}],"inLanguage":"ar"},{"@type":"Organization","@id":"https:\/\/peinturessara.com\/ar\/#organization","name":"https:\/\/peinturessara.com","url":"https:\/\/peinturessara.com\/ar\/","logo":{"@type":"ImageObject","inLanguage":"ar","@id":"https:\/\/peinturessara.com\/ar\/#\/schema\/logo\/image\/","url":"https:\/\/peinturessara.com\/wp-content\/uploads\/2022\/05\/logo-sara.png","contentUrl":"https:\/\/peinturessara.com\/wp-content\/uploads\/2022\/05\/logo-sara.png","width":221,"height":65,"caption":"https:\/\/peinturessara.com"},"image":{"@id":"https:\/\/peinturessara.com\/ar\/#\/schema\/logo\/image\/"},"sameAs":["https:\/\/www.facebook.com\/Peinturessara"]}]}},"_links":{"self":[{"href":"https:\/\/peinturessara.com\/ar\/index.php?rest_route=\/wp\/v2\/pages\/7872","targetHints":{"allow":["GET"]}}],"collection":[{"href":"https:\/\/peinturessara.com\/ar\/index.php?rest_route=\/wp\/v2\/pages"}],"about":[{"href":"https:\/\/peinturessara.com\/ar\/index.php?rest_route=\/wp\/v2\/types\/page"}],"author":[{"embeddable":true,"href":"https:\/\/peinturessara.com\/ar\/index.php?rest_route=\/wp\/v2\/users\/1"}],"replies":[{"embeddable":true,"href":"https:\/\/peinturessara.com\/ar\/index.php?rest_route=%2Fwp%2Fv2%2Fcomments&post=7872"}],"version-history":[{"count":13,"href":"https:\/\/peinturessara.com\/ar\/index.php?rest_route=\/wp\/v2\/pages\/7872\/revisions"}],"predecessor-version":[{"id":8718,"href":"https:\/\/peinturessara.com\/ar\/index.php?rest_route=\/wp\/v2\/pages\/7872\/revisions\/8718"}],"wp:attachment":[{"href":"https:\/\/peinturessara.com\/ar\/index.php?rest_route=%2Fwp%2Fv2%2Fmedia&parent=7872"}],"curies":[{"name":"wp","href":"https:\/\/api.w.org\/{rel}","templated":true}]}}