{"id":6957,"date":"2022-08-13T11:14:48","date_gmt":"2022-08-13T10:14:48","guid":{"rendered":"https:\/\/peinturessara.com\/?page_id=6957"},"modified":"2023-12-14T11:02:40","modified_gmt":"2023-12-14T10:02:40","slug":"teintes-concentrees","status":"publish","type":"page","link":"https:\/\/peinturessara.com\/ar\/?page_id=6957","title":{"rendered":"\u0627\u0644\u0623\u0644\u0648\u0627\u0646 \u0627\u0644\u0645\u0631\u0643\u0632\u0629"},"content":{"rendered":"\t\t<div data-elementor-type=\"wp-page\" data-elementor-id=\"6957\" class=\"elementor elementor-6957\">\n\t\t\t\t\t\t\t\t\t<section class=\"elementor-section elementor-top-section elementor-element elementor-element-32f9729 elementor-section-boxed elementor-section-height-default elementor-section-height-default qodef-elementor-content-no\" data-id=\"32f9729\" data-element_type=\"section\">\n\t\t\t\t\t\t<div class=\"elementor-container elementor-column-gap-default\">\n\t\t\t\t\t<div class=\"elementor-column elementor-col-100 elementor-top-column elementor-element elementor-element-dc4e4ea\" data-id=\"dc4e4ea\" data-element_type=\"column\">\n\t\t\t<div class=\"elementor-widget-wrap elementor-element-populated\">\n\t\t\t\t\t\t\t\t<div class=\"elementor-element elementor-element-a3cad4b elementor-widget elementor-widget-qi_addons_for_elementor_product_list\" data-id=\"a3cad4b\" data-element_type=\"widget\" data-widget_type=\"qi_addons_for_elementor_product_list.default\">\n\t\t\t\t<div class=\"elementor-widget-container\">\n\t\t\t<div class=\"qodef-shortcode qodef-m  qodef-addons-woo-shortcode qodef-qi-woo-shortcode-product-list qodef-item-layout--info-below-hover-inset qodef-image--hover-zoom  qodef-qi-grid qodef-layout--qi-columns  qodef-col-num--3  qodef-item-layout--info-below-hover-inset qodef-responsive--predefined\" >\n\t<div class=\"qodef-grid-inner\">\n\t\t<div class=\"qodef-e qodef-grid-item product type-product post-6953 status-publish first instock product_cat-teinte-concentres has-post-thumbnail shipping-taxable product-type-simple woo-variation-gallery-product\">\n\t<div class=\"qodef-e-product-inner\">\n\t\t\t\t\t<div class=\"qodef-e-product-image\">\n\t\t\t\t<div class=\"qodef-e-product-image-holder\">\n\t\t\t\t\t\t\t\t\t\t<img fetchpriority=\"high\" decoding=\"async\" width=\"600\" height=\"600\" src=\"https:\/\/peinturessara.com\/ar\/wp-content\/uploads\/2022\/08\/teinte2.png\" class=\"attachment-full size-full\" alt=\"\" srcset=\"https:\/\/peinturessara.com\/ar\/wp-content\/uploads\/2022\/08\/teinte2.png 600w, https:\/\/peinturessara.com\/ar\/wp-content\/uploads\/2022\/08\/teinte2-300x300.png 300w, https:\/\/peinturessara.com\/ar\/wp-content\/uploads\/2022\/08\/teinte2-150x150.png 150w, https:\/\/peinturessara.com\/ar\/wp-content\/uploads\/2022\/08\/teinte2-100x100.png 100w\" sizes=\"(max-width: 600px) 100vw, 600px\" \/>\t\t\t\t<\/div>\n\t\t\t\t<a href=\"https:\/\/peinturessara.com\/ar\/?product=teinte-a-huile\" class=\"woocommerce-LoopProduct-link woocommerce-loop-product__link\"><\/a>\t\t\t\t<div class=\"qodef-e-product-image-inner\">\n\t\t\t\t\t<a class=\"qodef-shortcode qodef-m button product_type_simple qodef-qi-button qodef-html--link qodef-layout--filled qodef-type--standard   qodef-icon--right qodef-hover--icon-move-horizontal-short     \" href=\"https:\/\/peinturessara.com\/ar\/?product=teinte-a-huile\" target=\"_self\" data-product_id=\"6953\"  aria-label=\"Read more about &ldquo;\u0623\u0644\u0648\u0627\u0646 \u0632\u064a\u062a\u064a\u0629&rdquo;\" rel=\"nofollow\" data-quantity=\"1\">\t<span class=\"qodef-m-text\">Read more<\/span>\t<\/a>\t\t\t\t<\/div>\n\t\t\t<\/div>\n\t\t\t\t<div class=\"qodef-e-product-content\">\n\t\t\t<div class=\"qodef-e-product-heading\">\n\t\t\t\t<h5 itemprop=\"name\" class=\"qodef-e-product-title qodef-e-title entry-title\">\n\t<a itemprop=\"url\" class=\"qodef-e-product-title-link\" href=\"https:\/\/peinturessara.com\/ar\/?product=teinte-a-huile\">\n\t\t\u0623\u0644\u0648\u0627\u0646 \u0632\u064a\u062a\u064a\u0629\t<\/a>\n<\/h5>\n\t\t\t\t\t\t\t<\/div>\n\t\t\t\t<div class=\"qodef-e-product-categories\"><a href=\"https:\/\/peinturessara.com\/ar\/?product_cat=teinte-concentres\" rel=\"tag\">\u0627\u0644\u0623\u0644\u0648\u0627\u0646 \u0627\u0644\u0645\u0631\u0643\u0632\u0629<\/a><\/div>\n\t\t\t\t\t\t\t\t<\/div>\n\t<\/div>\n<\/div>\n<div class=\"qodef-e qodef-grid-item product type-product post-6955 status-publish instock product_cat-teinte-concentres has-post-thumbnail shipping-taxable product-type-simple woo-variation-gallery-product\">\n\t<div class=\"qodef-e-product-inner\">\n\t\t\t\t\t<div class=\"qodef-e-product-image\">\n\t\t\t\t<div class=\"qodef-e-product-image-holder\">\n\t\t\t\t\t\t\t\t\t\t<img decoding=\"async\" width=\"600\" height=\"600\" src=\"https:\/\/peinturessara.com\/ar\/wp-content\/uploads\/2022\/08\/teinte1.png\" class=\"attachment-full size-full\" alt=\"\" srcset=\"https:\/\/peinturessara.com\/ar\/wp-content\/uploads\/2022\/08\/teinte1.png 600w, https:\/\/peinturessara.com\/ar\/wp-content\/uploads\/2022\/08\/teinte1-300x300.png 300w, https:\/\/peinturessara.com\/ar\/wp-content\/uploads\/2022\/08\/teinte1-150x150.png 150w, https:\/\/peinturessara.com\/ar\/wp-content\/uploads\/2022\/08\/teinte1-100x100.png 100w\" sizes=\"(max-width: 600px) 100vw, 600px\" \/>\t\t\t\t<\/div>\n\t\t\t\t<a href=\"https:\/\/peinturessara.com\/ar\/?product=teinte-a-eau\" class=\"woocommerce-LoopProduct-link woocommerce-loop-product__link\"><\/a>\t\t\t\t<div class=\"qodef-e-product-image-inner\">\n\t\t\t\t\t<a class=\"qodef-shortcode qodef-m button product_type_simple qodef-qi-button qodef-html--link qodef-layout--filled qodef-type--standard   qodef-icon--right qodef-hover--icon-move-horizontal-short     \" href=\"https:\/\/peinturessara.com\/ar\/?product=teinte-a-eau\" target=\"_self\" data-product_id=\"6955\"  aria-label=\"Read more about &ldquo;\u0623\u0644\u0648\u0627\u0646 \u0645\u0627\u0626\u064a\u0629&rdquo;\" rel=\"nofollow\" data-quantity=\"1\">\t<span class=\"qodef-m-text\">Read more<\/span>\t<\/a>\t\t\t\t<\/div>\n\t\t\t<\/div>\n\t\t\t\t<div class=\"qodef-e-product-content\">\n\t\t\t<div class=\"qodef-e-product-heading\">\n\t\t\t\t<h5 itemprop=\"name\" class=\"qodef-e-product-title qodef-e-title entry-title\">\n\t<a itemprop=\"url\" class=\"qodef-e-product-title-link\" href=\"https:\/\/peinturessara.com\/ar\/?product=teinte-a-eau\">\n\t\t\u0623\u0644\u0648\u0627\u0646 \u0645\u0627\u0626\u064a\u0629\t<\/a>\n<\/h5>\n\t\t\t\t\t\t\t<\/div>\n\t\t\t\t<div class=\"qodef-e-product-categories\"><a href=\"https:\/\/peinturessara.com\/ar\/?product_cat=teinte-concentres\" rel=\"tag\">\u0627\u0644\u0623\u0644\u0648\u0627\u0646 \u0627\u0644\u0645\u0631\u0643\u0632\u0629<\/a><\/div>\n\t\t\t\t\t\t\t\t<\/div>\n\t<\/div>\n<\/div>\n\t<\/div>\n\t<\/div>\n\t\t<\/div>\n\t\t\t\t<\/div>\n\t\t\t\t\t<\/div>\n\t\t<\/div>\n\t\t\t\t\t\t\t<\/div>\n\t\t<\/section>\n\t\t\t\t\t\t\t<\/div>\n\t\t","protected":false},"excerpt":{"rendered":"<p>Lire la suite Teinte \u00e0 huile Teinte concentres Lire la suite Teinte \u00e0 Eau Teinte concentres<\/p>\n","protected":false},"author":1,"featured_media":0,"parent":0,"menu_order":0,"comment_status":"closed","ping_status":"closed","template":"","meta":{"footnotes":""},"class_list":["post-6957","page","type-page","status-publish","hentry"],"yoast_head":"<!-- This site is optimized with the Yoast SEO plugin v21.7 - https:\/\/yoast.com\/wordpress\/plugins\/seo\/ -->\n<title>\u0627\u0644\u0623\u0644\u0648\u0627\u0646 \u0627\u0644\u0645\u0631\u0643\u0632\u0629 - \u0635\u0628\u0627\u063a\u0627\u062a \u0633\u0627\u0631\u0629<\/title>\n<meta name=\"description\" content=\"Teinte \u00e0 huile Teintes concentr\u00e9es, Teinte \u00e0 Eau, Teintes concentr\u00e9es\" \/>\n<meta name=\"robots\" content=\"index, follow, max-snippet:-1, max-image-preview:large, max-video-preview:-1\" \/>\n<link rel=\"canonical\" href=\"https:\/\/peinturessara.com\/ar\/?page_id=6957\" \/>\n<meta property=\"og:locale\" content=\"ar_AR\" \/>\n<meta property=\"og:type\" content=\"article\" \/>\n<meta property=\"og:title\" content=\"\u0627\u0644\u0623\u0644\u0648\u0627\u0646 \u0627\u0644\u0645\u0631\u0643\u0632\u0629 - \u0635\u0628\u0627\u063a\u0627\u062a \u0633\u0627\u0631\u0629\" \/>\n<meta property=\"og:description\" content=\"Teinte \u00e0 huile Teintes concentr\u00e9es, Teinte \u00e0 Eau, Teintes concentr\u00e9es\" \/>\n<meta property=\"og:url\" content=\"https:\/\/peinturessara.com\/ar\/?page_id=6957\" \/>\n<meta property=\"og:site_name\" content=\"\u0635\u0628\u0627\u063a\u0627\u062a \u0633\u0627\u0631\u0629\" \/>\n<meta property=\"article:publisher\" content=\"https:\/\/www.facebook.com\/Peinturessara\" \/>\n<meta property=\"article:modified_time\" content=\"2023-12-14T10:02:40+00:00\" \/>\n<meta property=\"og:image\" content=\"https:\/\/peinturessara.com\/wp-content\/uploads\/2022\/08\/teinte2.png\" \/>\n<meta name=\"twitter:card\" content=\"summary_large_image\" \/>\n<meta name=\"twitter:label1\" content=\"\u0648\u0642\u062a \u0627\u0644\u0642\u0631\u0627\u0621\u0629 \u0627\u0644\u0645\u064f\u0642\u062f\u0651\u0631\" \/>\n\t<meta name=\"twitter:data1\" content=\"\u062f\u0642\u064a\u0642\u0629 \u0648\u0627\u062d\u062f\u0629\" \/>\n<script type=\"application\/ld+json\" class=\"yoast-schema-graph\">{\"@context\":\"https:\/\/schema.org\",\"@graph\":[{\"@type\":\"WebPage\",\"@id\":\"https:\/\/peinturessara.com\/ar\/?page_id=6957\",\"url\":\"https:\/\/peinturessara.com\/ar\/?page_id=6957\",\"name\":\"\u0627\u0644\u0623\u0644\u0648\u0627\u0646 \u0627\u0644\u0645\u0631\u0643\u0632\u0629 - \u0635\u0628\u0627\u063a\u0627\u062a \u0633\u0627\u0631\u0629\",\"isPartOf\":{\"@id\":\"https:\/\/peinturessara.com\/ar\/#website\"},\"datePublished\":\"2022-08-13T10:14:48+00:00\",\"dateModified\":\"2023-12-14T10:02:40+00:00\",\"description\":\"Teinte \u00e0 huile Teintes concentr\u00e9es, Teinte \u00e0 Eau, Teintes concentr\u00e9es\",\"breadcrumb\":{\"@id\":\"https:\/\/peinturessara.com\/ar\/?page_id=6957#breadcrumb\"},\"inLanguage\":\"ar\",\"potentialAction\":[{\"@type\":\"ReadAction\",\"target\":[\"https:\/\/peinturessara.com\/ar\/?page_id=6957\"]}]},{\"@type\":\"BreadcrumbList\",\"@id\":\"https:\/\/peinturessara.com\/ar\/?page_id=6957#breadcrumb\",\"itemListElement\":[{\"@type\":\"ListItem\",\"position\":1,\"name\":\"\u0627\u0644\u0631\u0626\u064a\u0633\u064a\u0629\",\"item\":\"https:\/\/peinturessara.com\/ar\/\"},{\"@type\":\"ListItem\",\"position\":2,\"name\":\"\u0627\u0644\u0623\u0644\u0648\u0627\u0646 \u0627\u0644\u0645\u0631\u0643\u0632\u0629\"}]},{\"@type\":\"WebSite\",\"@id\":\"https:\/\/peinturessara.com\/ar\/#website\",\"url\":\"https:\/\/peinturessara.com\/ar\/\",\"name\":\"https:\/\/peinturessara.com\",\"description\":\"Peintures Innovantes\",\"publisher\":{\"@id\":\"https:\/\/peinturessara.com\/ar\/#organization\"},\"potentialAction\":[{\"@type\":\"SearchAction\",\"target\":{\"@type\":\"EntryPoint\",\"urlTemplate\":\"https:\/\/peinturessara.com\/ar\/?s={search_term_string}\"},\"query-input\":\"required name=search_term_string\"}],\"inLanguage\":\"ar\"},{\"@type\":\"Organization\",\"@id\":\"https:\/\/peinturessara.com\/ar\/#organization\",\"name\":\"https:\/\/peinturessara.com\",\"url\":\"https:\/\/peinturessara.com\/ar\/\",\"logo\":{\"@type\":\"ImageObject\",\"inLanguage\":\"ar\",\"@id\":\"https:\/\/peinturessara.com\/ar\/#\/schema\/logo\/image\/\",\"url\":\"https:\/\/peinturessara.com\/wp-content\/uploads\/2022\/05\/logo-sara.png\",\"contentUrl\":\"https:\/\/peinturessara.com\/wp-content\/uploads\/2022\/05\/logo-sara.png\",\"width\":221,\"height\":65,\"caption\":\"https:\/\/peinturessara.com\"},\"image\":{\"@id\":\"https:\/\/peinturessara.com\/ar\/#\/schema\/logo\/image\/\"},\"sameAs\":[\"https:\/\/www.facebook.com\/Peinturessara\"]}]}<\/script>\n<!-- \/ Yoast SEO plugin. -->","yoast_head_json":{"title":"\u0627\u0644\u0623\u0644\u0648\u0627\u0646 \u0627\u0644\u0645\u0631\u0643\u0632\u0629 - \u0635\u0628\u0627\u063a\u0627\u062a \u0633\u0627\u0631\u0629","description":"Teinte \u00e0 huile Teintes concentr\u00e9es, Teinte \u00e0 Eau, Teintes concentr\u00e9es","robots":{"index":"index","follow":"follow","max-snippet":"max-snippet:-1","max-image-preview":"max-image-preview:large","max-video-preview":"max-video-preview:-1"},"canonical":"https:\/\/peinturessara.com\/ar\/?page_id=6957","og_locale":"ar_AR","og_type":"article","og_title":"\u0627\u0644\u0623\u0644\u0648\u0627\u0646 \u0627\u0644\u0645\u0631\u0643\u0632\u0629 - \u0635\u0628\u0627\u063a\u0627\u062a \u0633\u0627\u0631\u0629","og_description":"Teinte \u00e0 huile Teintes concentr\u00e9es, Teinte \u00e0 Eau, Teintes concentr\u00e9es","og_url":"https:\/\/peinturessara.com\/ar\/?page_id=6957","og_site_name":"\u0635\u0628\u0627\u063a\u0627\u062a \u0633\u0627\u0631\u0629","article_publisher":"https:\/\/www.facebook.com\/Peinturessara","article_modified_time":"2023-12-14T10:02:40+00:00","og_image":[{"url":"https:\/\/peinturessara.com\/wp-content\/uploads\/2022\/08\/teinte2.png"}],"twitter_card":"summary_large_image","twitter_misc":{"\u0648\u0642\u062a \u0627\u0644\u0642\u0631\u0627\u0621\u0629 \u0627\u0644\u0645\u064f\u0642\u062f\u0651\u0631":"\u062f\u0642\u064a\u0642\u0629 \u0648\u0627\u062d\u062f\u0629"},"schema":{"@context":"https:\/\/schema.org","@graph":[{"@type":"WebPage","@id":"https:\/\/peinturessara.com\/ar\/?page_id=6957","url":"https:\/\/peinturessara.com\/ar\/?page_id=6957","name":"\u0627\u0644\u0623\u0644\u0648\u0627\u0646 \u0627\u0644\u0645\u0631\u0643\u0632\u0629 - \u0635\u0628\u0627\u063a\u0627\u062a \u0633\u0627\u0631\u0629","isPartOf":{"@id":"https:\/\/peinturessara.com\/ar\/#website"},"datePublished":"2022-08-13T10:14:48+00:00","dateModified":"2023-12-14T10:02:40+00:00","description":"Teinte \u00e0 huile Teintes concentr\u00e9es, Teinte \u00e0 Eau, Teintes concentr\u00e9es","breadcrumb":{"@id":"https:\/\/peinturessara.com\/ar\/?page_id=6957#breadcrumb"},"inLanguage":"ar","potentialAction":[{"@type":"ReadAction","target":["https:\/\/peinturessara.com\/ar\/?page_id=6957"]}]},{"@type":"BreadcrumbList","@id":"https:\/\/peinturessara.com\/ar\/?page_id=6957#breadcrumb","itemListElement":[{"@type":"ListItem","position":1,"name":"\u0627\u0644\u0631\u0626\u064a\u0633\u064a\u0629","item":"https:\/\/peinturessara.com\/ar\/"},{"@type":"ListItem","position":2,"name":"\u0627\u0644\u0623\u0644\u0648\u0627\u0646 \u0627\u0644\u0645\u0631\u0643\u0632\u0629"}]},{"@type":"WebSite","@id":"https:\/\/peinturessara.com\/ar\/#website","url":"https:\/\/peinturessara.com\/ar\/","name":"https:\/\/peinturessara.com","description":"Peintures Innovantes","publisher":{"@id":"https:\/\/peinturessara.com\/ar\/#organization"},"potentialAction":[{"@type":"SearchAction","target":{"@type":"EntryPoint","urlTemplate":"https:\/\/peinturessara.com\/ar\/?s={search_term_string}"},"query-input":"required name=search_term_string"}],"inLanguage":"ar"},{"@type":"Organization","@id":"https:\/\/peinturessara.com\/ar\/#organization","name":"https:\/\/peinturessara.com","url":"https:\/\/peinturessara.com\/ar\/","logo":{"@type":"ImageObject","inLanguage":"ar","@id":"https:\/\/peinturessara.com\/ar\/#\/schema\/logo\/image\/","url":"https:\/\/peinturessara.com\/wp-content\/uploads\/2022\/05\/logo-sara.png","contentUrl":"https:\/\/peinturessara.com\/wp-content\/uploads\/2022\/05\/logo-sara.png","width":221,"height":65,"caption":"https:\/\/peinturessara.com"},"image":{"@id":"https:\/\/peinturessara.com\/ar\/#\/schema\/logo\/image\/"},"sameAs":["https:\/\/www.facebook.com\/Peinturessara"]}]}},"_links":{"self":[{"href":"https:\/\/peinturessara.com\/ar\/index.php?rest_route=\/wp\/v2\/pages\/6957","targetHints":{"allow":["GET"]}}],"collection":[{"href":"https:\/\/peinturessara.com\/ar\/index.php?rest_route=\/wp\/v2\/pages"}],"about":[{"href":"https:\/\/peinturessara.com\/ar\/index.php?rest_route=\/wp\/v2\/types\/page"}],"author":[{"embeddable":true,"href":"https:\/\/peinturessara.com\/ar\/index.php?rest_route=\/wp\/v2\/users\/1"}],"replies":[{"embeddable":true,"href":"https:\/\/peinturessara.com\/ar\/index.php?rest_route=%2Fwp%2Fv2%2Fcomments&post=6957"}],"version-history":[{"count":7,"href":"https:\/\/peinturessara.com\/ar\/index.php?rest_route=\/wp\/v2\/pages\/6957\/revisions"}],"predecessor-version":[{"id":8715,"href":"https:\/\/peinturessara.com\/ar\/index.php?rest_route=\/wp\/v2\/pages\/6957\/revisions\/8715"}],"wp:attachment":[{"href":"https:\/\/peinturessara.com\/ar\/index.php?rest_route=%2Fwp%2Fv2%2Fmedia&parent=6957"}],"curies":[{"name":"wp","href":"https:\/\/api.w.org\/{rel}","templated":true}]}}